{"id":35866,"date":"2026-01-31T18:50:31","date_gmt":"2026-01-31T17:50:31","guid":{"rendered":"https:\/\/tmandoutdoor.com\/produit\/partidos-de-supervivencia-del-bcb\/"},"modified":"2026-02-01T09:22:36","modified_gmt":"2026-02-01T08:22:36","slug":"partidos-de-supervivencia-del-bcb","status":"publish","type":"product","link":"https:\/\/tmandoutdoor.com\/es\/producto\/partidos-de-supervivencia-del-bcb\/","title":{"rendered":"Cerillas de supervivencia impermeables BCB &#8211; Caja resistente al viento y a la lluvia"},"content":{"rendered":"<h2 id=\"allumettes-de-survie-resistantes-aux-conditions-extremes\">F\u00f3sforos de supervivencia para condiciones extremas<\/h2>\n<p>M\u00e1s fuertes y eficaces que las cerillas normales, estas <strong>cerillas de<\/strong> supervivencia tienen una cabeza extralarga y siguen ardiendo a pesar de los fuertes vientos y la lluvia. Sumergidas a mano y barnizadas seg\u00fan normas militares, garantizan un encendido fiable incluso en condiciones dif\u00edciles. <\/p>\n<h2 id=\"conteneur-etanche-et-grattoir-integre-pour-camping-et-activites-exterieures\">Recipiente impermeable con rascador integrado para camping y actividades al aire libre<\/h2>\n<p>Las <strong>cerillas se envasan en una caja impermeable<\/strong> que las protege del agua y la humedad. El <strong>rascador incorporado en el envase<\/strong> facilita el encendido de tus fuegos en cualquier situaci\u00f3n, sin necesidad de equipo adicional. La caja compacta y ligera es ideal para acampadas, misiones al aire libre y situaciones de supervivencia en la monta\u00f1a o con mal tiempo.  <\/p>\n<h2 id=\"approuvees-par-l-otan-qualite-et-fiabilite-eprouvees\">Homologado por la OTAN: calidad y fiabilidad probadas<\/h2>\n<p>Fabricadas por <strong>BCB International<\/strong>, estas cerillas cumplen las normas militares m\u00e1s exigentes. Aprobadas por la OTAN, est\u00e1n dise\u00f1adas para ej\u00e9rcitos y profesionales que exigen una fiabilidad sin concesiones. Tanto si est\u00e1s preparando una hoguera como una misi\u00f3n t\u00e1ctica, puedes confiar en que estas duraderas cerillas arder\u00e1n con eficacia.  <\/p>\n<h2 id=\"specifications-et-contenu-du-lot\">Especificaciones y contenido de los lotes<\/h2>\n<ul>\n<li>Cerillas resistentes al viento y a la lluvia<\/li>\n<li>Cabezal extralargo para una combusti\u00f3n prolongada<\/li>\n<li>Recipiente estanco<\/li>\n<li>Rascador incorporado<\/li>\n<li>Cumple las normas de la OTAN<\/li>\n<li>Ligero y compacto<\/li>\n<li>Ideal para acampadas, supervivencia, actividades al aire libre y misiones<\/li>\n<\/ul>\n<p><\/p>\n","protected":false},"excerpt":{"rendered":"<p>Cerillas de supervivencia BCB de alta resistencia. Cabeza larga barnizada para una iluminaci\u00f3n fiable incluso con viento, lluvia y humedad. Recipiente impermeable aprobado por la OTAN.  <\/p>\n","protected":false},"featured_media":35861,"comment_status":"closed","ping_status":"closed","template":"","meta":[],"product_brand":[1343],"product_cat":[449,1926],"product_tag":[],"marque":[],"class_list":{"0":"post-35866","1":"product","2":"type-product","3":"status-publish","4":"has-post-thumbnail","6":"product_brand-bcb","7":"product_cat-accesorios-exterior","8":"product_cat-preparando-mi-mochila-de-supervivencia","10":"first","11":"instock","12":"taxable","13":"shipping-taxable","14":"purchasable","15":"product-type-simple"},"aioseo_notices":[],"_links":{"self":[{"href":"https:\/\/tmandoutdoor.com\/es\/wp-json\/wp\/v2\/product\/35866","targetHints":{"allow":["GET"]}}],"collection":[{"href":"https:\/\/tmandoutdoor.com\/es\/wp-json\/wp\/v2\/product"}],"about":[{"href":"https:\/\/tmandoutdoor.com\/es\/wp-json\/wp\/v2\/types\/product"}],"replies":[{"embeddable":true,"href":"https:\/\/tmandoutdoor.com\/es\/wp-json\/wp\/v2\/comments?post=35866"}],"wp:featuredmedia":[{"embeddable":true,"href":"https:\/\/tmandoutdoor.com\/es\/wp-json\/wp\/v2\/media\/35861"}],"wp:attachment":[{"href":"https:\/\/tmandoutdoor.com\/es\/wp-json\/wp\/v2\/media?parent=35866"}],"wp:term":[{"taxonomy":"product_brand","embeddable":true,"href":"https:\/\/tmandoutdoor.com\/es\/wp-json\/wp\/v2\/product_brand?post=35866"},{"taxonomy":"product_cat","embeddable":true,"href":"https:\/\/tmandoutdoor.com\/es\/wp-json\/wp\/v2\/product_cat?post=35866"},{"taxonomy":"product_tag","embeddable":true,"href":"https:\/\/tmandoutdoor.com\/es\/wp-json\/wp\/v2\/product_tag?post=35866"},{"taxonomy":"marque","embeddable":true,"href":"https:\/\/tmandoutdoor.com\/es\/wp-json\/wp\/v2\/marque?post=35866"}],"curies":[{"name":"wp","href":"https:\/\/api.w.org\/{rel}","templated":true}]}}