{"id":35399,"date":"2026-01-28T18:19:45","date_gmt":"2026-01-28T17:19:45","guid":{"rendered":"https:\/\/tmandoutdoor.com\/produit\/camiseta-deportiva-eminence-tech\/"},"modified":"2026-01-28T18:27:42","modified_gmt":"2026-01-28T17:27:42","slug":"camiseta-deportiva-eminence-tech","status":"publish","type":"product","link":"https:\/\/tmandoutdoor.com\/es\/producto\/camiseta-deportiva-eminence-tech\/","title":{"rendered":"Camiseta Eminence TECH+ : camiseta deportiva de secado r\u00e1pido y resistente"},"content":{"rendered":"<h2 id=\"pourquoi-choisir-le-t-shirt-eminence-tech\">\u00bfPor qu\u00e9 elegir la camiseta Eminence TECH+?<\/h2>\n<p>Hemos dise\u00f1ado esta <strong>camiseta<\/strong> t\u00e9cnica para proporcionar una comodidad absoluta en cada sesi\u00f3n. Gracias a su malla de nido de abeja 100% <strong>poli\u00e9ster<\/strong>, evacua el sudor, se seca r\u00e1pidamente y es <strong>muy resistente a la abrasi\u00f3n<\/strong>. Te mantendr\u00e1s seco y concentrado, incluso a pleno sol o en un gimnasio caluroso.  <\/p>\n<h2 id=\"benefices-cles\">Beneficios clave<\/h2>\n<ul>\n<li>Corte est\u00e1ndar y <strong>mangas cortas<\/strong> para una libertad de movimientos \u00f3ptima.<\/li>\n<li>Tejido ligero &#8220;Dry&#8221;: peso pluma, ideal para el calor; secado r\u00e1pido para una sesi\u00f3n de entrenamiento tras otra.<\/li>\n<li>Malla transpirable: gesti\u00f3n eficaz de la humedad, sensaci\u00f3n de piel seca duradera.<\/li>\n<li>Resistencia militar: dise\u00f1ado <strong>por la Armada francesa<\/strong>, por su durabilidad y fiabilidad.<\/li>\n<li>Disponible en varios colores, incluido un elegante azul marino.<\/li>\n<\/ul>\n<h2 id=\"composition-caracteristiques-techniques\">Composici\u00f3n y especificaciones t\u00e9cnicas<\/h2>\n<ol>\n<li>Composici\u00f3n: 100% poli\u00e9ster de alta tenacidad.<\/li>\n<li>Malla de nido de abeja para una ventilaci\u00f3n m\u00e1xima.<\/li>\n<li>Cuello redondo reforzado, estilo jersey vers\u00e1til.<\/li>\n<li>Tallas: de la XS a la 3XL para adaptarse a todas las formas del cuerpo.<\/li>\n<li>Ligero: sin peso extra en tu bolsa.<\/li>\n<\/ol>\n<h3 id=\"ideal-pour-quels-usages\">\u00bfIdeal para qu\u00e9 usos?<\/h3>\n<p>Tanto si corres, caminas al aire libre o realizas un entrenamiento en circuito, la <strong>camiseta Eminence<\/strong> TECH te sigue a todas partes: deporte, senderismo, misiones al aire libre, o simplemente como prenda de diario cuando la comodidad es lo primero.<\/p>\n<h3 id=\"conseils-d-entretien\">Consejos de mantenimiento<\/h3>\n<p>Lavar a m\u00e1quina a 30\u00b0C, secar al aire libre; no es necesario planchar. Esta facilidad de cuidado prolonga la vida del tejido y preserva sus prestaciones t\u00e9cnicas. <\/p>\n<p>Adopta la camiseta Eminence para un aspecto elegante y un rendimiento profesional en cada movimiento.<\/p>\n<p><\/p>\n","protected":false},"excerpt":{"rendered":"<p>Descubre la camiseta Eminence TECH+: camiseta deportiva de corte est\u00e1ndar, poli\u00e9ster alveolar, secado r\u00e1pido, mayor resistencia y \u00f3ptima libertad de movimientos, ideal para el calor.<\/p>\n","protected":false},"featured_media":35361,"comment_status":"closed","ping_status":"closed","template":"","meta":[],"product_brand":[1945],"product_cat":[448,419,239],"product_tag":[],"marque":[388],"class_list":{"0":"post-35399","1":"product","2":"type-product","3":"status-publish","4":"has-post-thumbnail","6":"product_brand-eminence-tech","7":"product_cat-alto","8":"product_cat-o-que-ha-de-novo-es","9":"product_cat-promociones","10":"marque-eminence","12":"first","13":"instock","14":"sale","15":"taxable","16":"shipping-taxable","17":"purchasable","18":"product-type-variable"},"aioseo_notices":[],"_links":{"self":[{"href":"https:\/\/tmandoutdoor.com\/es\/wp-json\/wp\/v2\/product\/35399","targetHints":{"allow":["GET"]}}],"collection":[{"href":"https:\/\/tmandoutdoor.com\/es\/wp-json\/wp\/v2\/product"}],"about":[{"href":"https:\/\/tmandoutdoor.com\/es\/wp-json\/wp\/v2\/types\/product"}],"replies":[{"embeddable":true,"href":"https:\/\/tmandoutdoor.com\/es\/wp-json\/wp\/v2\/comments?post=35399"}],"wp:featuredmedia":[{"embeddable":true,"href":"https:\/\/tmandoutdoor.com\/es\/wp-json\/wp\/v2\/media\/35361"}],"wp:attachment":[{"href":"https:\/\/tmandoutdoor.com\/es\/wp-json\/wp\/v2\/media?parent=35399"}],"wp:term":[{"taxonomy":"product_brand","embeddable":true,"href":"https:\/\/tmandoutdoor.com\/es\/wp-json\/wp\/v2\/product_brand?post=35399"},{"taxonomy":"product_cat","embeddable":true,"href":"https:\/\/tmandoutdoor.com\/es\/wp-json\/wp\/v2\/product_cat?post=35399"},{"taxonomy":"product_tag","embeddable":true,"href":"https:\/\/tmandoutdoor.com\/es\/wp-json\/wp\/v2\/product_tag?post=35399"},{"taxonomy":"marque","embeddable":true,"href":"https:\/\/tmandoutdoor.com\/es\/wp-json\/wp\/v2\/marque?post=35399"}],"curies":[{"name":"wp","href":"https:\/\/api.w.org\/{rel}","templated":true}]}}