{"id":34801,"date":"2026-01-22T11:09:52","date_gmt":"2026-01-22T10:09:52","guid":{"rendered":"https:\/\/tmandoutdoor.com\/?post_type=product&#038;p=34801"},"modified":"2026-01-22T11:39:23","modified_gmt":"2026-01-22T10:39:23","slug":"poncho-softshell-verde-outbreak-tarp-proteccion-militar-transpirable-e-hidrofuga-copie","status":"publish","type":"product","link":"https:\/\/tmandoutdoor.com\/es\/producto\/poncho-softshell-verde-outbreak-tarp-proteccion-militar-transpirable-e-hidrofuga-copie\/","title":{"rendered":"Poncho Softshell Outbreak Coyote Tarp: refugio ligero, cortaviento e hidr\u00f3fugo"},"content":{"rendered":"<h2 id=\"notre-allie-tout-terrain-un-poncho-qui-devient-tarp-en-un-clin-d-il\">Nuestro aliado todoterreno: un poncho que se convierte en lona en un abrir y cerrar de ojos<\/h2>\n<p>Este <strong>poncho<\/strong> te mantiene m\u00f3vil, seco y protegido. Su tejido de poli\u00e9ster ripstop <strong>softshell<\/strong> transpirable e hidr\u00f3fugo mantiene el agua fuera, bloquea el viento fr\u00edo y resiste las rozaduras. En la primera parada, cuatro ojales convierten el <strong>poncho<\/strong> en una s\u00f3lida lona militar: perfecta para un refugio de emergencia o un lugar seco para comer.  <\/p>\n<h2 id=\"caracteristiques-techniques-detaillees\">Especificaciones t\u00e9cnicas detalladas<\/h2>\n<ul>\n<li>Tejido: tejido de poli\u00e9ster <strong>softshell<\/strong> ripstop transpirable, tratamiento hidr\u00f3fugo duradero.<\/li>\n<li>Peso: s\u00f3lo 1,1 kg: un <strong>poncho<\/strong> <strong>ligero<\/strong> dise\u00f1ado para <strong>senderismo ligero<\/strong>.<\/li>\n<li>Dimensiones: 130 \u00d7 98 cm en plano, incluida la funda de la bolsa y el equipamiento.<\/li>\n<li>Capucha ajustable con doble cord\u00f3n, visera integrada.<\/li>\n<li>Costuras selladas, cremalleras impermeables, <strong>costuras reforzadas<\/strong> en los puntos de tensi\u00f3n.<\/li>\n<li>4 ojales de aluminio para montar la <strong>lona<\/strong> o fijarla como <strong>lona<\/strong> protectora.<\/li>\n<li>Bolsillo frontal con cremallera + almacenamiento en su propio bolsillo para un transporte compacto.<\/li>\n<li>Discreto color coyote, compatible con el camuflaje <strong>verde oliva<\/strong> y los entornos semi\u00e1ridos.<\/li>\n<\/ul>\n<h2 id=\"polyvalence-sur-le-terrain-poncho-tarp-tapis-de-sol\">Versatilidad en el campo: poncho, lona, s\u00e1bana de tierra<\/h2>\n<p>En modo <strong>poncho de<\/strong> senderismo, podemos caminar durante largos periodos sin sobrecalentarnos gracias al tejido de poli\u00e9ster <strong>softshell<\/strong> transpirable. \u00bfY cuando llueve? La prenda sigue siendo <strong>impermeable<\/strong>, por lo que el agua resbala y no satura el tejido. En el vivac, se utiliza el mismo equipo:   <\/p>\n<ol>\n<li>Instala una lona o esterilla en 60 segundos entre dos \u00e1rboles para <strong>refugiarte<\/strong> por la noche.<\/li>\n<li>S\u00e1bana de suelo o <strong>s\u00e1bana de suelo<\/strong> adicional bajo la tienda.<\/li>\n<li>Manta antiviento para puesto de observaci\u00f3n <strong>camuflado<\/strong>.<\/li>\n<li><strong>Lona<\/strong> temporal para equipos sensibles.<\/li>\n<li><strong>Lona de aventura<\/strong> minimalista en una bolsa EDC.<\/li>\n<\/ol>\n<h2 id=\"atouts-majeurs-qui-font-la-difference\">Principales activos que marcan la diferencia<\/h2>\n<ul>\n<li><strong>Poncho de lona ripstop<\/strong>: muy resistente a ramas y rocas.<\/li>\n<li><strong>Lona ultraligera<\/strong>: menos fatiga, m\u00e1s distancia recorrida.<\/li>\n<li>Color coyote + discretos reflejos <strong>verdes<\/strong>: excelente <strong>poncho de camuflaje de<\/strong> bosque o desierto.<\/li>\n<li>Dise\u00f1o ergon\u00f3mico: se mueve con el cuerpo, ideal para misiones t\u00e1cticas.<\/li>\n<li>Sistema de ojales + capucha = transici\u00f3n instant\u00e1nea de <strong>poncho<\/strong> a <strong>lona<\/strong>.<\/li>\n<\/ul>\n<h2 id=\"conseils-d-entretien-pour-une-durabilite-maximale\">Consejos de mantenimiento para una durabilidad m\u00e1xima<\/h2>\n<p>Despu\u00e9s de usarlo, sacudimos el <strong>poncho<\/strong> para quitarle el polvo y las hojas, y luego lo aclaramos con agua limpia. L\u00e1valo suavemente a 30\u00b0C sin suavizante para mantener la repelencia al agua. S\u00e9calo a la sombra, d\u00f3blalo y gu\u00e1rdalo en el bolsillo integrado: el <strong>poncho<\/strong> est\u00e1 listo para salir.  <\/p>\n<h3 id=\"en-resume\">En pocas palabras<\/h3>\n<p>El <strong>Poncho Outbreak Coyote Softshell Tarp<\/strong> combina un <strong>poncho<\/strong> militar, una lona ripstop y una <strong>s\u00e1bana<\/strong> compacta <strong>para el suelo<\/strong>. Dise\u00f1ado para <strong>senderismo ligero<\/strong>, proporciona un escudo cortavientos, un refugio r\u00e1pido y un calor minimalista. Con sus <strong>costuras reforzadas<\/strong> y su tejido de poli\u00e9ster softshell transpirable, se convierte en la pieza central de cualquier salida exigente al aire libre.  <\/p>\n<p><\/p>\n","protected":false},"excerpt":{"rendered":"<p>El Poncho Outbreak Coyote Softshell Tarp combina un poncho transpirable con una lona ultraligera: protecci\u00f3n impermeable, costuras reforzadas y montaje r\u00e1pido de la lona para senderismo, supervivencia o respuesta a emergencias.<\/p>\n","protected":false},"featured_media":34809,"comment_status":"closed","ping_status":"closed","template":"","meta":[],"product_brand":[1345],"product_cat":[448,918,234,419,1926],"product_tag":[],"marque":[],"class_list":{"0":"post-34801","1":"product","2":"type-product","3":"status-publish","4":"has-post-thumbnail","6":"product_brand-101-inc","7":"product_cat-alto","8":"product_cat-black-friday-es","9":"product_cat-outdoor-es","10":"product_cat-o-que-ha-de-novo-es","11":"product_cat-preparando-mi-mochila-de-supervivencia","13":"first","14":"instock","15":"sale","16":"taxable","17":"shipping-taxable","18":"purchasable","19":"product-type-simple"},"aioseo_notices":[],"_links":{"self":[{"href":"https:\/\/tmandoutdoor.com\/es\/wp-json\/wp\/v2\/product\/34801","targetHints":{"allow":["GET"]}}],"collection":[{"href":"https:\/\/tmandoutdoor.com\/es\/wp-json\/wp\/v2\/product"}],"about":[{"href":"https:\/\/tmandoutdoor.com\/es\/wp-json\/wp\/v2\/types\/product"}],"replies":[{"embeddable":true,"href":"https:\/\/tmandoutdoor.com\/es\/wp-json\/wp\/v2\/comments?post=34801"}],"wp:featuredmedia":[{"embeddable":true,"href":"https:\/\/tmandoutdoor.com\/es\/wp-json\/wp\/v2\/media\/34809"}],"wp:attachment":[{"href":"https:\/\/tmandoutdoor.com\/es\/wp-json\/wp\/v2\/media?parent=34801"}],"wp:term":[{"taxonomy":"product_brand","embeddable":true,"href":"https:\/\/tmandoutdoor.com\/es\/wp-json\/wp\/v2\/product_brand?post=34801"},{"taxonomy":"product_cat","embeddable":true,"href":"https:\/\/tmandoutdoor.com\/es\/wp-json\/wp\/v2\/product_cat?post=34801"},{"taxonomy":"product_tag","embeddable":true,"href":"https:\/\/tmandoutdoor.com\/es\/wp-json\/wp\/v2\/product_tag?post=34801"},{"taxonomy":"marque","embeddable":true,"href":"https:\/\/tmandoutdoor.com\/es\/wp-json\/wp\/v2\/marque?post=34801"}],"curies":[{"name":"wp","href":"https:\/\/api.w.org\/{rel}","templated":true}]}}