{"id":3458,"date":"2023-11-20T17:23:19","date_gmt":"2023-11-20T16:23:19","guid":{"rendered":"https:\/\/tmandoutdoor.com\/produit\/bolsa-de-viaje-azul-marino\/"},"modified":"2024-06-23T22:50:25","modified_gmt":"2024-06-23T20:50:25","slug":"bolsa-de-viaje-azul-marino","status":"publish","type":"product","link":"https:\/\/tmandoutdoor.com\/es\/producto\/bolsa-de-viaje-azul-marino\/","title":{"rendered":"Bolsa de viaje azul marino"},"content":{"rendered":"<p>Color: crudo<\/p>\n<p><strong>Bolsa grande :  <\/strong><\/p>\n<p>Volumen: aproximadamente 50 L<\/p>\n<p>Altura: aprox. 70 cm<\/p>\n<p>Di\u00e1metro: aprox. 30 cm<\/p>\n<p><strong>Bolsa de embalaje Modelo peque\u00f1o :<\/strong><\/p>\n<p>Volumen: aprox. 25 L<\/p>\n<p>Altura: 50 cm aproximadamente<\/p>\n<p>Di\u00e1metro: aprox. 25 cm<\/p>\n","protected":false},"excerpt":{"rendered":"<p>Reproducci\u00f3n de la legendaria bolsa de la Armada.<\/p>\n<p>Dependiendo de su tama\u00f1o, esta bolsa puede acompa\u00f1arle los fines de semana y en actividades deportivas, o en viajes o excursiones m\u00e1s largos en el caso del modelo m\u00e1s grande.<\/p>\n<p>Material: 100% algod\u00f3n<\/p>\n","protected":false},"featured_media":6324,"comment_status":"closed","ping_status":"closed","template":"","meta":[],"product_brand":[],"product_cat":[288,421],"product_tag":[],"marque":[],"class_list":{"0":"post-3458","1":"product","2":"type-product","3":"status-publish","4":"has-post-thumbnail","6":"product_cat-bolsas","7":"product_cat-saco-de-transporte","8":"product_shipping_class-standard-es","10":"first","11":"instock","12":"taxable","13":"shipping-taxable","14":"purchasable","15":"product-type-variable"},"aioseo_notices":[],"_links":{"self":[{"href":"https:\/\/tmandoutdoor.com\/es\/wp-json\/wp\/v2\/product\/3458","targetHints":{"allow":["GET"]}}],"collection":[{"href":"https:\/\/tmandoutdoor.com\/es\/wp-json\/wp\/v2\/product"}],"about":[{"href":"https:\/\/tmandoutdoor.com\/es\/wp-json\/wp\/v2\/types\/product"}],"replies":[{"embeddable":true,"href":"https:\/\/tmandoutdoor.com\/es\/wp-json\/wp\/v2\/comments?post=3458"}],"wp:featuredmedia":[{"embeddable":true,"href":"https:\/\/tmandoutdoor.com\/es\/wp-json\/wp\/v2\/media\/6324"}],"wp:attachment":[{"href":"https:\/\/tmandoutdoor.com\/es\/wp-json\/wp\/v2\/media?parent=3458"}],"wp:term":[{"taxonomy":"product_brand","embeddable":true,"href":"https:\/\/tmandoutdoor.com\/es\/wp-json\/wp\/v2\/product_brand?post=3458"},{"taxonomy":"product_cat","embeddable":true,"href":"https:\/\/tmandoutdoor.com\/es\/wp-json\/wp\/v2\/product_cat?post=3458"},{"taxonomy":"product_tag","embeddable":true,"href":"https:\/\/tmandoutdoor.com\/es\/wp-json\/wp\/v2\/product_tag?post=3458"},{"taxonomy":"marque","embeddable":true,"href":"https:\/\/tmandoutdoor.com\/es\/wp-json\/wp\/v2\/marque?post=3458"}],"curies":[{"name":"wp","href":"https:\/\/api.w.org\/{rel}","templated":true}]}}