{"id":30671,"date":"2025-12-23T17:57:10","date_gmt":"2025-12-23T16:57:10","guid":{"rendered":"https:\/\/tmandoutdoor.com\/?post_type=product&#038;p=30671"},"modified":"2025-12-23T18:01:08","modified_gmt":"2025-12-23T17:01:08","slug":"jersey-bond-the-1945-de-woolly-pully-azul-marino-copie-3","status":"publish","type":"product","link":"https:\/\/tmandoutdoor.com\/es\/producto\/jersey-bond-the-1945-de-woolly-pully-azul-marino-copie-3\/","title":{"rendered":"Jersey Bond &#8220;El 1945&#8221; de Woolly Pully (peque\u00f1o)"},"content":{"rendered":"<ul style=\"margin: 0px 0px 9px 20px;padding: 0px 0px 0px 15px;border: 0px;line-height: inherit;font-family: 'source sans pro', Arial, Helvetica, sans-serif;font-size: 13px;vertical-align: baseline;color: #666666;background-color: #ffffff\">\n<li style=\"margin: 0px;padding: 0px;border: 0px;font-style: inherit;font-variant: inherit;font-weight: inherit;line-height: inherit;font-family: inherit;vertical-align: baseline\"><strong>100% lana brit\u00e1nica<\/strong><\/li>\n<\/ul>\n<ul style=\"margin: 0px 0px 9px 20px;padding: 0px 0px 0px 15px;border: 0px;line-height: inherit;font-family: 'source sans pro', Arial, Helvetica, sans-serif;font-size: 13px;vertical-align: baseline;color: #666666;background-color: #ffffff\">\n<li style=\"margin: 0px;padding: 0px;border: 0px;font-style: inherit;font-variant: inherit;font-weight: inherit;line-height: inherit;font-family: inherit;vertical-align: baseline\">Hombros y codos reforzados.<\/li>\n<li style=\"margin: 0px;padding: 0px;border: 0px;font-style: inherit;font-variant: inherit;font-weight: inherit;line-height: inherit;font-family: inherit;vertical-align: baseline\">Reforzado en los pu\u00f1os con tejido de algod\u00f3n en espiga<\/li>\n<li style=\"margin: 0px;padding: 0px;border: 0px;font-style: inherit;font-variant: inherit;font-weight: inherit;line-height: inherit;font-family: inherit;vertical-align: baseline\">Cord\u00f3n de ajuste en el cuello para mantener el calor.<\/li>\n<\/ul>\n<p><span style=\"font-family: Roboto, RobotoDraft, Helvetica, Arial, sans-serif;font-size: 18px;background-color: #ffffff\">Gu\u00eda de tallas m\u00e1s abajo:<\/span><\/p>\n<table width=\"785\">\n<tbody>\n<tr>\n<th style=\"text-align: left\">Cintura<\/th>\n<th style=\"text-align: left\">Pecho<\/th>\n<th>Anchura de los hombros<\/th>\n<th>Longitud del cuerpo<\/th>\n<th>Longitud de la manga<\/th>\n<\/tr>\n<tr>\n<td>XS<\/td>\n<td>\n<p>32-34 pulgadas 42-44 euros 82 -86cm<\/td>\n<td>39cm<\/td>\n<td>56 cm<\/td>\n<td>51cm<\/td>\n<\/tr>\n<tr>\n<td>S<\/td>\n<td>\n<p>36-38 pulgadas 46-48 euros 92 -96cm<\/td>\n<td>41cm<\/td>\n<td>62cm<\/td>\n<td>54cm<\/td>\n<\/tr>\n<tr>\n<td>M<\/td>\n<td>\n<p>40 -42 pulgadas 50-52 euros 102 &#8211; 106 cm<\/td>\n<td>43cm<\/td>\n<td>68cm<\/td>\n<td>58 cm<\/td>\n<\/tr>\n<tr>\n<td>L<\/td>\n<td>\n<p>44-46 pulgadas 54-56 euros 112 -116 cm<\/td>\n<td>45 cm<\/td>\n<td>70 cm<\/td>\n<td>60 cm<\/td>\n<\/tr>\n<tr>\n<td>XL<\/td>\n<td>\n<p>48-50 pulgadas 58 -60 euros 122- 127 cm<\/td>\n<td>52 cm<\/td>\n<td>74 cm<\/td>\n<td>63 cm<\/td>\n<\/tr>\n<tr>\n<td>XXL<\/td>\n<td>\n<p>52-54 pulgadas 62-64 euros 132 &#8211; 137 cm<\/td>\n<td>54 cm<\/td>\n<td>76 cm<\/td>\n<td>64 cm<\/td>\n<\/tr>\n<\/tbody>\n<\/table>\n<p>&nbsp;<\/p>\n","protected":false},"excerpt":{"rendered":"<p>Un jersey de calidad, 100% lana, de corte entallado. Inspirado en el jersey utilizado por el Ej\u00e9rcito Brit\u00e1nico durante la Segunda Guerra Mundial.<strong>Lo llevaba sobre todo James Bond, el Agente Secreto de Su Majestad<\/strong>.<span style=\"font-weight: bolder;font-family: 'Open Sans', sans-serif;font-size: 15px;background-color: #ffffff\">&#8220;Woolly Pully The 1945&#8221; <\/span><span style=\"font-family: 'Open Sans', sans-serif;font-size: 15px;background-color: #ffffff\">se fabrica tradicionalmente en Gran Breta\u00f1a desde hace m\u00e1s de 70 a\u00f1os<\/span>.<\/p>\n<p style=\"text-align: center\">\n","protected":false},"featured_media":11695,"comment_status":"closed","ping_status":"closed","template":"","meta":[],"product_brand":[1863],"product_cat":[448,918,419,423],"product_tag":[],"marque":[],"class_list":{"0":"post-30671","1":"product","2":"type-product","3":"status-publish","4":"has-post-thumbnail","6":"product_brand-woolly-pully","7":"product_cat-alto","8":"product_cat-black-friday-es","9":"product_cat-o-que-ha-de-novo-es","10":"product_cat-tendencias","11":"product_shipping_class-standard-es","13":"first","14":"instock","15":"taxable","16":"shipping-taxable","17":"purchasable","18":"product-type-simple"},"aioseo_notices":[],"_links":{"self":[{"href":"https:\/\/tmandoutdoor.com\/es\/wp-json\/wp\/v2\/product\/30671","targetHints":{"allow":["GET"]}}],"collection":[{"href":"https:\/\/tmandoutdoor.com\/es\/wp-json\/wp\/v2\/product"}],"about":[{"href":"https:\/\/tmandoutdoor.com\/es\/wp-json\/wp\/v2\/types\/product"}],"replies":[{"embeddable":true,"href":"https:\/\/tmandoutdoor.com\/es\/wp-json\/wp\/v2\/comments?post=30671"}],"wp:featuredmedia":[{"embeddable":true,"href":"https:\/\/tmandoutdoor.com\/es\/wp-json\/wp\/v2\/media\/11695"}],"wp:attachment":[{"href":"https:\/\/tmandoutdoor.com\/es\/wp-json\/wp\/v2\/media?parent=30671"}],"wp:term":[{"taxonomy":"product_brand","embeddable":true,"href":"https:\/\/tmandoutdoor.com\/es\/wp-json\/wp\/v2\/product_brand?post=30671"},{"taxonomy":"product_cat","embeddable":true,"href":"https:\/\/tmandoutdoor.com\/es\/wp-json\/wp\/v2\/product_cat?post=30671"},{"taxonomy":"product_tag","embeddable":true,"href":"https:\/\/tmandoutdoor.com\/es\/wp-json\/wp\/v2\/product_tag?post=30671"},{"taxonomy":"marque","embeddable":true,"href":"https:\/\/tmandoutdoor.com\/es\/wp-json\/wp\/v2\/marque?post=30671"}],"curies":[{"name":"wp","href":"https:\/\/api.w.org\/{rel}","templated":true}]}}