{"id":28067,"date":"2025-10-14T16:41:13","date_gmt":"2025-10-14T14:41:13","guid":{"rendered":"https:\/\/tmandoutdoor.com\/produit\/pantalones-del-ejercito-frances\/"},"modified":"2025-10-14T16:41:13","modified_gmt":"2025-10-14T14:41:13","slug":"pantalones-del-ejercito-frances","status":"publish","type":"product","link":"https:\/\/tmandoutdoor.com\/es\/producto\/pantalones-del-ejercito-frances\/","title":{"rendered":"Pantalones del ej\u00e9rcito franc\u00e9s"},"content":{"rendered":"","protected":false},"excerpt":{"rendered":"<p>Aut\u00e9nticos pantalones del Ej\u00e9rcito Franc\u00e9s.<\/p>\n<p>Composici\u00f3n: 100% algod\u00f3n cepillado<\/p>\n<p>Estado: nuevo<\/p>\n","protected":false},"featured_media":28065,"comment_status":"closed","ping_status":"closed","template":"","meta":[],"product_brand":[],"product_cat":[424,419,1814,239],"product_tag":[],"marque":[],"class_list":{"0":"post-28067","1":"product","2":"type-product","3":"status-publish","4":"has-post-thumbnail","6":"product_cat-abaixo","7":"product_cat-o-que-ha-de-novo-es","8":"product_cat-originales","9":"product_cat-promociones","11":"first","12":"instock","13":"taxable","14":"shipping-taxable","15":"purchasable","16":"product-type-variable"},"aioseo_notices":[],"_links":{"self":[{"href":"https:\/\/tmandoutdoor.com\/es\/wp-json\/wp\/v2\/product\/28067","targetHints":{"allow":["GET"]}}],"collection":[{"href":"https:\/\/tmandoutdoor.com\/es\/wp-json\/wp\/v2\/product"}],"about":[{"href":"https:\/\/tmandoutdoor.com\/es\/wp-json\/wp\/v2\/types\/product"}],"replies":[{"embeddable":true,"href":"https:\/\/tmandoutdoor.com\/es\/wp-json\/wp\/v2\/comments?post=28067"}],"wp:featuredmedia":[{"embeddable":true,"href":"https:\/\/tmandoutdoor.com\/es\/wp-json\/wp\/v2\/media\/28065"}],"wp:attachment":[{"href":"https:\/\/tmandoutdoor.com\/es\/wp-json\/wp\/v2\/media?parent=28067"}],"wp:term":[{"taxonomy":"product_brand","embeddable":true,"href":"https:\/\/tmandoutdoor.com\/es\/wp-json\/wp\/v2\/product_brand?post=28067"},{"taxonomy":"product_cat","embeddable":true,"href":"https:\/\/tmandoutdoor.com\/es\/wp-json\/wp\/v2\/product_cat?post=28067"},{"taxonomy":"product_tag","embeddable":true,"href":"https:\/\/tmandoutdoor.com\/es\/wp-json\/wp\/v2\/product_tag?post=28067"},{"taxonomy":"marque","embeddable":true,"href":"https:\/\/tmandoutdoor.com\/es\/wp-json\/wp\/v2\/marque?post=28067"}],"curies":[{"name":"wp","href":"https:\/\/api.w.org\/{rel}","templated":true}]}}