{"id":27892,"date":"2025-10-11T17:20:01","date_gmt":"2025-10-11T15:20:01","guid":{"rendered":"https:\/\/tmandoutdoor.com\/?post_type=product&#038;p=27892"},"modified":"2026-02-02T16:45:03","modified_gmt":"2026-02-02T15:45:03","slug":"zapatos-haix-clima-templado-ejercito-frances-copie","status":"publish","type":"product","link":"https:\/\/tmandoutdoor.com\/es\/producto\/zapatos-haix-clima-templado-ejercito-frances-copie\/","title":{"rendered":"Zapatos HAIX Nepal Pro: rangers militares impermeables para climas templados"},"content":{"rendered":"<p>La <strong>HAIX Nepal Pro<\/strong> es una bota de campa\u00f1a para climas templados del Ej\u00e9rcito Franc\u00e9s, ideal para senderismo y salidas al aire libre.<\/p>\n<p>Dise\u00f1ado para los profesionales de los sectores t\u00e1ctico y militar, este calzado combina robustez, comodidad y rendimiento en todos los terrenos.<\/p>\n<ul>\n<li>Parte textil con <strong>forro impermeable Gore-Tex<\/strong> para una transpirabilidad \u00f3ptima<\/li>\n<li>Lazada r\u00e1pida facilitada por los ganchos y las bolas en el interior de los ojales<\/li>\n<li>Dise\u00f1o asim\u00e9trico optimizado para uso militar<\/li>\n<li>Protecci\u00f3n reforzada de los mal\u00e9olos<\/li>\n<li>Entresuela de nailon (estabilizadora)<\/li>\n<li><strong>Suela Vibram antideslizante<\/strong><\/li>\n<li>Espuma de confort con memoria integrada<\/li>\n<li>Dos opciones de plantilla para climas templados o fr\u00edos<\/li>\n<li>Ligero y robusto para misiones t\u00e1cticas prolongadas<\/li>\n<\/ul>\n<h2 id=\"impermeable-grace-a-la-membrane-gore-tex\">Impermeable gracias a la membrana Gore-Tex<\/h2>\n<p>Tus pies se mantienen secos y sanos en todo momento: el Nepal Pro est\u00e1 equipado con un <strong>forro Gore-Tex impermeable de tres capas<\/strong> altamente transpirable. Fabricado con piel gruesa de alta calidad, este calzado militar garantiza una protecci\u00f3n total contra la humedad, al tiempo que mantiene una transpirabilidad \u00f3ptima. <\/p>\n<h2 id=\"protection-des-pieds-renforcee-pour-la-marche-tactique-et-militaire\">Protecci\u00f3n reforzada del pie para la marcha t\u00e1ctica y militar<\/h2>\n<p>Protecci\u00f3n extra esencial para tus pies: los protectores de tobillo de seguridad de tu Nepal Pro te protegen de lesiones al caminar por terrenos accidentados, ideales para guardas militares y uso profesional prolongado.<\/p>\n<h2 id=\"semelle-antiderapante-pour-tous-les-terrains\">Suela antideslizante para todo tipo de terrenos<\/h2>\n<p>Con las Nepal Pro, te mantendr\u00e1s estable en cualquier situaci\u00f3n. Gracias a su compuesto especial de caucho y a su innovadora estructura, la suela ofrece una resistencia al deslizamiento y un agarre excepcionalmente altos en una amplia gama de terrenos. <\/p>\n<h2 id=\"semelle-vibram-antiderapante-grip-optimal-sur-tous-les-terrains\">Suela Vibram antideslizante para un agarre \u00f3ptimo en todo tipo de terrenos<\/h2>\n<p>Te mantendr\u00e1s estable en terrenos intransitables gracias a la <strong>suela Vibram antideslizante<\/strong> del Nepal Pro. Su \u00f3ptimo compuesto de caucho es especialmente antideslizante y proporciona una estabilidad y rigidez excepcionales para operaciones de combate o t\u00e1cticas. <\/p>\n<h2 id=\"confort-de-marche-avec-l-amortissement-haix\">Comodidad al caminar con amortiguaci\u00f3n HAIX<\/h2>\n<p>Te sentir\u00e1s c\u00f3modo llev\u00e1ndolos, incluso cuando est\u00e9s en movimiento durante horas y horas. La cu\u00f1a amortiguadora integrada<strong>absorbe<\/strong> cada paso con<strong>la innovadora absorci\u00f3n HAIX<\/strong>, garantizando comodidad y rendimiento incluso durante largas jornadas de uso t\u00e1ctico. <\/p>\n<h2 id=\"chaussure-respirante-et-impermeable-respiration-optimale\">Calzado transpirable e impermeable: transpirabilidad \u00f3ptima<\/h2>\n<p>Tus pies pueden respirar en las Nepal Pro gracias al innovador sistema de espuma especial: el aire circula libremente y la humedad escapa de forma eficaz. El <strong>Sistema Clim\u00e1tico funciona como un sistema de aire acondicionado<\/strong> integrado, garantizando una transpirabilidad \u00f3ptima y un confort t\u00e9rmico constante. <\/p>\n<h2 id=\"maintien-optimal-du-pied-avec-lacage-a-deux-zones-innovant\">\u00d3ptima sujeci\u00f3n del pie gracias a la innovadora lazada de dos zonas<\/h2>\n<p>Las Nepal Pro se adaptan perfectamente a la forma de tu pie, tanto en el empeine como en la parte superior. El innovador sistema <strong>de lazada de 2 zonas<\/strong> proporciona una sujeci\u00f3n segura y ajustable para cada pie, esencial para la marcha t\u00e1ctica. <\/p>\n<h2 id=\"coupe-parfaite-et-confort-adapte-a-votre-pied\">Ajuste perfecto y comodidad adaptada a tus pies<\/h2>\n<p>Gracias a sus correas especialmente desarrolladas, tus HAIX Nepal Pro se adaptan a la morfolog\u00eda \u00fanica de tu pie y garantizan la m\u00e1xima comodidad de uso, talla tras talla. C\u00f3modos y robustos, estos guardapolvos militares ofrecen una experiencia de uso personalizada. <\/p>\n<p>&nbsp;<\/p>\n<div class=\"text-center col-6 col-sm-4 col-md-3 col-lg-2 cms-block-sensus-pl-feature-icons-icon-col\">\n<div><img decoding=\"async\" class=\"img-fluid mb-3 cms-block-sensus-pl-feature-icons-icon entered lazyloaded\" title=\"Gore-Tex\" src=\"https:\/\/www.haix.fr\/media\/01\/6a\/9d\/1722410842\/goretexmzljal7lzg7xx.svg?ts=1751885811\" alt=\"Gore-Tex\" data-lazy-src=\"https:\/\/www.haix.fr\/media\/01\/6a\/9d\/1722410842\/goretexmzljal7lzg7xx.svg?ts=1751885811\" data-ll-status=\"loaded\"><\/div>\n<div class=\"fw-bold text-secondary\">Estanqueidad duradera<\/div>\n<\/div>\n<div class=\"text-center col-6 col-sm-4 col-md-3 col-lg-2 cms-block-sensus-pl-feature-icons-icon-col\">\n<div><img decoding=\"async\" class=\"img-fluid mb-3 cms-block-sensus-pl-feature-icons-icon entered lazyloaded\" title=\"icon_sole-absobtion\" src=\"https:\/\/www.haix.fr\/media\/8f\/38\/7a\/1722410787\/absorptionyce7mfczzriwc.svg?ts=1751979414\" alt=\"icon_sole-absobtion\" data-lazy-src=\"https:\/\/www.haix.fr\/media\/8f\/38\/7a\/1722410787\/absorptionyce7mfczzriwc.svg?ts=1751979414\" data-ll-status=\"loaded\"><\/div>\n<div class=\"fw-bold text-secondary\">Aliviar el impacto de la depreciaci\u00f3n<\/div>\n<\/div>\n<div class=\"text-center col-6 col-sm-4 col-md-3 col-lg-2 cms-block-sensus-pl-feature-icons-icon-col\">\n<div><img decoding=\"async\" class=\"img-fluid mb-3 cms-block-sensus-pl-feature-icons-icon entered lazyloaded\" title=\"Antideslizante\" src=\"https:\/\/www.haix.fr\/media\/d4\/86\/ce\/1722410807\/haix-anti-slip01910.svg?ts=1751888278\" alt=\"Antideslizante\" data-lazy-src=\"https:\/\/www.haix.fr\/media\/d4\/86\/ce\/1722410807\/haix-anti-slip01910.svg?ts=1751888278\" data-ll-status=\"loaded\"><\/div>\n<div class=\"fw-bold text-secondary\">Especialmente antideslizante<\/div>\n<\/div>\n<div class=\"text-center col-6 col-sm-4 col-md-3 col-lg-2 cms-block-sensus-pl-feature-icons-icon-col\">\n<div><img decoding=\"async\" class=\"img-fluid mb-3 cms-block-sensus-pl-feature-icons-icon entered lazyloaded\" title=\"Sistema clim\u00e1tico\" src=\"https:\/\/www.haix.fr\/media\/18\/93\/3c\/1722410804\/climate-systemdon5liuhqpars.svg?ts=1751884217\" alt=\"Sistema clim\u00e1tico\" data-lazy-src=\"https:\/\/www.haix.fr\/media\/18\/93\/3c\/1722410804\/climate-systemdon5liuhqpars.svg?ts=1751884217\" data-ll-status=\"loaded\"><\/div>\n<div class=\"fw-bold text-secondary\">Transpirable<\/div>\n<\/div>\n<div class=\"text-center col-6 col-sm-4 col-md-3 col-lg-2 cms-block-sensus-pl-feature-icons-icon-col\">\n<div><img decoding=\"async\" class=\"img-fluid mb-3 cms-block-sensus-pl-feature-icons-icon entered lazyloaded\" title=\"resoleable\" src=\"https:\/\/www.haix.fr\/media\/66\/25\/4a\/1722410797\/resoleable01910.svg?ts=1751980835\" alt=\"resoleable\" data-lazy-src=\"https:\/\/www.haix.fr\/media\/66\/25\/4a\/1722410797\/resoleable01910.svg?ts=1751980835\" data-ll-status=\"loaded\"><\/div>\n<div class=\"fw-bold text-secondary\">Resellable<\/div>\n<\/div>\n<div class=\"text-center col-6 col-sm-4 col-md-3 col-lg-2 cms-block-sensus-pl-feature-icons-icon-col\">\n<div><img decoding=\"async\" class=\"img-fluid mb-3 cms-block-sensus-pl-feature-icons-icon entered lazyloaded\" title=\"made_in_europe\" src=\"https:\/\/www.haix.fr\/media\/8f\/49\/a9\/1742203736\/mie_blue.svg?ts=1751980676\" alt=\"made_in_europe\" data-lazy-src=\"https:\/\/www.haix.fr\/media\/8f\/49\/a9\/1742203736\/mie_blue.svg?ts=1751980676\" data-ll-status=\"loaded\"><\/div>\n<div class=\"fw-bold text-secondary\">Fabricado en Europa<\/div>\n<\/div>\n<p>&nbsp;<\/p>\n","protected":false},"excerpt":{"rendered":"<p>HAIX Nepal Pro Rangers: calzado t\u00e1ctico militar Gore-Tex impermeable para el Ej\u00e9rcito Franc\u00e9s. Suelas Vibram antideslizantes, c\u00f3modas para caminar y hacer senderismo. <\/p>\n","protected":false},"featured_media":30297,"comment_status":"closed","ping_status":"closed","template":"","meta":[],"product_brand":[1188],"product_cat":[419,239,423,211],"product_tag":[],"marque":[],"class_list":{"0":"post-27892","1":"product","2":"type-product","3":"status-publish","4":"has-post-thumbnail","6":"product_brand-haix","7":"product_cat-o-que-ha-de-novo-es","8":"product_cat-promociones","9":"product_cat-tendencias","10":"product_cat-zapatos-marbot-compagnie","12":"first","13":"instock","14":"sale","15":"taxable","16":"shipping-taxable","17":"purchasable","18":"product-type-variable","19":"has-default-attributes"},"aioseo_notices":[],"_links":{"self":[{"href":"https:\/\/tmandoutdoor.com\/es\/wp-json\/wp\/v2\/product\/27892","targetHints":{"allow":["GET"]}}],"collection":[{"href":"https:\/\/tmandoutdoor.com\/es\/wp-json\/wp\/v2\/product"}],"about":[{"href":"https:\/\/tmandoutdoor.com\/es\/wp-json\/wp\/v2\/types\/product"}],"replies":[{"embeddable":true,"href":"https:\/\/tmandoutdoor.com\/es\/wp-json\/wp\/v2\/comments?post=27892"}],"wp:featuredmedia":[{"embeddable":true,"href":"https:\/\/tmandoutdoor.com\/es\/wp-json\/wp\/v2\/media\/30297"}],"wp:attachment":[{"href":"https:\/\/tmandoutdoor.com\/es\/wp-json\/wp\/v2\/media?parent=27892"}],"wp:term":[{"taxonomy":"product_brand","embeddable":true,"href":"https:\/\/tmandoutdoor.com\/es\/wp-json\/wp\/v2\/product_brand?post=27892"},{"taxonomy":"product_cat","embeddable":true,"href":"https:\/\/tmandoutdoor.com\/es\/wp-json\/wp\/v2\/product_cat?post=27892"},{"taxonomy":"product_tag","embeddable":true,"href":"https:\/\/tmandoutdoor.com\/es\/wp-json\/wp\/v2\/product_tag?post=27892"},{"taxonomy":"marque","embeddable":true,"href":"https:\/\/tmandoutdoor.com\/es\/wp-json\/wp\/v2\/marque?post=27892"}],"curies":[{"name":"wp","href":"https:\/\/api.w.org\/{rel}","templated":true}]}}