{"id":27082,"date":"2025-09-11T22:20:00","date_gmt":"2025-09-11T20:20:00","guid":{"rendered":"https:\/\/tmandoutdoor.com\/produit\/chaqueta-de-piloto-ma-1-nino\/"},"modified":"2026-02-21T16:22:28","modified_gmt":"2026-02-21T15:22:28","slug":"chaqueta-de-piloto-ma-1-nino","status":"publish","type":"product","link":"https:\/\/tmandoutdoor.com\/es\/producto\/chaqueta-de-piloto-ma-1-nino\/","title":{"rendered":"Cazadora de aviador para ni\u00f1os MA-1 &#8211; Piloto estilo bombardero"},"content":{"rendered":"<p>Una aut\u00e9ntica <strong>cazadora de aviador<\/strong> para ni\u00f1os que combina el aut\u00e9ntico estilo vintage con la comodidad. Esta cazadora para ni\u00f1os de la colecci\u00f3n bomber tiene un dise\u00f1o <strong>robusto y pr\u00e1ctico<\/strong>. <\/p>\n<h2 id=\"caracteristiques-du-blouson-aviateur-enfant\">Caracter\u00edsticas de la cazadora de aviador para ni\u00f1os<\/h2>\n<ul>\n<li>2 pr\u00e1cticos bolsillos con bot\u00f3n a presi\u00f3n para guardar tus pertenencias<\/li>\n<li>1 <strong>bolsillo con cremallera<\/strong> en la manga para mayor comodidad<\/li>\n<\/ul>\n<p><strong>Composici\u00f3n:<\/strong> 100% nailon sint\u00e9tico, robusto e impermeable.<\/p>\n<h2 id=\"style-et-design-du-blouson-bomber-enfant\">Estilo y dise\u00f1o de las cazadoras bomber para ni\u00f1os<\/h2>\n<p>Inspirada en la historia de la aviaci\u00f3n, esta chaqueta para ni\u00f1os tiene todas las caracter\u00edsticas de la ropa de piloto. Disponible en varios colores, seguro que se adapta a todos los estilos. <\/p>\n<p><\/p>\n","protected":false},"excerpt":{"rendered":"<p>Cazadora de aviador para ni\u00f1os MA-1: c\u00e1lida y resistente estilo bombardero de piloto. Bolsillos con cremallera, nylon impermeable y materiales sint\u00e9ticos de calidad para ni\u00f1os peque\u00f1os. <\/p>\n","protected":false},"featured_media":27077,"comment_status":"closed","ping_status":"closed","template":"","meta":[],"product_brand":[],"product_cat":[1886,419,423],"product_tag":[],"marque":[],"class_list":{"0":"post-27082","1":"product","2":"type-product","3":"status-publish","4":"has-post-thumbnail","6":"product_cat-nino","7":"product_cat-o-que-ha-de-novo-es","8":"product_cat-tendencias","10":"first","11":"instock","12":"taxable","13":"shipping-taxable","14":"purchasable","15":"product-type-variable"},"aioseo_notices":[],"_links":{"self":[{"href":"https:\/\/tmandoutdoor.com\/es\/wp-json\/wp\/v2\/product\/27082","targetHints":{"allow":["GET"]}}],"collection":[{"href":"https:\/\/tmandoutdoor.com\/es\/wp-json\/wp\/v2\/product"}],"about":[{"href":"https:\/\/tmandoutdoor.com\/es\/wp-json\/wp\/v2\/types\/product"}],"replies":[{"embeddable":true,"href":"https:\/\/tmandoutdoor.com\/es\/wp-json\/wp\/v2\/comments?post=27082"}],"wp:featuredmedia":[{"embeddable":true,"href":"https:\/\/tmandoutdoor.com\/es\/wp-json\/wp\/v2\/media\/27077"}],"wp:attachment":[{"href":"https:\/\/tmandoutdoor.com\/es\/wp-json\/wp\/v2\/media?parent=27082"}],"wp:term":[{"taxonomy":"product_brand","embeddable":true,"href":"https:\/\/tmandoutdoor.com\/es\/wp-json\/wp\/v2\/product_brand?post=27082"},{"taxonomy":"product_cat","embeddable":true,"href":"https:\/\/tmandoutdoor.com\/es\/wp-json\/wp\/v2\/product_cat?post=27082"},{"taxonomy":"product_tag","embeddable":true,"href":"https:\/\/tmandoutdoor.com\/es\/wp-json\/wp\/v2\/product_tag?post=27082"},{"taxonomy":"marque","embeddable":true,"href":"https:\/\/tmandoutdoor.com\/es\/wp-json\/wp\/v2\/marque?post=27082"}],"curies":[{"name":"wp","href":"https:\/\/api.w.org\/{rel}","templated":true}]}}