{"id":26129,"date":"2025-08-01T10:41:20","date_gmt":"2025-08-01T08:41:20","guid":{"rendered":"https:\/\/tmandoutdoor.com\/produit\/bolsa-medica-pequena-tf-2215\/"},"modified":"2026-01-27T18:13:26","modified_gmt":"2026-01-27T17:13:26","slug":"bolsa-medica-pequena-tf-2215","status":"publish","type":"product","link":"https:\/\/tmandoutdoor.com\/es\/producto\/bolsa-medica-pequena-tf-2215\/","title":{"rendered":"TF-2215 Bolsa m\u00e9dica peque\u00f1a: bolsa compacta de primeros auxilios"},"content":{"rendered":"<h2 id=\"poche-de-secours-prete-a-l-action\">Bolsillo de emergencia listo para la acci\u00f3n<\/h2>\n<p>Con su tama\u00f1o <strong>compacto<\/strong>, este  <strong>La peque\u00f1a bolsa m\u00e9dica TF-2215 se acopla a tu equipo mediante el sistema MOLLE y permanece discreta hasta el momento cr\u00edtico. La bolsa se desmonta en caso de emergencia para acceder r\u00e1pidamente a todo tu equipo m\u00e9dico. <\/strong><\/p>\n<h2 id=\"ouverture-complete-et-manipulation-intuitive\"><strong>Apertura total y manejo intuitivo<\/strong><\/h2>\n<p><strong>La apertura completa te permite colocar la bolsa en posici\u00f3n horizontal, transformando al instante el interior en un botiqu\u00edn bien organizado. Puedes ver inmediatamente torniquetes, ap\u00f3sitos o cualquier otro equipo, sin perder tiempo. <\/strong><\/p>\n<h3 id=\"systeme-de-degraffage-securise\"><strong>Sistema desengrasante seguro<\/strong><\/h3>\n<p><strong>Un sistema de cierre r\u00e1pido con velcro garantiza que la bolsa se abre r\u00e1pidamente, pero permanece completamente segura cuando est\u00e1s en movimiento. Este sistema, combinado con el velcro externo, garantiza que la bolsa permanezca estable, y luego se libera con un solo tir\u00f3n. <\/strong><\/p>\n<h3 id=\"caracteristiques-cles\"><strong>Caracter\u00edsticas principales<\/strong><\/h3>\n<ul>\n<li><strong>Sistema MOLLE universal para bolsa, chaleco o cintur\u00f3n<\/strong><\/li>\n<li><strong>Tejido Cordura 500D resistente al desgarro y a la abrasi\u00f3n<\/strong><\/li>\n<li><strong>Sistema de liberaci\u00f3n r\u00e1pida para un desmontaje intuitivo<\/strong><\/li>\n<li><strong>Dimensiones dise\u00f1adas para almacenar torniquetes, compresas y botiquines de primeros auxilios<\/strong><\/li>\n<li><strong>Interior compartimentado: cada bolsillo interior mantiene el equipamiento en su sitio<\/strong><\/li>\n<\/ul>\n<h3 id=\"pourquoi-l-adopter\"><strong>\u00bfPor qu\u00e9 adoptarlo?<\/strong><\/h3>\n<ol>\n<li><strong>Perfecto para enfermeros de campo, guardias de seguridad o entusiastas de las actividades al aire libre.<\/strong><\/li>\n<li><strong>Mantiene tus cuidados en orden, preparados para cualquier emergencia.<\/strong><\/li>\n<li><strong>Contiene uno o dos torniquetes, guantes de nitrilo y un peque\u00f1o botiqu\u00edn de primeros auxilios.<\/strong><\/li>\n<\/ol>\n<p><strong>Tanto si est\u00e1s en una misi\u00f3n, de excursi\u00f3n o en un campo de tiro, esta bolsa m\u00e9dica TF-2215 se convertir\u00e1 r\u00e1pidamente en tu aliada indispensable, siempre lista para ayudar en caso de emergencia.<\/strong><\/p>\n<p><\/p>\n","protected":false},"excerpt":{"rendered":"<p>La Bolsa M\u00e9dica Peque\u00f1a TF-2215 es un kit compacto y seguro que se desmonta en caso de emergencia para proporcionar un acceso r\u00e1pido a la asistencia m\u00e9dica, torniquetes y equipo de primeros auxilios durante tus actividades al aire libre.<\/p>\n","protected":false},"featured_media":26078,"comment_status":"closed","ping_status":"closed","template":"","meta":[],"product_brand":[1346],"product_cat":[1206,419],"product_tag":[],"marque":[],"class_list":{"0":"post-26129","1":"product","2":"type-product","3":"status-publish","4":"has-post-thumbnail","6":"product_brand-task-force-2215","7":"product_cat-equipo-tactico","8":"product_cat-o-que-ha-de-novo-es","9":"product_shipping_class-standard-es","11":"first","12":"instock","13":"taxable","14":"shipping-taxable","15":"purchasable","16":"product-type-variable","17":"has-default-attributes"},"aioseo_notices":[],"_links":{"self":[{"href":"https:\/\/tmandoutdoor.com\/es\/wp-json\/wp\/v2\/product\/26129","targetHints":{"allow":["GET"]}}],"collection":[{"href":"https:\/\/tmandoutdoor.com\/es\/wp-json\/wp\/v2\/product"}],"about":[{"href":"https:\/\/tmandoutdoor.com\/es\/wp-json\/wp\/v2\/types\/product"}],"replies":[{"embeddable":true,"href":"https:\/\/tmandoutdoor.com\/es\/wp-json\/wp\/v2\/comments?post=26129"}],"wp:featuredmedia":[{"embeddable":true,"href":"https:\/\/tmandoutdoor.com\/es\/wp-json\/wp\/v2\/media\/26078"}],"wp:attachment":[{"href":"https:\/\/tmandoutdoor.com\/es\/wp-json\/wp\/v2\/media?parent=26129"}],"wp:term":[{"taxonomy":"product_brand","embeddable":true,"href":"https:\/\/tmandoutdoor.com\/es\/wp-json\/wp\/v2\/product_brand?post=26129"},{"taxonomy":"product_cat","embeddable":true,"href":"https:\/\/tmandoutdoor.com\/es\/wp-json\/wp\/v2\/product_cat?post=26129"},{"taxonomy":"product_tag","embeddable":true,"href":"https:\/\/tmandoutdoor.com\/es\/wp-json\/wp\/v2\/product_tag?post=26129"},{"taxonomy":"marque","embeddable":true,"href":"https:\/\/tmandoutdoor.com\/es\/wp-json\/wp\/v2\/marque?post=26129"}],"curies":[{"name":"wp","href":"https:\/\/api.w.org\/{rel}","templated":true}]}}