{"id":25823,"date":"2025-07-25T16:52:03","date_gmt":"2025-07-25T14:52:03","guid":{"rendered":"https:\/\/tmandoutdoor.com\/produit\/machete-tramontina-36-cm-de-hoja-mango-de-madera-26620-014\/"},"modified":"2025-07-25T16:52:03","modified_gmt":"2025-07-25T14:52:03","slug":"machete-tramontina-36-cm-de-hoja-mango-de-madera-26620-014","status":"publish","type":"product","link":"https:\/\/tmandoutdoor.com\/es\/producto\/machete-tramontina-36-cm-de-hoja-mango-de-madera-26620-014\/","title":{"rendered":"Machete Tramontina, 36 cm de hoja, mango de madera (26620-014)"},"content":{"rendered":"<p>Elijas el que elijas, los machetes <strong>Tramontina<\/strong> est\u00e1n dise\u00f1ados para un equilibrio \u00f3ptimo, garantizando un manejo preciso y un control total durante tus actividades. Elige el machete Tramontina por su combinaci\u00f3n \u00fanica de fuerza, precisi\u00f3n y durabilidad. Ya sea en la naturaleza o en tu jard\u00edn, estos machetes son los compa\u00f1eros ideales para acompa\u00f1arte en todas tus aventuras al aire libre. Afronta cada desaf\u00edo con confianza gracias a la calidad excepcional de los machetes Tramontina.   <\/p>\n<section class=\"elementor-element elementor-element-f481b89 elementor-section-boxed elementor-section-height-default elementor-section-height-default elementor-section elementor-top-section\" data-id=\"f481b89\" data-element_type=\"section\">\n<div class=\"elementor-container elementor-column-gap-default\">\n<div class=\"elementor-row\">\n<div class=\"elementor-element elementor-element-841fa89 elementor-column elementor-col-50 elementor-top-column\" data-id=\"841fa89\" data-element_type=\"column\">\n<div class=\"elementor-column-wrap elementor-element-populated\">\n<div class=\"elementor-widget-wrap\">\n<div class=\"elementor-element elementor-element-96c845b elementor-widget elementor-widget-product-features elementor-widget-heading\" data-id=\"96c845b\" data-element_type=\"widget\" data-widget_type=\"product-features.default\">\n<div class=\"elementor-widget-container\">\n<table class=\"ce-product-features\">\n<tbody>\n<tr class=\"ce-product-features__row\">\n<th class=\"ce-product-features__label\">Pa\u00eds de fabricaci\u00f3n<\/th>\n<td class=\"ce-product-features__value\">Brasil<\/td>\n<\/tr>\n<tr class=\"ce-product-features__row\">\n<th class=\"ce-product-features__label\">Color<\/th>\n<td class=\"ce-product-features__value\">Marr\u00f3n<\/td>\n<\/tr>\n<tr class=\"ce-product-features__row\">\n<th class=\"ce-product-features__label\">Material del mango<\/th>\n<td class=\"ce-product-features__value\">Madera<\/td>\n<\/tr>\n<tr class=\"ce-product-features__row\">\n<th class=\"ce-product-features__label\">Material de la hoja<\/th>\n<td class=\"ce-product-features__value\">Acero al carbono<\/td>\n<\/tr>\n<tr class=\"ce-product-features__row\">\n<th class=\"ce-product-features__label\">Longitud de la hoja (cm)<\/th>\n<td class=\"ce-product-features__value\">36<\/td>\n<\/tr>\n<tr class=\"ce-product-features__row\">\n<th class=\"ce-product-features__label\">Funda protectora<\/th>\n<td class=\"ce-product-features__value\">No<\/td>\n<\/tr>\n<tr class=\"ce-product-features__row\">\n<th class=\"ce-product-features__label\">Longitud (cm)<\/th>\n<td class=\"ce-product-features__value\">47.90<\/td>\n<\/tr>\n<tr class=\"ce-product-features__row\">\n<th class=\"ce-product-features__label\">Anchura (cm)<\/th>\n<td class=\"ce-product-features__value\">6<\/td>\n<\/tr>\n<tr class=\"ce-product-features__row\">\n<th class=\"ce-product-features__label\">Altura (cm)<\/th>\n<td class=\"ce-product-features__value\">2.30<\/td>\n<\/tr>\n<tr class=\"ce-product-features__row\">\n<th class=\"ce-product-features__label\">Tipo de acero<\/th>\n<td class=\"ce-product-features__value\">Acero al carbono<\/td>\n<\/tr>\n<tr class=\"ce-product-features__row\">\n<th class=\"ce-product-features__label\">Destacado 1<\/th>\n<td class=\"ce-product-features__value\">(Afilado) &#8211; Nuestros machetes de acero al carbono tienen hojas afiladas y duraderas, listas para cualquier tarea. La calidad superior del acero garantiza un corte limpio y preciso. <\/td>\n<\/tr>\n<tr class=\"ce-product-features__row\">\n<th class=\"ce-product-features__label\">Destacado 2<\/th>\n<td class=\"ce-product-features__value\">(Aut\u00e9ntico) &#8211; Descubre la esencia r\u00fastica con nuestros machetes. Con sus mangos de madera aut\u00e9ntica, estos machetes ofrecen un agarre resistente y un encanto natural. <\/td>\n<\/tr>\n<tr class=\"ce-product-features__row\">\n<th class=\"ce-product-features__label\">Destacado 3<\/th>\n<td class=\"ce-product-features__value\">(Robusto) &#8211; Los machetes con cuchillas de acero templado garantizan un afilado excepcional para una gran variedad de tareas al aire libre. Robustas y duraderas, estas cuchillas resisten el desgaste y proporcionan un corte preciso y eficaz. <\/td>\n<\/tr>\n<tr class=\"ce-product-features__row\">\n<th class=\"ce-product-features__label\">Destacado 4<\/th>\n<td class=\"ce-product-features__value\">(Pr\u00e1ctico) &#8211; Nuestros machetes se suministran con un protector de transporte, que a\u00f1ade una dimensi\u00f3n de seguridad y comodidad.<\/td>\n<\/tr>\n<tr class=\"ce-product-features__row\">\n<th class=\"ce-product-features__label\">Material del metro<\/th>\n<td class=\"ce-product-features__value\">Acero inoxidable<\/td>\n<\/tr>\n<\/tbody>\n<\/table>\n<\/div>\n<\/div>\n<\/div>\n<\/div>\n<\/div>\n<div class=\"elementor-element elementor-element-9a20e7a elementor-column elementor-col-50 elementor-top-column\" data-id=\"9a20e7a\" data-element_type=\"column\">\n<div class=\"elementor-column-wrap elementor-element-populated\">\n<div class=\"elementor-widget-wrap\">\n<div class=\"elementor-element elementor-element-df16866 elementor-skin-slideshow elementor-position-bottom elementor-arrows-yes elementor-widget elementor-widget-product-images\" data-id=\"df16866\" data-element_type=\"widget\" data-settings=\"{\"effect\":\"fade\",\"skin\":\"slideshow\",\"position\":\"bottom\",\"show_arrows\":\"yes\",\"speed\":500,\"thumb_space_between\":{\"unit\":\"px\",\"size\":10,\"sizes\":[]},\"thumb_space_between_tablet\":{\"unit\":\"px\",\"size\":\"\",\"sizes\":[]},\"thumb_space_between_mobile\":{\"unit\":\"px\",\"size\":\"\",\"sizes\":[]}}\" data-widget_type=\"product-images.default\">\n<div class=\"elementor-widget-container\">\n<div class=\"elementor-swiper\">\n<div class=\"elementor-main-swiper swiper swiper-fade swiper-initialized swiper-horizontal swiper-watch-progress swiper-backface-hidden\">\n<div id=\"swiper-wrapper-33da20e8a1ed82cb\" class=\"swiper-wrapper\" aria-live=\"polite\">\n<div class=\"swiper-slide swiper-slide-next\" role=\"group\" aria-label=\"2 \/ 4\"><\/div>\n<div class=\"swiper-slide\" role=\"group\" aria-label=\"3 \/ 4\"><\/div>\n<\/div>\n<\/div>\n<\/div>\n<\/div>\n<\/div>\n<div class=\"elementor-element elementor-element-51ed499 elementor-shape-rounded elementor-widget elementor-widget-product-share\" data-id=\"51ed499\" data-element_type=\"widget\" data-widget_type=\"product-share.default\">\n<div class=\"elementor-widget-container\">\n<div class=\"elementor-social-icons-wrapper\"><\/div>\n<\/div>\n<\/div>\n<\/div>\n<\/div>\n<\/div>\n<\/div>\n<\/div>\n<\/section>\n<section class=\"elementor-element elementor-element-cf6cb8f elementor-section-boxed elementor-section-height-default elementor-section-height-default elementor-section elementor-top-section\" data-id=\"cf6cb8f\" data-element_type=\"section\">\n<div class=\"elementor-container elementor-column-gap-default\">\n<div class=\"elementor-row\">\n<div class=\"elementor-element elementor-element-2a91af8 elementor-column elementor-col-100 elementor-top-column\" data-id=\"2a91af8\" data-element_type=\"column\"><\/div>\n<\/div>\n<\/div>\n<\/section>\n","protected":false},"excerpt":{"rendered":"<p>Descubre la potencia bruta y la fuerza incomparable de los machetes Tramontina, herramientas dise\u00f1adas para la aventura, la precisi\u00f3n y la durabilidad. Equipados con una hoja de acero al carbono, estos machetes est\u00e1n preparados para afrontar los retos m\u00e1s duros, ya sea para trabajos al aire libre, supervivencia en la naturaleza o para cuidar de tu jard\u00edn. La hoja de acero al carbono de los machetes Tramontina garantiza un corte afilado y preciso, ideal para una gran variedad de tareas, desde desbrozar la maleza hasta cortar le\u00f1a. Tanto si eres un aficionado a las actividades al aire libre como un profesional, estos machetes ofrecen un rendimiento fiable.   <\/p>\n<div style=\"color: #999999;font-family: 'Open Sans', sans-serif;font-size: 13px;background-color: #ffffff;text-align: center\"><strong><span style=\"color: #d0121a\">Para cumplir la ley, no olvides que la adquisici\u00f3n y la posesi\u00f3n est\u00e1n prohibidas para los menores de 18 a\u00f1os.<\/span><\/strong><\/div>\n<div style=\"color: #999999;font-family: 'Open Sans', sans-serif;font-size: 13px;background-color: #ffffff;text-align: center\"><strong><span style=\"color: #d0121a\"> <\/span><\/strong><\/div>\n<div style=\"color: #999999;font-family: 'Open Sans', sans-serif;font-size: 13px;background-color: #ffffff;text-align: center\"><strong><span style=\"color: #d0121a\">No pueden llevarse ni transportarse a menos que exista un motivo leg\u00edtimo (excursionista, pescador, cazador, jardinero, etc.) o un motivo profesional (soldado, paisajista, agricultor, etc.).<\/span><\/strong><\/div>\n","protected":false},"featured_media":26362,"comment_status":"closed","ping_status":"closed","template":"","meta":[],"product_brand":[1289],"product_cat":[236,1312,419,588],"product_tag":[],"marque":[],"class_list":{"0":"post-25823","1":"product","2":"type-product","3":"status-publish","4":"has-post-thumbnail","6":"product_brand-tramontina","7":"product_cat-herramientas","8":"product_cat-machete-tramontina-es","9":"product_cat-o-que-ha-de-novo-es","10":"product_cat-prohibido-a-menores","12":"first","13":"outofstock","14":"sale","15":"taxable","16":"shipping-taxable","17":"purchasable","18":"product-type-simple"},"aioseo_notices":[],"_links":{"self":[{"href":"https:\/\/tmandoutdoor.com\/es\/wp-json\/wp\/v2\/product\/25823","targetHints":{"allow":["GET"]}}],"collection":[{"href":"https:\/\/tmandoutdoor.com\/es\/wp-json\/wp\/v2\/product"}],"about":[{"href":"https:\/\/tmandoutdoor.com\/es\/wp-json\/wp\/v2\/types\/product"}],"replies":[{"embeddable":true,"href":"https:\/\/tmandoutdoor.com\/es\/wp-json\/wp\/v2\/comments?post=25823"}],"wp:featuredmedia":[{"embeddable":true,"href":"https:\/\/tmandoutdoor.com\/es\/wp-json\/wp\/v2\/media\/26362"}],"wp:attachment":[{"href":"https:\/\/tmandoutdoor.com\/es\/wp-json\/wp\/v2\/media?parent=25823"}],"wp:term":[{"taxonomy":"product_brand","embeddable":true,"href":"https:\/\/tmandoutdoor.com\/es\/wp-json\/wp\/v2\/product_brand?post=25823"},{"taxonomy":"product_cat","embeddable":true,"href":"https:\/\/tmandoutdoor.com\/es\/wp-json\/wp\/v2\/product_cat?post=25823"},{"taxonomy":"product_tag","embeddable":true,"href":"https:\/\/tmandoutdoor.com\/es\/wp-json\/wp\/v2\/product_tag?post=25823"},{"taxonomy":"marque","embeddable":true,"href":"https:\/\/tmandoutdoor.com\/es\/wp-json\/wp\/v2\/marque?post=25823"}],"curies":[{"name":"wp","href":"https:\/\/api.w.org\/{rel}","templated":true}]}}