{"id":25484,"date":"2025-09-13T16:08:15","date_gmt":"2025-09-13T14:08:15","guid":{"rendered":"https:\/\/tmandoutdoor.com\/?post_type=product&#038;p=25484"},"modified":"2025-09-13T16:08:17","modified_gmt":"2025-09-13T14:08:17","slug":"lampara-de-choque-w6-10-000-000-v-copie","status":"publish","type":"product","link":"https:\/\/tmandoutdoor.com\/es\/producto\/lampara-de-choque-w6-10-000-000-v-copie\/","title":{"rendered":"L\u00c1MPARA DE CHOQUE W6 10 000 000 V"},"content":{"rendered":"<p>La linterna tiene tres botones:<br \/>\n&#8211; Un selector de Encendido\/Apagado, que puede utilizarse para desactivar completamente el arma para mayor seguridad.<br \/>\n&#8211; Un bot\u00f3n de liberaci\u00f3n del arco.<br \/>\n&#8211; Un interruptor de la linterna de dos posiciones: luz continua y alterna.<br \/>\nLa linterna tiene una potencia de 270 l\u00famenes, para que puedas iluminar en situaciones de poca luz en casa o al aire libre.<\/p>\n<p>Fuente de alimentaci\u00f3n<br \/>\nLa linterna shocker funciona con una bater\u00eda interna que se puede recargar en la red el\u00e9ctrica mediante el cable suministrado.<\/p>\n<p>Fuente: 7,2VDC<br \/>\nPila: AA2,5A<br \/>\nPotencia: 10 000 000 Voltios<br \/>\nAluminio + L\u00e1mpara LED 270 Lumens<br \/>\nPeso: 180 g<br \/>\nDimensiones: 170mm \u00d7 32mm<\/p>\n<p>PRODUCTOS DE LA CAJA:<br \/>\nLinterna recargable de 10.000.000 voltios<br \/>\nCable de carga a la red el\u00e9ctrica<\/p>\n","protected":false},"excerpt":{"rendered":"<p><strong>C\u00f3mo funciona<\/strong><br \/>\nEl aturdidor forma un arco el\u00e9ctrico de alto voltaje que interrumpe las funciones nerviosas de tu atacante y desordena los mensajes que env\u00eda su cerebro a sus m\u00fasculos, incapacit\u00e1ndole para continuar su ataque.<br \/>\nPierde el equilibrio y cae al suelo desorientado durante 5 a 10 minutos, d\u00e1ndote tiempo para pedir ayuda o huir.<br \/>\nEl arco el\u00e9ctrico azul es visible y el ruido que produce es muy impresionante, lo que a\u00f1ade un efecto disuasorio al aturdidor.<\/p>\n<p><strong>Potencia<\/strong><br \/>\nLa antorcha de choque desarrolla un arco el\u00e9ctrico de 10.000.000 voltios.<br \/>\n<strong>Configuraci\u00f3n y equipamiento<\/strong><br \/>\nLa linterna shocker es un arma defensiva combinada con una herramienta muy funcional.<br \/>\nLos electrodos est\u00e1n situados delante de la linterna y est\u00e1n protegidos por una tapa de pl\u00e1stico.<\/p>\n","protected":false},"featured_media":25498,"comment_status":"closed","ping_status":"closed","template":"","meta":[],"product_brand":[1280],"product_cat":[1279,419,1271],"product_tag":[],"marque":[],"class_list":{"0":"post-25484","1":"product","2":"type-product","3":"status-publish","4":"has-post-thumbnail","6":"product_brand-praga-technology","7":"product_cat-descarga-electrica","8":"product_cat-o-que-ha-de-novo-es","9":"product_cat-seguridad-defensa","11":"first","12":"instock","13":"taxable","14":"shipping-taxable","15":"purchasable","16":"product-type-simple"},"aioseo_notices":[],"_links":{"self":[{"href":"https:\/\/tmandoutdoor.com\/es\/wp-json\/wp\/v2\/product\/25484","targetHints":{"allow":["GET"]}}],"collection":[{"href":"https:\/\/tmandoutdoor.com\/es\/wp-json\/wp\/v2\/product"}],"about":[{"href":"https:\/\/tmandoutdoor.com\/es\/wp-json\/wp\/v2\/types\/product"}],"replies":[{"embeddable":true,"href":"https:\/\/tmandoutdoor.com\/es\/wp-json\/wp\/v2\/comments?post=25484"}],"wp:featuredmedia":[{"embeddable":true,"href":"https:\/\/tmandoutdoor.com\/es\/wp-json\/wp\/v2\/media\/25498"}],"wp:attachment":[{"href":"https:\/\/tmandoutdoor.com\/es\/wp-json\/wp\/v2\/media?parent=25484"}],"wp:term":[{"taxonomy":"product_brand","embeddable":true,"href":"https:\/\/tmandoutdoor.com\/es\/wp-json\/wp\/v2\/product_brand?post=25484"},{"taxonomy":"product_cat","embeddable":true,"href":"https:\/\/tmandoutdoor.com\/es\/wp-json\/wp\/v2\/product_cat?post=25484"},{"taxonomy":"product_tag","embeddable":true,"href":"https:\/\/tmandoutdoor.com\/es\/wp-json\/wp\/v2\/product_tag?post=25484"},{"taxonomy":"marque","embeddable":true,"href":"https:\/\/tmandoutdoor.com\/es\/wp-json\/wp\/v2\/marque?post=25484"}],"curies":[{"name":"wp","href":"https:\/\/api.w.org\/{rel}","templated":true}]}}