{"id":25412,"date":"2025-09-13T16:08:59","date_gmt":"2025-09-13T14:08:59","guid":{"rendered":"https:\/\/tmandoutdoor.com\/produit\/25412\/"},"modified":"2025-09-13T16:09:04","modified_gmt":"2025-09-13T14:09:04","slug":"25412","status":"publish","type":"product","link":"https:\/\/tmandoutdoor.com\/es\/producto\/25412\/","title":{"rendered":"L\u00c1MPARA SHOCKER KARO ROSA 5 000 000 V"},"content":{"rendered":"<p>Especificaciones:<br \/>\nDimensiones (mm): 108 x 55 x 24<br \/>\nPeso (g): 130<br \/>\nPotencia (voltios): 5.000.000<br \/>\nIluminaci\u00f3n: LED<br \/>\nAlimentaci\u00f3n: Bater\u00eda recargable mediante enchufe a la red<\/p>\n<p>Notas:<br \/>\nCorrea de seguridad<br \/>\nGarant\u00eda 3 A\u00d1OS<\/p>\n","protected":false},"excerpt":{"rendered":"<p>El cl\u00e1sico amortiguador KARO est\u00e1 aqu\u00ed en rosa.<br \/>\nEste potente y compacto amortiguador viene con una correa de seguridad y luz LED.<\/p>\n<p style=\"text-align: center\">Arma de defensa clasificada en la <strong>categor\u00eda D, de libre adquisici\u00f3n y tenencia para adultos.<\/strong><\/p>\n<p style=\"text-align: center\"><strong>Venta prohibida a menores<\/strong><\/p>\n<p><img decoding=\"async\" class=\"aligncenter\" src=\"https:\/\/www.armurerie-lavaux.com\/images\/marque\/PRAGA_Technology.webp\" alt=\"Bolas de goma n\u00facleo de acero negro PRAGA para pistolas o rev\u00f3lveres cal.50 (12.7mm) \/50 - Material de defensa en armurerie-lavaux.com\"><\/p>\n<p>&nbsp;<\/p>\n","protected":false},"featured_media":25407,"comment_status":"closed","ping_status":"closed","template":"","meta":[],"product_brand":[],"product_cat":[1279,419,588,1271],"product_tag":[],"marque":[1281],"class_list":{"0":"post-25412","1":"product","2":"type-product","3":"status-publish","4":"has-post-thumbnail","6":"product_cat-descarga-electrica","7":"product_cat-o-que-ha-de-novo-es","8":"product_cat-prohibido-a-menores","9":"product_cat-seguridad-defensa","10":"marque-praga-technology","12":"first","13":"instock","14":"taxable","15":"shipping-taxable","16":"purchasable","17":"product-type-simple"},"aioseo_notices":[],"_links":{"self":[{"href":"https:\/\/tmandoutdoor.com\/es\/wp-json\/wp\/v2\/product\/25412","targetHints":{"allow":["GET"]}}],"collection":[{"href":"https:\/\/tmandoutdoor.com\/es\/wp-json\/wp\/v2\/product"}],"about":[{"href":"https:\/\/tmandoutdoor.com\/es\/wp-json\/wp\/v2\/types\/product"}],"replies":[{"embeddable":true,"href":"https:\/\/tmandoutdoor.com\/es\/wp-json\/wp\/v2\/comments?post=25412"}],"wp:featuredmedia":[{"embeddable":true,"href":"https:\/\/tmandoutdoor.com\/es\/wp-json\/wp\/v2\/media\/25407"}],"wp:attachment":[{"href":"https:\/\/tmandoutdoor.com\/es\/wp-json\/wp\/v2\/media?parent=25412"}],"wp:term":[{"taxonomy":"product_brand","embeddable":true,"href":"https:\/\/tmandoutdoor.com\/es\/wp-json\/wp\/v2\/product_brand?post=25412"},{"taxonomy":"product_cat","embeddable":true,"href":"https:\/\/tmandoutdoor.com\/es\/wp-json\/wp\/v2\/product_cat?post=25412"},{"taxonomy":"product_tag","embeddable":true,"href":"https:\/\/tmandoutdoor.com\/es\/wp-json\/wp\/v2\/product_tag?post=25412"},{"taxonomy":"marque","embeddable":true,"href":"https:\/\/tmandoutdoor.com\/es\/wp-json\/wp\/v2\/marque?post=25412"}],"curies":[{"name":"wp","href":"https:\/\/api.w.org\/{rel}","templated":true}]}}