{"id":25398,"date":"2025-07-21T11:23:39","date_gmt":"2025-07-21T09:23:39","guid":{"rendered":"https:\/\/tmandoutdoor.com\/produit\/paracaidas-ejercito-frances\/"},"modified":"2025-07-21T11:23:39","modified_gmt":"2025-07-21T09:23:39","slug":"paracaidas-ejercito-frances","status":"publish","type":"product","link":"https:\/\/tmandoutdoor.com\/es\/producto\/paracaidas-ejercito-frances\/","title":{"rendered":"Paraca\u00eddas Ej\u00e9rcito Franc\u00e9s"},"content":{"rendered":"","protected":false},"excerpt":{"rendered":"<p>Paraca\u00eddas del ej\u00e9rcito franc\u00e9s<\/p>\n<p>No apto para saltar, este toldo puede utilizarse como protecci\u00f3n para un veh\u00edculo, por ejemplo, o como decoraci\u00f3n.<\/p>\n<p>Color: verde<\/p>\n<p>Forma: c\u00fapula<\/p>\n<p>Material: nylon (inflamable)<\/p>\n<p>Di\u00e1metro: aprox. 7 metros<\/p>\n<p>Estado: usado (excelente estado), l\u00edneas cortadas a unos 20 cm, puede tener reparaciones, peque\u00f1os agujeros&#8230;<\/p>\n<p>Foto no contractual<\/p>\n<p>Modelo seg\u00fan estado de existencias: obsoleto AMR 716, 718, 720&#8230;<\/p>\n","protected":false},"featured_media":25383,"comment_status":"closed","ping_status":"closed","template":"","meta":[],"product_brand":[],"product_cat":[449,419],"product_tag":[],"marque":[],"class_list":{"0":"post-25398","1":"product","2":"type-product","3":"status-publish","4":"has-post-thumbnail","6":"product_cat-accesorios-exterior","7":"product_cat-o-que-ha-de-novo-es","9":"first","10":"instock","11":"taxable","12":"shipping-taxable","13":"purchasable","14":"product-type-simple"},"aioseo_notices":[],"_links":{"self":[{"href":"https:\/\/tmandoutdoor.com\/es\/wp-json\/wp\/v2\/product\/25398","targetHints":{"allow":["GET"]}}],"collection":[{"href":"https:\/\/tmandoutdoor.com\/es\/wp-json\/wp\/v2\/product"}],"about":[{"href":"https:\/\/tmandoutdoor.com\/es\/wp-json\/wp\/v2\/types\/product"}],"replies":[{"embeddable":true,"href":"https:\/\/tmandoutdoor.com\/es\/wp-json\/wp\/v2\/comments?post=25398"}],"wp:featuredmedia":[{"embeddable":true,"href":"https:\/\/tmandoutdoor.com\/es\/wp-json\/wp\/v2\/media\/25383"}],"wp:attachment":[{"href":"https:\/\/tmandoutdoor.com\/es\/wp-json\/wp\/v2\/media?parent=25398"}],"wp:term":[{"taxonomy":"product_brand","embeddable":true,"href":"https:\/\/tmandoutdoor.com\/es\/wp-json\/wp\/v2\/product_brand?post=25398"},{"taxonomy":"product_cat","embeddable":true,"href":"https:\/\/tmandoutdoor.com\/es\/wp-json\/wp\/v2\/product_cat?post=25398"},{"taxonomy":"product_tag","embeddable":true,"href":"https:\/\/tmandoutdoor.com\/es\/wp-json\/wp\/v2\/product_tag?post=25398"},{"taxonomy":"marque","embeddable":true,"href":"https:\/\/tmandoutdoor.com\/es\/wp-json\/wp\/v2\/marque?post=25398"}],"curies":[{"name":"wp","href":"https:\/\/api.w.org\/{rel}","templated":true}]}}