{"id":2505,"date":"2023-11-20T18:56:23","date_gmt":"2023-11-20T17:56:23","guid":{"rendered":"https:\/\/tmandoutdoor.com\/produit\/rollo-de-red-para-desierto-camo-first-50-m\/"},"modified":"2023-11-20T18:56:23","modified_gmt":"2023-11-20T17:56:23","slug":"rollo-de-red-para-desierto-camo-first-50-m","status":"publish","type":"product","link":"https:\/\/tmandoutdoor.com\/es\/producto\/rollo-de-red-para-desierto-camo-first-50-m\/","title":{"rendered":"Rollo de red para desierto Camo First\u00ae (50 m)"},"content":{"rendered":"<ul style=\"margin:0px 0px 9px;padding:0px 0px 0px 15px;border:0px;font-weight:400;line-height:inherit;font-family:Arial, Helvetica, sans-serif;font-size:13px;vertical-align:baseline;list-style:disc;color:#000000;\">\n<li style=\"font-weight:300;\">\n<h5><span style=\"color:#000000;\"><span style=\"font-weight:bolder;\">Resistente:<\/span> poli\u00e9ster Oxford 210D<\/span><\/h5>\n<\/li>\n<li style=\"font-weight:300;\">\n<h5><span style=\"color:#000000;\">Red de camuflaje reforzada con<span style=\"font-weight:bolder;\"> corte en S <\/span><span style=\"font-weight:bolder;\"> <\/span>para uso en exteriores  <\/span><\/h5>\n<\/li>\n<li style=\"font-weight:300;\">\n<h5><span style=\"color:#000000;\"><span style=\"color:#000000;\">Recorte semicircular.<\/span><\/span><\/h5>\n<\/li>\n<li style=\"font-weight:300;\">\n<h5><span style=\"color:#000000;\">Red 3D reversible<\/span><\/h5>\n<\/li>\n<li style=\"font-weight:300;\">\n<h5><span style=\"color:#000000;\"><span style=\"font-weight:bolder;\">Duradero:<\/span> tratamiento antimoho y antiuv<\/span><\/h5>\n<\/li>\n<li style=\"font-weight:300;\">\n<h5><span style=\"font-weight:bolder;color:#000000;\">100% impermeable<\/span><\/h5>\n<\/li>\n<li style=\"font-weight:300;\">\n<h5><span style=\"color:#000000;\"><span style=\"font-weight:bolder;\">Discreto: <\/span>silencioso y no reflectante<\/span><\/h5>\n<\/li>\n<li style=\"font-weight:300;\">\n<h5><span style=\"color:#000000;\">No ign\u00edfugo<\/span><\/h5>\n<\/li>\n<li style=\"font-weight:300;\">\n<h5><span style=\"color:#000000;\"><span style=\"font-weight:bolder;\">No t\u00f3xico para<\/span> el medio ambiente<\/span><\/h5>\n<\/li>\n<li style=\"font-weight:300;\">\n<h5><span style=\"font-weight:bolder;color:#000000;\">Compacto y ligero<\/span><\/h5>\n<\/li>\n<li style=\"margin:0px;padding:0px;border:0px;font-style:inherit;font-variant:inherit;font-weight:inherit;line-height:inherit;font-family:inherit;font-size:14px;vertical-align:baseline;\">\n<h5><span style=\"color:#000000;\">Sin cuerda, f\u00e1cil de cortar<\/span><\/h5>\n<\/li>\n<li>\n<h5><span style=\"color:#000000;\"><span style=\"font-weight:300;\">Color del desierto: arena y marr\u00f3n<\/span><\/span><\/h5>\n<\/li>\n<li style=\"font-weight:300;\">\n<h5><span style=\"font-weight:bolder;color:#000000;\">Para la instalaci\u00f3n, recuerde utilizar collares o cordones rislan.<\/span><\/h5>\n<\/li>\n<\/ul>\n","protected":false},"excerpt":{"rendered":"<h5 style=\"margin-top:0px;margin-bottom:1rem;font-family:'Open Sans', sans-serif;font-weight:300;line-height:1.1;color:rgb(153,153,153);font-size:.9375rem;background-color:rgb(255,255,255);text-align:center;\"><span style=\"color:rgb(0,0,0);\"><span style=\"font-weight:bolder;\">Ideal para sombra (p\u00e9rgola), decoraci\u00f3n (cortinas, pantallas de privacidad) o camuflaje (fotograf\u00eda, caza, pesca&#8230;).<\/span><\/span><\/h5>\n<h5 style=\"margin-top:0px;margin-bottom:1rem;font-family:'Open Sans', sans-serif;font-weight:300;line-height:1.1;color:rgb(153,153,153);font-size:.9375rem;background-color:rgb(255,255,255);text-align:center;\"><span style=\"color:rgb(0,0,0);\">Puede proporcionar sombra o intimidad seg\u00fan sus necesidades.<\/span><\/h5>\n<h5 style=\"margin-top:0px;margin-bottom:1rem;font-family:'Open Sans', sans-serif;font-weight:300;line-height:1.1;color:rgb(153,153,153);font-size:.9375rem;background-color:rgb(255,255,255);text-align:center;\"><span style=\"color:rgb(0,0,0);\">La red Camo First\u00ae es decorativa, ligera y duradera.  <\/span><\/h5>\n<ul style=\"margin:0px 0px 9px;padding:0px 0px 0px 15px;border:0px;font-weight:400;line-height:inherit;font-family:Arial, Helvetica, sans-serif;font-size:13px;vertical-align:baseline;list-style:disc;color:#000000;\">\n<li style=\"margin:0px;padding:0px;border:0px;font-style:inherit;font-variant:inherit;font-weight:inherit;line-height:inherit;font-family:inherit;vertical-align:baseline;\">Longitud: 50 metros<\/li>\n<li style=\"margin:0px;padding:0px;border:0px;font-style:inherit;font-variant:inherit;font-weight:inherit;line-height:inherit;font-family:inherit;vertical-align:baseline;\">Anchura: 150 cm, se puede estirar hasta 200 cm<\/li>\n<li style=\"margin:0px;padding:0px;border:0px;font-style:inherit;font-variant:inherit;font-weight:inherit;line-height:inherit;font-family:inherit;vertical-align:baseline;\">Peso: aprox. 10 kg<\/li>\n<\/ul>\n","protected":false},"featured_media":11585,"comment_status":"closed","ping_status":"closed","template":"","meta":[],"product_brand":[],"product_cat":[240],"product_tag":[],"marque":[],"class_list":{"0":"post-2505","1":"product","2":"type-product","3":"status-publish","4":"has-post-thumbnail","6":"product_cat-rollos-camo-first","7":"product_shipping_class-standard-es","9":"first","10":"instock","11":"taxable","12":"shipping-taxable","13":"purchasable","14":"product-type-simple"},"aioseo_notices":[],"_links":{"self":[{"href":"https:\/\/tmandoutdoor.com\/es\/wp-json\/wp\/v2\/product\/2505","targetHints":{"allow":["GET"]}}],"collection":[{"href":"https:\/\/tmandoutdoor.com\/es\/wp-json\/wp\/v2\/product"}],"about":[{"href":"https:\/\/tmandoutdoor.com\/es\/wp-json\/wp\/v2\/types\/product"}],"replies":[{"embeddable":true,"href":"https:\/\/tmandoutdoor.com\/es\/wp-json\/wp\/v2\/comments?post=2505"}],"wp:featuredmedia":[{"embeddable":true,"href":"https:\/\/tmandoutdoor.com\/es\/wp-json\/wp\/v2\/media\/11585"}],"wp:attachment":[{"href":"https:\/\/tmandoutdoor.com\/es\/wp-json\/wp\/v2\/media?parent=2505"}],"wp:term":[{"taxonomy":"product_brand","embeddable":true,"href":"https:\/\/tmandoutdoor.com\/es\/wp-json\/wp\/v2\/product_brand?post=2505"},{"taxonomy":"product_cat","embeddable":true,"href":"https:\/\/tmandoutdoor.com\/es\/wp-json\/wp\/v2\/product_cat?post=2505"},{"taxonomy":"product_tag","embeddable":true,"href":"https:\/\/tmandoutdoor.com\/es\/wp-json\/wp\/v2\/product_tag?post=2505"},{"taxonomy":"marque","embeddable":true,"href":"https:\/\/tmandoutdoor.com\/es\/wp-json\/wp\/v2\/marque?post=2505"}],"curies":[{"name":"wp","href":"https:\/\/api.w.org\/{rel}","templated":true}]}}