{"id":24859,"date":"2025-05-06T17:27:20","date_gmt":"2025-05-06T15:27:20","guid":{"rendered":"https:\/\/tmandoutdoor.com\/produit\/cinturon-de-nailon-first-division-tactical-coyote\/"},"modified":"2025-05-06T17:27:20","modified_gmt":"2025-05-06T15:27:20","slug":"cinturon-de-nailon-first-division-tactical-coyote","status":"publish","type":"product","link":"https:\/\/tmandoutdoor.com\/es\/producto\/cinturon-de-nailon-first-division-tactical-coyote\/","title":{"rendered":"Cintur\u00f3n de nailon First Division Tactical (coyote)"},"content":{"rendered":"","protected":false},"excerpt":{"rendered":"<p>Cintur\u00f3n con hebilla de acero de cierre r\u00e1pido<\/p>\n<p>Este cintur\u00f3n ajustable de nailon 100% tiene una hebilla de clip met\u00e1lico para utilizarlo r\u00e1pida y f\u00e1cilmente con una sola mano.<\/p>\n<p>Longitud hasta 135 cm Anchura 3,8 cm<\/p>\n<p>&nbsp;<\/p>\n<p>Advertencia Este cintur\u00f3n es un simple accesorio. No debe utilizarse en modo alguno para escalada o rescate, como dispositivo de transporte o como equipo de protecci\u00f3n individual. <\/p>\n","protected":false},"featured_media":22786,"comment_status":"closed","ping_status":"closed","template":"","meta":[],"product_brand":[],"product_cat":[290,419],"product_tag":[],"marque":[389],"class_list":{"0":"post-24859","1":"product","2":"type-product","3":"status-publish","4":"has-post-thumbnail","6":"product_cat-accesorios","7":"product_cat-o-que-ha-de-novo-es","8":"marque-first-division","10":"first","11":"instock","12":"taxable","13":"shipping-taxable","14":"purchasable","15":"product-type-simple"},"aioseo_notices":[],"_links":{"self":[{"href":"https:\/\/tmandoutdoor.com\/es\/wp-json\/wp\/v2\/product\/24859","targetHints":{"allow":["GET"]}}],"collection":[{"href":"https:\/\/tmandoutdoor.com\/es\/wp-json\/wp\/v2\/product"}],"about":[{"href":"https:\/\/tmandoutdoor.com\/es\/wp-json\/wp\/v2\/types\/product"}],"replies":[{"embeddable":true,"href":"https:\/\/tmandoutdoor.com\/es\/wp-json\/wp\/v2\/comments?post=24859"}],"wp:featuredmedia":[{"embeddable":true,"href":"https:\/\/tmandoutdoor.com\/es\/wp-json\/wp\/v2\/media\/22786"}],"wp:attachment":[{"href":"https:\/\/tmandoutdoor.com\/es\/wp-json\/wp\/v2\/media?parent=24859"}],"wp:term":[{"taxonomy":"product_brand","embeddable":true,"href":"https:\/\/tmandoutdoor.com\/es\/wp-json\/wp\/v2\/product_brand?post=24859"},{"taxonomy":"product_cat","embeddable":true,"href":"https:\/\/tmandoutdoor.com\/es\/wp-json\/wp\/v2\/product_cat?post=24859"},{"taxonomy":"product_tag","embeddable":true,"href":"https:\/\/tmandoutdoor.com\/es\/wp-json\/wp\/v2\/product_tag?post=24859"},{"taxonomy":"marque","embeddable":true,"href":"https:\/\/tmandoutdoor.com\/es\/wp-json\/wp\/v2\/marque?post=24859"}],"curies":[{"name":"wp","href":"https:\/\/api.w.org\/{rel}","templated":true}]}}