{"id":24839,"date":"2025-06-07T18:01:57","date_gmt":"2025-06-07T16:01:57","guid":{"rendered":"https:\/\/tmandoutdoor.com\/produit\/chaleco-tactico-v2-primera-division-coyote\/"},"modified":"2025-06-07T18:01:57","modified_gmt":"2025-06-07T16:01:57","slug":"chaleco-tactico-v2-primera-division-coyote","status":"publish","type":"product","link":"https:\/\/tmandoutdoor.com\/es\/producto\/chaleco-tactico-v2-primera-division-coyote\/","title":{"rendered":"Chaleco t\u00e1ctico V2 Primera Divisi\u00f3n (coyote)"},"content":{"rendered":"","protected":false},"excerpt":{"rendered":"<p>Este chaleco t\u00e1ctico de placas ofrece funcionalidad de cierre r\u00e1pido, transpirabilidad y adaptabilidad.<\/p>\n<p>Este chaleco se caracteriza por :<\/p>\n<ul>\n<li>3 portacargadores en la parte delantera<\/li>\n<li>Superficies MOLLE en la parte delantera, los laterales y la parte trasera para a\u00f1adir equipamiento o accesorios.<\/li>\n<li>2 cierres autoadherentes en el pecho y la espalda.<\/li>\n<li>Hebillas de cierre r\u00e1pido en hombros y cintura.<\/li>\n<li>1 asa de liberaci\u00f3n r\u00e1pida<\/li>\n<li>Peso: aprox. 1,6 kg<\/li>\n<li>Placas no incluidas<\/li>\n<\/ul>\n<p>Este chaleco es ajustable en los hombros y la cintura con velcro (de 75 a 125 cm).<\/p>\n<p>Composici\u00f3n: <strong>100% nailon 1000D<\/strong><\/p>\n","protected":false},"featured_media":23029,"comment_status":"closed","ping_status":"closed","template":"","meta":[],"product_brand":[1185],"product_cat":[1206,419],"product_tag":[],"marque":[],"class_list":{"0":"post-24839","1":"product","2":"type-product","3":"status-publish","4":"has-post-thumbnail","6":"product_brand-first-division-tactical","7":"product_cat-equipo-tactico","8":"product_cat-o-que-ha-de-novo-es","10":"first","11":"instock","12":"taxable","13":"shipping-taxable","14":"purchasable","15":"product-type-simple"},"aioseo_notices":[],"_links":{"self":[{"href":"https:\/\/tmandoutdoor.com\/es\/wp-json\/wp\/v2\/product\/24839","targetHints":{"allow":["GET"]}}],"collection":[{"href":"https:\/\/tmandoutdoor.com\/es\/wp-json\/wp\/v2\/product"}],"about":[{"href":"https:\/\/tmandoutdoor.com\/es\/wp-json\/wp\/v2\/types\/product"}],"replies":[{"embeddable":true,"href":"https:\/\/tmandoutdoor.com\/es\/wp-json\/wp\/v2\/comments?post=24839"}],"wp:featuredmedia":[{"embeddable":true,"href":"https:\/\/tmandoutdoor.com\/es\/wp-json\/wp\/v2\/media\/23029"}],"wp:attachment":[{"href":"https:\/\/tmandoutdoor.com\/es\/wp-json\/wp\/v2\/media?parent=24839"}],"wp:term":[{"taxonomy":"product_brand","embeddable":true,"href":"https:\/\/tmandoutdoor.com\/es\/wp-json\/wp\/v2\/product_brand?post=24839"},{"taxonomy":"product_cat","embeddable":true,"href":"https:\/\/tmandoutdoor.com\/es\/wp-json\/wp\/v2\/product_cat?post=24839"},{"taxonomy":"product_tag","embeddable":true,"href":"https:\/\/tmandoutdoor.com\/es\/wp-json\/wp\/v2\/product_tag?post=24839"},{"taxonomy":"marque","embeddable":true,"href":"https:\/\/tmandoutdoor.com\/es\/wp-json\/wp\/v2\/marque?post=24839"}],"curies":[{"name":"wp","href":"https:\/\/api.w.org\/{rel}","templated":true}]}}