{"id":24749,"date":"2025-06-28T17:50:22","date_gmt":"2025-06-28T15:50:22","guid":{"rendered":"https:\/\/tmandoutdoor.com\/produit\/camiseta-del-ejercito-frances-negra\/"},"modified":"2026-03-07T13:21:48","modified_gmt":"2026-03-07T12:21:48","slug":"camiseta-del-ejercito-frances-negra","status":"publish","type":"product","link":"https:\/\/tmandoutdoor.com\/es\/producto\/camiseta-del-ejercito-frances-negra\/","title":{"rendered":"Camiseta de algod\u00f3n del ej\u00e9rcito franc\u00e9s &#8211; Summit Outdoor"},"content":{"rendered":"<h2 id=\"un-t-shirt-armee-francaise-authentique-pour-vos-aventures-outdoor\">Una aut\u00e9ntica camiseta del ej\u00e9rcito franc\u00e9s para tus aventuras al aire libre<\/h2>\n<p>Descubre nuestra <strong>camiseta del ej\u00e9rcito franc\u00e9s<\/strong> de Summit Outdoor, la prenda militar imprescindible para los entusiastas de las actividades al aire libre, el airsoft y los excedentes. Fabricada <strong>en algod\u00f3n 100% peinado<\/strong>, esta <strong>camiseta<\/strong> ofrece una calidad de fabricaci\u00f3n impecable y una durabilidad excepcional. Su estilo sobrio y aut\u00e9ntico encaja perfectamente con la ropa militar cotidiana, tanto si se lleva de forma informal como en un contexto outdoor.  <\/p>\n<h3 id=\"caracteristiques-techniques-du-t-shirt-militaire\">Caracter\u00edsticas t\u00e9cnicas de la camiseta militar<\/h3>\n<ul>\n<li><strong>Tejido 100% algod\u00f3n peinado<\/strong>: material de primera calidad para una durabilidad y transpirabilidad \u00f3ptimas<\/li>\n<li>Ba\u00f1o enzim\u00e1tico: un tratamiento que mejora el ajuste y la suavidad de la prenda<\/li>\n<li>Jersey sencillo: estructura ligera y c\u00f3moda, ideal para el verano<\/li>\n<li>Peso: 190 g\/m\u00b2, tejido grueso para una sujeci\u00f3n excelente<\/li>\n<li>Marca: Summit Outdoor, especialista franc\u00e9s en ropa t\u00e9cnica y excedentes militares<\/li>\n<\/ul>\n<h3 id=\"ideal-pour-vos-tenues-militaires-airsoft-et-outdoor\">Ideal para ropa militar, de airsoft y de exterior<\/h3>\n<p>Esta camiseta es la compa\u00f1era perfecta para todos tus proyectos: entrenamiento de airsoft, salidas al aire libre, senderismo o simplemente para llevarla a diario. Fabricada con algod\u00f3n natural, ofrece una comodidad y transpirabilidad excelentes, incluso durante sesiones intensivas. El gramaje de 190 g\/m\u00b2 garantiza un ajuste estable y una durabilidad sin igual, ideal para una prenda que se lleva con regularidad en terrenos exigentes.  <\/p>\n<h3 id=\"matiere-confort-et-durabilite\">Material, comodidad y durabilidad<\/h3>\n<p>La <strong>camiseta<\/strong> se beneficia de un ba\u00f1o enzim\u00e1tico que preserva la calidad del <strong>algod\u00f3n<\/strong> y prolonga su vida \u00fatil. Este tratamiento textil elimina las impurezas y refuerza la resistencia de las fibras, garantizando una prenda que no se deforma tras varios lavados. F\u00e1cil de llevar a diario, esta <strong>camiseta militar<\/strong> de algod\u00f3n <strong>caqui<\/strong> es un b\u00e1sico esencial para cualquier armario outdoor. La transpirabilidad natural del algod\u00f3n lo hace perfecto para las estaciones m\u00e1s c\u00e1lidas, mientras que su robustez lo hace ideal para un uso duradero.   <\/p>\n<h3 id=\"un-vetement-militaire-au-service-de-votre-style\">Ropa militar que se adapta a tu estilo<\/h3>\n<p>Usada por las tropas francesas y popular entre los entusiastas de los excedentes, esta <strong>camiseta<\/strong> encarna la autenticidad de la ropa militar. Su dise\u00f1o elegante y su color atemporal hacen que sea f\u00e1cil de combinar con un traje militar o de exterior. Tanto si eres un jugador de airsoft, un excursionista experimentado o simplemente buscas ropa t\u00e9cnica de calidad, esta camiseta del ej\u00e9rcito franc\u00e9s cumple todos los requisitos de comodidad y durabilidad que cabr\u00eda esperar.  <\/p>\n<p><\/p>\n","protected":false},"excerpt":{"rendered":"<p>Camiseta del ej\u00e9rcito franc\u00e9s, 100% algod\u00f3n cardado, jersey grueso de 190 g\/m\u00b2. Ropa militar c\u00f3moda y duradera para uso en exteriores y airsoft. <\/p>\n","protected":false},"featured_media":23551,"comment_status":"closed","ping_status":"closed","template":"","meta":[],"product_brand":[],"product_cat":[448,292,419],"product_tag":[],"marque":[726],"class_list":{"0":"post-24749","1":"product","2":"type-product","3":"status-publish","4":"has-post-thumbnail","6":"product_cat-alto","7":"product_cat-hombre","8":"product_cat-o-que-ha-de-novo-es","9":"marque-summit-outdoor","11":"first","12":"instock","13":"sale","14":"taxable","15":"shipping-taxable","16":"purchasable","17":"product-type-variable"},"aioseo_notices":[],"_links":{"self":[{"href":"https:\/\/tmandoutdoor.com\/es\/wp-json\/wp\/v2\/product\/24749","targetHints":{"allow":["GET"]}}],"collection":[{"href":"https:\/\/tmandoutdoor.com\/es\/wp-json\/wp\/v2\/product"}],"about":[{"href":"https:\/\/tmandoutdoor.com\/es\/wp-json\/wp\/v2\/types\/product"}],"replies":[{"embeddable":true,"href":"https:\/\/tmandoutdoor.com\/es\/wp-json\/wp\/v2\/comments?post=24749"}],"wp:featuredmedia":[{"embeddable":true,"href":"https:\/\/tmandoutdoor.com\/es\/wp-json\/wp\/v2\/media\/23551"}],"wp:attachment":[{"href":"https:\/\/tmandoutdoor.com\/es\/wp-json\/wp\/v2\/media?parent=24749"}],"wp:term":[{"taxonomy":"product_brand","embeddable":true,"href":"https:\/\/tmandoutdoor.com\/es\/wp-json\/wp\/v2\/product_brand?post=24749"},{"taxonomy":"product_cat","embeddable":true,"href":"https:\/\/tmandoutdoor.com\/es\/wp-json\/wp\/v2\/product_cat?post=24749"},{"taxonomy":"product_tag","embeddable":true,"href":"https:\/\/tmandoutdoor.com\/es\/wp-json\/wp\/v2\/product_tag?post=24749"},{"taxonomy":"marque","embeddable":true,"href":"https:\/\/tmandoutdoor.com\/es\/wp-json\/wp\/v2\/marque?post=24749"}],"curies":[{"name":"wp","href":"https:\/\/api.w.org\/{rel}","templated":true}]}}