{"id":24544,"date":"2025-07-12T09:58:13","date_gmt":"2025-07-12T07:58:13","guid":{"rendered":"https:\/\/tmandoutdoor.com\/produit\/camiseta-punisher-france-negra\/"},"modified":"2025-07-12T09:58:13","modified_gmt":"2025-07-12T07:58:13","slug":"camiseta-punisher-france-negra","status":"publish","type":"product","link":"https:\/\/tmandoutdoor.com\/es\/producto\/camiseta-punisher-france-negra\/","title":{"rendered":"Camiseta Punisher France (negra)"},"content":{"rendered":"<ul>\n<li>100% algod\u00f3n cardado,<\/li>\n<li>ba\u00f1o enzim\u00e1tico,<\/li>\n<li>maillot individual,<\/li>\n<li>190 g\/m<\/li>\n<\/ul>\n","protected":false},"excerpt":{"rendered":"<p>100% algod\u00f3n cardado, ba\u00f1o enzim\u00e1tico, maillot individual, 190 g\/m<\/p>\n","protected":false},"featured_media":23563,"comment_status":"closed","ping_status":"closed","template":"","meta":[],"product_brand":[],"product_cat":[448,292,419],"product_tag":[],"marque":[],"class_list":{"0":"post-24544","1":"product","2":"type-product","3":"status-publish","4":"has-post-thumbnail","6":"product_cat-alto","7":"product_cat-hombre","8":"product_cat-o-que-ha-de-novo-es","10":"first","11":"instock","12":"sale","13":"taxable","14":"shipping-taxable","15":"purchasable","16":"product-type-variable"},"aioseo_notices":[],"_links":{"self":[{"href":"https:\/\/tmandoutdoor.com\/es\/wp-json\/wp\/v2\/product\/24544","targetHints":{"allow":["GET"]}}],"collection":[{"href":"https:\/\/tmandoutdoor.com\/es\/wp-json\/wp\/v2\/product"}],"about":[{"href":"https:\/\/tmandoutdoor.com\/es\/wp-json\/wp\/v2\/types\/product"}],"replies":[{"embeddable":true,"href":"https:\/\/tmandoutdoor.com\/es\/wp-json\/wp\/v2\/comments?post=24544"}],"wp:featuredmedia":[{"embeddable":true,"href":"https:\/\/tmandoutdoor.com\/es\/wp-json\/wp\/v2\/media\/23563"}],"wp:attachment":[{"href":"https:\/\/tmandoutdoor.com\/es\/wp-json\/wp\/v2\/media?parent=24544"}],"wp:term":[{"taxonomy":"product_brand","embeddable":true,"href":"https:\/\/tmandoutdoor.com\/es\/wp-json\/wp\/v2\/product_brand?post=24544"},{"taxonomy":"product_cat","embeddable":true,"href":"https:\/\/tmandoutdoor.com\/es\/wp-json\/wp\/v2\/product_cat?post=24544"},{"taxonomy":"product_tag","embeddable":true,"href":"https:\/\/tmandoutdoor.com\/es\/wp-json\/wp\/v2\/product_tag?post=24544"},{"taxonomy":"marque","embeddable":true,"href":"https:\/\/tmandoutdoor.com\/es\/wp-json\/wp\/v2\/marque?post=24544"}],"curies":[{"name":"wp","href":"https:\/\/api.w.org\/{rel}","templated":true}]}}