{"id":24483,"date":"2025-07-12T16:33:28","date_gmt":"2025-07-12T14:33:28","guid":{"rendered":"https:\/\/tmandoutdoor.com\/produit\/zapatos-haix-clima-templado-ejercito-frances\/"},"modified":"2026-03-02T11:34:29","modified_gmt":"2026-03-02T10:34:29","slug":"zapatos-haix-clima-templado-ejercito-frances","status":"publish","type":"product","link":"https:\/\/tmandoutdoor.com\/es\/producto\/zapatos-haix-clima-templado-ejercito-frances\/","title":{"rendered":"Calzado militar HAIX para zonas templadas"},"content":{"rendered":"<h2 id=\"chaussure-de-combat-haix-pour-climat-tempere\">Botas de combate HAIX para climas templados<\/h2>\n<p>Estos <strong>zapatos militares de campa\u00f1a HAIX<\/strong> est\u00e1n dise\u00f1ados para el Ej\u00e9rcito franc\u00e9s para operaciones en zonas templadas. Ideales para senderismo, actividades al aire libre y condiciones de combate. <\/p>\n<h2 id=\"caracteristiques-de-cette-chaussure-militaire-haix-avec-gore-tex\">Caracter\u00edsticas de esta bota militar HAIX con Gore-Tex<\/h2>\n<ul>\n<li><strong>Parte superior de piel de ante y textil<\/strong> &#8211; <strong>Forro de Gore-Tex<\/strong> con membrana impermeable para una transpirabilidad \u00f3ptima<\/li>\n<li>Cord\u00f3n r\u00e1pido con sistema de bola &#8211; F\u00e1cil de colocar en el campo<\/li>\n<li>Dise\u00f1o asim\u00e9trico para mayor comodidad<\/li>\n<li><strong>Protecci\u00f3n<\/strong> reforzada <strong>del mal\u00e9olo<\/strong> <\/li>\n<li><strong>Entresuela de nylon<\/strong> (estabilizadora) y <strong>suela Vibram<\/strong> &#8211; Confort \u00f3ptimo para todo tipo de terrenos<\/li>\n<li>Espuma viscoel\u00e1stica de confort<\/li>\n<li>2 tipos de plantillas disponibles &#8211; Para climas fr\u00edos o zonas templadas, adaptables al clima<\/li>\n<li>Ligero y robusto<\/li>\n<li>Color: coyote<\/li>\n<li>Fabricaci\u00f3n europea<\/li>\n<\/ul>\n<h2 id=\"prix-et-avantages-de-cette-chaussure-de-ranger-haix\">Precio y ventajas de esta zapatilla HAIX ranger<\/h2>\n<p>Ligero y robusto, este <strong>zapato de combate HAIX<\/strong> ofrece protecci\u00f3n para los mal\u00e9olos y una excelente relaci\u00f3n calidad-precio. Dise\u00f1ado para el Ej\u00e9rcito franc\u00e9s, es perfecto para el senderismo, las salidas a la naturaleza y todo tipo de terrenos. La <strong>membrana Gore-Tex<\/strong> garantiza una protecci\u00f3n impermeable sin dejar de ser transpirable, incluso en las condiciones m\u00e1s exigentes de las zonas templadas.  <\/p>\n<p>Fotos no contractuales<\/p>\n<p>&nbsp;<\/p>\n","protected":false},"excerpt":{"rendered":"<p>Zapatos de combate HAIX para zonas templadas. Forro Gore-Tex transpirable, suela Vibram robusta. Utilizadas por el ej\u00e9rcito franc\u00e9s, perfectas para el senderismo y el terreno. Ligeras e impermeables.   <\/p>\n","protected":false},"featured_media":30309,"comment_status":"closed","ping_status":"closed","template":"","meta":[],"product_brand":[1188],"product_cat":[419,239,423,211],"product_tag":[],"marque":[],"class_list":{"0":"post-24483","1":"product","2":"type-product","3":"status-publish","4":"has-post-thumbnail","6":"product_brand-haix","7":"product_cat-o-que-ha-de-novo-es","8":"product_cat-promociones","9":"product_cat-tendencias","10":"product_cat-zapatos-marbot-compagnie","12":"first","13":"instock","14":"sale","15":"taxable","16":"shipping-taxable","17":"purchasable","18":"product-type-variable","19":"has-default-attributes"},"aioseo_notices":[],"_links":{"self":[{"href":"https:\/\/tmandoutdoor.com\/es\/wp-json\/wp\/v2\/product\/24483","targetHints":{"allow":["GET"]}}],"collection":[{"href":"https:\/\/tmandoutdoor.com\/es\/wp-json\/wp\/v2\/product"}],"about":[{"href":"https:\/\/tmandoutdoor.com\/es\/wp-json\/wp\/v2\/types\/product"}],"replies":[{"embeddable":true,"href":"https:\/\/tmandoutdoor.com\/es\/wp-json\/wp\/v2\/comments?post=24483"}],"wp:featuredmedia":[{"embeddable":true,"href":"https:\/\/tmandoutdoor.com\/es\/wp-json\/wp\/v2\/media\/30309"}],"wp:attachment":[{"href":"https:\/\/tmandoutdoor.com\/es\/wp-json\/wp\/v2\/media?parent=24483"}],"wp:term":[{"taxonomy":"product_brand","embeddable":true,"href":"https:\/\/tmandoutdoor.com\/es\/wp-json\/wp\/v2\/product_brand?post=24483"},{"taxonomy":"product_cat","embeddable":true,"href":"https:\/\/tmandoutdoor.com\/es\/wp-json\/wp\/v2\/product_cat?post=24483"},{"taxonomy":"product_tag","embeddable":true,"href":"https:\/\/tmandoutdoor.com\/es\/wp-json\/wp\/v2\/product_tag?post=24483"},{"taxonomy":"marque","embeddable":true,"href":"https:\/\/tmandoutdoor.com\/es\/wp-json\/wp\/v2\/marque?post=24483"}],"curies":[{"name":"wp","href":"https:\/\/api.w.org\/{rel}","templated":true}]}}