{"id":24182,"date":"2025-01-26T21:53:10","date_gmt":"2025-01-26T20:53:10","guid":{"rendered":"https:\/\/tmandoutdoor.com\/produit\/gorro-de-thinsulate\/"},"modified":"2025-01-26T21:53:10","modified_gmt":"2025-01-26T20:53:10","slug":"gorro-de-thinsulate","status":"publish","type":"product","link":"https:\/\/tmandoutdoor.com\/es\/producto\/gorro-de-thinsulate\/","title":{"rendered":"Gorro de Thinsulate"},"content":{"rendered":"<p>Forro de Thinsulate<\/p>\n<p>Composici\u00f3n: 100% acr\u00edlico.<\/p>\n","protected":false},"excerpt":{"rendered":"<p>Gorro c\u00e1lido y c\u00f3modo con forro de Thinsulate.<\/p>\n<p><strong> <b>Thinsulate<\/b> es una fibra sint\u00e9tica utilizada en la fabricaci\u00f3n de prendas de vestir como aislante t\u00e9rmico.<\/strong><\/p>\n","protected":false},"featured_media":18852,"comment_status":"closed","ping_status":"closed","template":"","meta":[],"product_brand":[],"product_cat":[290,918,419,423],"product_tag":[],"marque":[],"class_list":{"0":"post-24182","1":"product","2":"type-product","3":"status-publish","4":"has-post-thumbnail","6":"product_cat-accesorios","7":"product_cat-black-friday-es","8":"product_cat-o-que-ha-de-novo-es","9":"product_cat-tendencias","11":"first","12":"instock","13":"taxable","14":"shipping-taxable","15":"purchasable","16":"product-type-variable"},"aioseo_notices":[],"_links":{"self":[{"href":"https:\/\/tmandoutdoor.com\/es\/wp-json\/wp\/v2\/product\/24182","targetHints":{"allow":["GET"]}}],"collection":[{"href":"https:\/\/tmandoutdoor.com\/es\/wp-json\/wp\/v2\/product"}],"about":[{"href":"https:\/\/tmandoutdoor.com\/es\/wp-json\/wp\/v2\/types\/product"}],"replies":[{"embeddable":true,"href":"https:\/\/tmandoutdoor.com\/es\/wp-json\/wp\/v2\/comments?post=24182"}],"wp:featuredmedia":[{"embeddable":true,"href":"https:\/\/tmandoutdoor.com\/es\/wp-json\/wp\/v2\/media\/18852"}],"wp:attachment":[{"href":"https:\/\/tmandoutdoor.com\/es\/wp-json\/wp\/v2\/media?parent=24182"}],"wp:term":[{"taxonomy":"product_brand","embeddable":true,"href":"https:\/\/tmandoutdoor.com\/es\/wp-json\/wp\/v2\/product_brand?post=24182"},{"taxonomy":"product_cat","embeddable":true,"href":"https:\/\/tmandoutdoor.com\/es\/wp-json\/wp\/v2\/product_cat?post=24182"},{"taxonomy":"product_tag","embeddable":true,"href":"https:\/\/tmandoutdoor.com\/es\/wp-json\/wp\/v2\/product_tag?post=24182"},{"taxonomy":"marque","embeddable":true,"href":"https:\/\/tmandoutdoor.com\/es\/wp-json\/wp\/v2\/marque?post=24182"}],"curies":[{"name":"wp","href":"https:\/\/api.w.org\/{rel}","templated":true}]}}