{"id":23943,"date":"2025-04-19T15:18:56","date_gmt":"2025-04-19T13:18:56","guid":{"rendered":"https:\/\/tmandoutdoor.com\/produit\/marinero-ruso-telnyashka-azul-marino\/"},"modified":"2026-02-14T13:49:02","modified_gmt":"2026-02-14T12:49:02","slug":"marinero-ruso-telnyashka-azul-marino","status":"publish","type":"product","link":"https:\/\/tmandoutdoor.com\/es\/producto\/marinero-ruso-telnyashka-azul-marino\/","title":{"rendered":"Aut\u00e9ntica telnyashka rusa de algod\u00f3n natural &#8211; jersey marinero azul marino"},"content":{"rendered":"<h2 id=\"une-authentique-mariniere-a-l-adn-militaire\">Una <strong>aut\u00e9ntica<\/strong> chaqueta marinera con ADN militar<\/h2>\n<p><strong>Adoptamos la telnyashka<\/strong> para ofrecer a nuestra comunidad una camiseta a rayas cargada de historia. Nacida en las cubiertas de la Armada Imperial Rusa, esta prenda interior de rayas horizontales blancas se convirti\u00f3 en el uniforme emblem\u00e1tico de los submarinistas rusos, la infanter\u00eda naval rusa y las tropas aerotransportadas rusas. A\u00fan la llevan todos los marineros, oficiales y entusiastas del estilo naval que buscan autenticidad.  <\/p>\n<h2 id=\"pourquoi-choisir-notre-telnyashka\">\u00bfPor qu\u00e9 elegir nuestra Telnyashka?<\/h2>\n<ol>\n<li>100% algod\u00f3n natural sin blanquear 241 g\/m\u00b2: transpirable, suave y resistente.<\/li>\n<li>Tejido a m\u00e1quina con 2 agujas: elasticidad y sujeci\u00f3n incluso tras a\u00f1os de uso.<\/li>\n<li>Mangas largas para entretiempo o invierno bajo una chaqueta.<\/li>\n<li>Corte unisex de la XS a la XXL: una silueta recta que sienta bien a todo el mundo.<\/li>\n<li>Azul marino intenso con rayas horizontales en consonancia con los archivos navales sovi\u00e9ticos.<\/li>\n<\/ol>\n<h3 id=\"un-style-bleu-roi-hors-du-temps\">Un estilo &#8220;azul marino&#8221; atemporal<\/h3>\n<p>Llevada con vaqueros de denim crudo o con traje militar, la Telnyashka de rayas azules y blancas garantiza un look informal pero firme. Sus rayas azules regulares son perfectas tanto para conjuntos urbanos como para escapadas junto al mar. <\/p>\n<h3 id=\"heritage-et-fierte-russe\">Herencia y orgullo rusos<\/h3>\n<p>Desde la Flota Imperial hasta Stalingrado, cada telnyashka a rayas simbolizaba el valor y la camarader\u00eda. El famoso francotirador sovi\u00e9tico Vassili Zaitsev se neg\u00f3 a quit\u00e1rsela: prueba de que un simple par de calzoncillos a rayas horizontales puede encarnar a toda una naci\u00f3n. <\/p>\n<h2 id=\"guide-des-tailles\">Gu\u00eda de tallas<\/h2>\n<ol>\n<li>XS: talla de pecho 48 cm<\/li>\n<li>S: 50 cm<\/li>\n<li>M: 52 cm<\/li>\n<li>L : 54 cm<\/li>\n<li>XL: 56 cm<\/li>\n<li>XXL: 58 cm<\/li>\n<\/ol>\n<p>Elige tu talla habitual; el punto el\u00e1stico sigue tus movimientos.<\/p>\n<h3 id=\"engagement-qualite\">Compromiso con la calidad<\/h3>\n<p>Cada pieza se comprueba en nuestros talleres de Tours antes de su env\u00edo. Te garantizamos una telnyashka que cumple las normas de la marina rusa y est\u00e1 preparada para acompa\u00f1arte durante mucho tiempo. <\/p>\n<div class=\"group relative\">\n<div class=\"w-full overflow-x-auto md:max-w-[90vw] border-subtlest ring-subtlest divide-subtlest bg-transparent\">\n<table class=\"border-subtler my-[1em] w-full table-auto border-separate border-spacing-0 border-l border-t\">\n<thead class=\"bg-subtler\">\n<tr>\n<th class=\"border-subtler p-sm break-normal border-b border-r text-left align-top\">Talla<\/th>\n<th class=\"border-subtler p-sm break-normal border-b border-r text-left align-top\">Per\u00edmetro tor\u00e1cico (A)<\/th>\n<th class=\"border-subtler p-sm break-normal border-b border-r text-left align-top\">Longitud frontal (B)<\/th>\n<th class=\"border-subtler p-sm break-normal border-b border-r text-left align-top\">Longitud de la espalda (C)<\/th>\n<th class=\"border-subtler p-sm break-normal border-b border-r text-left align-top\">Longitud de la manga (D)<\/th>\n<th class=\"border-subtler p-sm break-normal border-b border-r text-left align-top\">Parte inferior de la camiseta (E)<\/th>\n<\/tr>\n<\/thead>\n<tbody>\n<tr>\n<td class=\"px-sm border-subtler min-w-[48px] break-normal border-b border-r\">XS<\/td>\n<td class=\"px-sm border-subtler min-w-[48px] break-normal border-b border-r\">82 cm (32\u2033)<\/td>\n<td class=\"px-sm border-subtler min-w-[48px] break-normal border-b border-r\">54 cm (21\u2033)<\/td>\n<td class=\"px-sm border-subtler min-w-[48px] break-normal border-b border-r\">58 cm (23\u2033)<\/td>\n<td class=\"px-sm border-subtler min-w-[48px] break-normal border-b border-r\">56 cm (22\u2033)<\/td>\n<td class=\"px-sm border-subtler min-w-[48px] break-normal border-b border-r\">84 cm (33\u2033 <span class=\"inline-flex\" aria-label=\"tableau-tailles-telnyashka.jpg\" data-state=\"closed\">)<\/span><\/td>\n<\/tr>\n<tr>\n<td class=\"px-sm border-subtler min-w-[48px] break-normal border-b border-r\">S<\/td>\n<td class=\"px-sm border-subtler min-w-[48px] break-normal border-b border-r\">88 cm (34,5\u2033)<\/td>\n<td class=\"px-sm border-subtler min-w-[48px] break-normal border-b border-r\">54 cm (21\u2033)<\/td>\n<td class=\"px-sm border-subtler min-w-[48px] break-normal border-b border-r\">58 cm (23\u2033)<\/td>\n<td class=\"px-sm border-subtler min-w-[48px] break-normal border-b border-r\">57 cm (22,5\u2033)<\/td>\n<td class=\"px-sm border-subtler min-w-[48px] break-normal border-b border-r\">90 cm (35\u2033 <span class=\"inline-flex\" aria-label=\"tableau-tailles-telnyashka.jpg\" data-state=\"closed\">)<\/span><\/td>\n<\/tr>\n<tr>\n<td class=\"px-sm border-subtler min-w-[48px] break-normal border-b border-r\">M<\/td>\n<td class=\"px-sm border-subtler min-w-[48px] break-normal border-b border-r\">94 cm (37\u2033)<\/td>\n<td class=\"px-sm border-subtler min-w-[48px] break-normal border-b border-r\">59 cm (23\u2033)<\/td>\n<td class=\"px-sm border-subtler min-w-[48px] break-normal border-b border-r\">65 cm (25,5\u2033)<\/td>\n<td class=\"px-sm border-subtler min-w-[48px] break-normal border-b border-r\">61 cm (24\u2033)<\/td>\n<td class=\"px-sm border-subtler min-w-[48px] break-normal border-b border-r\">98 cm (38,5\u2033 <span class=\"inline-flex\" aria-label=\"tableau-tailles-telnyashka.jpg\" data-state=\"closed\">)<\/span><\/td>\n<\/tr>\n<tr>\n<td class=\"px-sm border-subtler min-w-[48px] break-normal border-b border-r\">L<\/td>\n<td class=\"px-sm border-subtler min-w-[48px] break-normal border-b border-r\">102 cm (40\u2033)<\/td>\n<td class=\"px-sm border-subtler min-w-[48px] break-normal border-b border-r\">64 cm (25\u2033)<\/td>\n<td class=\"px-sm border-subtler min-w-[48px] break-normal border-b border-r\">70 cm (27,5\u2033)<\/td>\n<td class=\"px-sm border-subtler min-w-[48px] break-normal border-b border-r\">64 cm (25\u2033)<\/td>\n<td class=\"px-sm border-subtler min-w-[48px] break-normal border-b border-r\">102 cm (40\u2033 <span class=\"inline-flex\" aria-label=\"tableau-tailles-telnyashka.jpg\" data-state=\"closed\">)<\/span><\/td>\n<\/tr>\n<tr>\n<td class=\"px-sm border-subtler min-w-[48px] break-normal border-b border-r\">XL<\/td>\n<td class=\"px-sm border-subtler min-w-[48px] break-normal border-b border-r\">108 cm (42,5\u2033)<\/td>\n<td class=\"px-sm border-subtler min-w-[48px] break-normal border-b border-r\">68 cm (27\u2033)<\/td>\n<td class=\"px-sm border-subtler min-w-[48px] break-normal border-b border-r\">75 cm (29,5\u2033)<\/td>\n<td class=\"px-sm border-subtler min-w-[48px] break-normal border-b border-r\">65 cm (25,5\u2033)<\/td>\n<td class=\"px-sm border-subtler min-w-[48px] break-normal border-b border-r\">106 cm (42\u2033 <span class=\"inline-flex\" aria-label=\"tableau-tailles-telnyashka.jpg\" data-state=\"closed\">)<\/span><\/td>\n<\/tr>\n<tr>\n<td class=\"px-sm border-subtler min-w-[48px] break-normal border-b border-r\">XXL<\/td>\n<td class=\"px-sm border-subtler min-w-[48px] break-normal border-b border-r\">120 cm (47\u2033)<\/td>\n<td class=\"px-sm border-subtler min-w-[48px] break-normal border-b border-r\">70 cm (27,5\u2033)<\/td>\n<td class=\"px-sm border-subtler min-w-[48px] break-normal border-b border-r\">77 cm (30\u2033)<\/td>\n<td class=\"px-sm border-subtler min-w-[48px] break-normal border-b border-r\">67 cm (26\u2033)<\/td>\n<td class=\"px-sm border-subtler min-w-[48px] break-normal border-b border-r\">120 cm (47\u2033 <span class=\"inline-flex\" aria-label=\"tableau-tailles-telnyashka.jpg\" data-state=\"closed\">)<\/span><\/td>\n<\/tr>\n<tr>\n<td class=\"px-sm border-subtler min-w-[48px] break-normal border-b border-r\">3XL<\/td>\n<td class=\"px-sm border-subtler min-w-[48px] break-normal border-b border-r\">126 cm (49,5\u2033)<\/td>\n<td class=\"px-sm border-subtler min-w-[48px] break-normal border-b border-r\">72 cm (28\u2033)<\/td>\n<td class=\"px-sm border-subtler min-w-[48px] break-normal border-b border-r\">77 cm (30\u2033)<\/td>\n<td class=\"px-sm border-subtler min-w-[48px] break-normal border-b border-r\">68 cm (27\u2033)<\/td>\n<td class=\"px-sm border-subtler min-w-[48px] break-normal border-b border-r\">126 cm (49,5\u2033 <span class=\"inline-flex\" aria-label=\"tableau-tailles-telnyashka.jpg\" data-state=\"closed\">)<\/span><\/td>\n<\/tr>\n<\/tbody>\n<\/table>\n<\/div>\n<div class=\"bg-base border-subtler shadow-subtle pointer-coarse:opacity-100 right-xs absolute bottom-0 flex rounded-lg border opacity-0 transition-opacity group-hover:opacity-100 [&amp;&gt;*:not(:first-child)]:border-subtle [&amp;&gt;*:not(:first-child)]:border-l\">\n<div class=\"flex\"><\/div>\n<div class=\"flex\"><\/div>\n<\/div>\n<\/div>\n<ul class=\"marker:text-quiet list-disc\">\n<li class=\"py-0 my-0 prose-p:pt-0 prose-p:mb-2 prose-p:my-0 [&amp;&gt;p]:pt-0 [&amp;&gt;p]:mb-2 [&amp;&gt;p]:my-0\">\n<p class=\"my-2 [&amp;+p]:mt-4 [&amp;_strong:has(+br)]:inline-block [&amp;_strong:has(+br)]:pb-2\">Per\u00edmetro tor\u00e1cico (A): medida alrededor del pecho<span class=\"inline-flex\" aria-label=\"tableau-tailles-telnyashka.jpg\" data-state=\"closed\">.<\/span><\/p>\n<\/li>\n<li class=\"py-0 my-0 prose-p:pt-0 prose-p:mb-2 prose-p:my-0 [&amp;&gt;p]:pt-0 [&amp;&gt;p]:mb-2 [&amp;&gt;p]:my-0\">\n<p class=\"my-2 [&amp;+p]:mt-4 [&amp;_strong:has(+br)]:inline-block [&amp;_strong:has(+br)]:pb-2\">Longitud delantera (B): medida vertical de la parte delantera, desde el hombro hasta la parte inferior<span class=\"inline-flex\" aria-label=\"tableau-tailles-telnyashka.jpg\" data-state=\"closed\">.<\/span><\/p>\n<\/li>\n<li class=\"py-0 my-0 prose-p:pt-0 prose-p:mb-2 prose-p:my-0 [&amp;&gt;p]:pt-0 [&amp;&gt;p]:mb-2 [&amp;&gt;p]:my-0\">\n<p class=\"my-2 [&amp;+p]:mt-4 [&amp;_strong:has(+br)]:inline-block [&amp;_strong:has(+br)]:pb-2\">Longitud de la espalda (C): medida vertical de la espalda, desde la nuca hasta la parte inferior<span class=\"inline-flex\" aria-label=\"tableau-tailles-telnyashka.jpg\" data-state=\"closed\">.<\/span><\/p>\n<\/li>\n<li class=\"py-0 my-0 prose-p:pt-0 prose-p:mb-2 prose-p:my-0 [&amp;&gt;p]:pt-0 [&amp;&gt;p]:mb-2 [&amp;&gt;p]:my-0\">\n<p class=\"my-2 [&amp;+p]:mt-4 [&amp;_strong:has(+br)]:inline-block [&amp;_strong:has(+br)]:pb-2\">Longitud de la manga (S): medida desde el hombro hasta el final de la manga<span class=\"inline-flex\" aria-label=\"tableau-tailles-telnyashka.jpg\" data-state=\"closed\">.<\/span><\/p>\n<\/li>\n<li class=\"py-0 my-0 prose-p:pt-0 prose-p:mb-2 prose-p:my-0 [&amp;&gt;p]:pt-0 [&amp;&gt;p]:mb-2 [&amp;&gt;p]:my-0\">\n<p class=\"my-2 [&amp;+p]:mt-4 [&amp;_strong:has(+br)]:inline-block [&amp;_strong:has(+br)]:pb-2\">Parte inferior de la camiseta (E): per\u00edmetro de la cintura\/per\u00edmetro de los hombros en la parte inferior de la prenda.<\/p>\n<\/li>\n<\/ul>\n<p>&nbsp;<\/p>\n","protected":false},"excerpt":{"rendered":"<p>Descubre la aut\u00e9ntica Telnyashka rusa, una chaqueta marinera unisex azul marino de algod\u00f3n natural de 241 g\/m\u00b2, de manga larga, heredada de la marina rusa: comodidad, estilo e historia en una sola prenda.<\/p>\n","protected":false},"featured_media":37308,"comment_status":"closed","ping_status":"closed","template":"","meta":[],"product_brand":[],"product_cat":[448,292,291],"product_tag":[],"marque":[],"class_list":{"0":"post-23943","1":"product","2":"type-product","3":"status-publish","4":"has-post-thumbnail","6":"product_cat-alto","7":"product_cat-hombre","8":"product_cat-mujer","9":"product_shipping_class-standard-es","11":"first","12":"instock","13":"taxable","14":"shipping-taxable","15":"purchasable","16":"product-type-variable"},"aioseo_notices":[],"_links":{"self":[{"href":"https:\/\/tmandoutdoor.com\/es\/wp-json\/wp\/v2\/product\/23943","targetHints":{"allow":["GET"]}}],"collection":[{"href":"https:\/\/tmandoutdoor.com\/es\/wp-json\/wp\/v2\/product"}],"about":[{"href":"https:\/\/tmandoutdoor.com\/es\/wp-json\/wp\/v2\/types\/product"}],"replies":[{"embeddable":true,"href":"https:\/\/tmandoutdoor.com\/es\/wp-json\/wp\/v2\/comments?post=23943"}],"wp:featuredmedia":[{"embeddable":true,"href":"https:\/\/tmandoutdoor.com\/es\/wp-json\/wp\/v2\/media\/37308"}],"wp:attachment":[{"href":"https:\/\/tmandoutdoor.com\/es\/wp-json\/wp\/v2\/media?parent=23943"}],"wp:term":[{"taxonomy":"product_brand","embeddable":true,"href":"https:\/\/tmandoutdoor.com\/es\/wp-json\/wp\/v2\/product_brand?post=23943"},{"taxonomy":"product_cat","embeddable":true,"href":"https:\/\/tmandoutdoor.com\/es\/wp-json\/wp\/v2\/product_cat?post=23943"},{"taxonomy":"product_tag","embeddable":true,"href":"https:\/\/tmandoutdoor.com\/es\/wp-json\/wp\/v2\/product_tag?post=23943"},{"taxonomy":"marque","embeddable":true,"href":"https:\/\/tmandoutdoor.com\/es\/wp-json\/wp\/v2\/marque?post=23943"}],"curies":[{"name":"wp","href":"https:\/\/api.w.org\/{rel}","templated":true}]}}