{"id":17623,"date":"2024-10-19T16:17:06","date_gmt":"2024-10-19T14:17:06","guid":{"rendered":"https:\/\/tmandoutdoor.com\/produit\/envio-tarjetero-verde-oliva\/"},"modified":"2024-11-15T21:31:52","modified_gmt":"2024-11-15T20:31:52","slug":"envio-tarjetero-verde-oliva","status":"publish","type":"product","link":"https:\/\/tmandoutdoor.com\/es\/producto\/envio-tarjetero-verde-oliva\/","title":{"rendered":"ENV\u00cdO tarjetero verde oliva"},"content":{"rendered":"<p><a title=\"Ykk\"><img decoding=\"async\" src=\"https:\/\/media.a10-equipment.com\/media\/\/sync\/picto\/x74\/Ykk.jpg\" alt=\"Ykk\"><\/a><\/p>\n<p>CARACTER\u00cdSTICAS: &#8211; tratamiento repelente al agua DWR-TECH &#8211; cremallera YKK\u00ae de apertura y cierre &#8211; sistema de cremallera de agarre r\u00e1pido &#8211; 1 bolsillo central transparente para tarjetas COMPOSICI\u00d3N: &#8211; PVC &#8211; poli\u00e9ster COLORES: verde oliva DIMENSIONES: &#8211; plano: An.<br \/>\n 53 x A. 63 cm &#8211; plegado: A. 28 x A. 16 cm PESO: 180 g Se entrega sin accesorios CONSEJOS DE CUIDADO: cepilla el tarjetero y l\u00edmpialo con un pa\u00f1o y jab\u00f3n; s\u00e9calo lejos de una fuente de calor; no lo laves a m\u00e1quina<\/p>\n","protected":false},"excerpt":{"rendered":"<p>El tarjetero EXPEDITION, con cierre de cremallera YKK\u00ae, tiene 2 grandes paneles transparentes delante y detr\u00e1s para una perfecta legibilidad. Su superficie de PVC protege tus tarjetas de la intemperie, la suciedad, etc. <\/p>\n","protected":false},"featured_media":16063,"comment_status":"closed","ping_status":"closed","template":"","meta":[],"product_brand":[],"product_cat":[449],"product_tag":[],"marque":[],"class_list":{"0":"post-17623","1":"product","2":"type-product","3":"status-publish","4":"has-post-thumbnail","6":"product_cat-accesorios-exterior","8":"first","9":"instock","10":"taxable","11":"shipping-taxable","12":"purchasable","13":"product-type-simple"},"aioseo_notices":[],"_links":{"self":[{"href":"https:\/\/tmandoutdoor.com\/es\/wp-json\/wp\/v2\/product\/17623","targetHints":{"allow":["GET"]}}],"collection":[{"href":"https:\/\/tmandoutdoor.com\/es\/wp-json\/wp\/v2\/product"}],"about":[{"href":"https:\/\/tmandoutdoor.com\/es\/wp-json\/wp\/v2\/types\/product"}],"replies":[{"embeddable":true,"href":"https:\/\/tmandoutdoor.com\/es\/wp-json\/wp\/v2\/comments?post=17623"}],"wp:featuredmedia":[{"embeddable":true,"href":"https:\/\/tmandoutdoor.com\/es\/wp-json\/wp\/v2\/media\/16063"}],"wp:attachment":[{"href":"https:\/\/tmandoutdoor.com\/es\/wp-json\/wp\/v2\/media?parent=17623"}],"wp:term":[{"taxonomy":"product_brand","embeddable":true,"href":"https:\/\/tmandoutdoor.com\/es\/wp-json\/wp\/v2\/product_brand?post=17623"},{"taxonomy":"product_cat","embeddable":true,"href":"https:\/\/tmandoutdoor.com\/es\/wp-json\/wp\/v2\/product_cat?post=17623"},{"taxonomy":"product_tag","embeddable":true,"href":"https:\/\/tmandoutdoor.com\/es\/wp-json\/wp\/v2\/product_tag?post=17623"},{"taxonomy":"marque","embeddable":true,"href":"https:\/\/tmandoutdoor.com\/es\/wp-json\/wp\/v2\/marque?post=17623"}],"curies":[{"name":"wp","href":"https:\/\/api.w.org\/{rel}","templated":true}]}}