{"id":17578,"date":"2024-10-17T21:39:55","date_gmt":"2024-10-17T19:39:55","guid":{"rendered":"https:\/\/tmandoutdoor.com\/produit\/chaqueta-de-piloto-bombardero-ma-1-negra\/"},"modified":"2026-01-31T17:12:01","modified_gmt":"2026-01-31T16:12:01","slug":"chaqueta-de-piloto-bombardero-ma-1-negra","status":"publish","type":"product","link":"https:\/\/tmandoutdoor.com\/es\/producto\/chaqueta-de-piloto-bombardero-ma-1-negra\/","title":{"rendered":"Cazadora de aviador MA-1 negra"},"content":{"rendered":"<h2 id=\"un-blouson-aviateur-intemporel-et-polyvalent\">Una cazadora de aviador atemporal y vers\u00e1til<\/h2>\n<p>La <strong>cazadora de vuelo MA-1<\/strong> es una <strong>cazadora bombardera atemporal<\/strong>, a la moda, ligera y c\u00e1lida. Esta aviadora militar combina con todos los estilos y todas las estaciones. <\/p>\n<h2 id=\"caracteristiques-et-design-du-bomber-noir\">Caracter\u00edsticas y dise\u00f1o del bombardero negro<\/h2>\n<ul>\n<li>2 amplios bolsillos laterales<\/li>\n<li>1 bolsillo con cremallera en la manga<\/li>\n<li>Composici\u00f3n: 100% nailon de calidad<\/li>\n<li>Aut\u00e9ntico estilo de cazadora de aviador<\/li>\n<li>Se ajusta a la talla<\/li>\n<\/ul>\n<h2 id=\"matiere-et-construction-du-blouson-de-vol\">Material y construcci\u00f3n de la chaqueta de vuelo<\/h2>\n<p>Esta chaqueta MA-1 est\u00e1 fabricada con <strong>nailon 100% robusto<\/strong>, que ofrece una excelente resistencia a los elementos. El ligero tejido de nailon combinado con el forro interior crea una chaqueta bomber c\u00f3moda y cortaviento, perfecta para actividades al aire libre. <\/p>\n<h2 id=\"pourquoi-choisir-ce-blouson-aviateur-noir\">\u00bfPor qu\u00e9 elegir esta cazadora de aviador negra?<\/h2>\n<p>Esta chaqueta de piloto MA-1 combina el estilo militar atemporal con la practicidad. Los pu\u00f1os el\u00e1sticos y la cremallera central te mantienen abrigado, mientras que los bolsillos con cremallera guardan tus pertenencias. Tanto si buscas una aut\u00e9ntica chaqueta surplus como una bomber a la \u00faltima, este modelo negro se adaptar\u00e1 a todos los estilos y estaciones.  <\/p>\n<p><\/p>\n","protected":false},"excerpt":{"rendered":"<p>Descubre la cazadora MA-1 negra, la cazadora bomber imprescindible. De estilo militar, ligera y c\u00e1lida, con una composici\u00f3n 100% nailon y acabados de primera calidad para una mayor calidez. <\/p>\n","protected":false},"featured_media":15762,"comment_status":"closed","ping_status":"closed","template":"","meta":[],"product_brand":[],"product_cat":[448,918,419,423],"product_tag":[],"marque":[],"class_list":{"0":"post-17578","1":"product","2":"type-product","3":"status-publish","4":"has-post-thumbnail","6":"product_cat-alto","7":"product_cat-black-friday-es","8":"product_cat-o-que-ha-de-novo-es","9":"product_cat-tendencias","11":"first","12":"instock","13":"taxable","14":"shipping-taxable","15":"purchasable","16":"product-type-variable"},"aioseo_notices":[],"_links":{"self":[{"href":"https:\/\/tmandoutdoor.com\/es\/wp-json\/wp\/v2\/product\/17578","targetHints":{"allow":["GET"]}}],"collection":[{"href":"https:\/\/tmandoutdoor.com\/es\/wp-json\/wp\/v2\/product"}],"about":[{"href":"https:\/\/tmandoutdoor.com\/es\/wp-json\/wp\/v2\/types\/product"}],"replies":[{"embeddable":true,"href":"https:\/\/tmandoutdoor.com\/es\/wp-json\/wp\/v2\/comments?post=17578"}],"wp:featuredmedia":[{"embeddable":true,"href":"https:\/\/tmandoutdoor.com\/es\/wp-json\/wp\/v2\/media\/15762"}],"wp:attachment":[{"href":"https:\/\/tmandoutdoor.com\/es\/wp-json\/wp\/v2\/media?parent=17578"}],"wp:term":[{"taxonomy":"product_brand","embeddable":true,"href":"https:\/\/tmandoutdoor.com\/es\/wp-json\/wp\/v2\/product_brand?post=17578"},{"taxonomy":"product_cat","embeddable":true,"href":"https:\/\/tmandoutdoor.com\/es\/wp-json\/wp\/v2\/product_cat?post=17578"},{"taxonomy":"product_tag","embeddable":true,"href":"https:\/\/tmandoutdoor.com\/es\/wp-json\/wp\/v2\/product_tag?post=17578"},{"taxonomy":"marque","embeddable":true,"href":"https:\/\/tmandoutdoor.com\/es\/wp-json\/wp\/v2\/marque?post=17578"}],"curies":[{"name":"wp","href":"https:\/\/api.w.org\/{rel}","templated":true}]}}