{"id":16978,"date":"2024-07-03T14:43:27","date_gmt":"2024-07-03T12:43:27","guid":{"rendered":"https:\/\/tmandoutdoor.com\/produit\/camiseta-serigrafiada-ejercito-frances\/"},"modified":"2024-07-03T14:43:27","modified_gmt":"2024-07-03T12:43:27","slug":"camiseta-serigrafiada-ejercito-frances","status":"publish","type":"product","link":"https:\/\/tmandoutdoor.com\/es\/producto\/camiseta-serigrafiada-ejercito-frances\/","title":{"rendered":"Camiseta serigrafiada &#8220;Ej\u00e9rcito franc\u00e9s"},"content":{"rendered":"<p>Esta camiseta est\u00e1 hecha de algod\u00f3n de alto gramaje (190 g\/m2). Impresi\u00f3n en el pecho: 100 mm de ancho Impresi\u00f3n en la espalda: 290 mm de ancho<\/p>\n","protected":false},"excerpt":{"rendered":"<p>Camiseta serigrafiada &#8220;Ej\u00e9rcito franc\u00e9s&#8221; en el pecho y en la espalda.<\/p>\n","protected":false},"featured_media":13760,"comment_status":"closed","ping_status":"closed","template":"","meta":[],"product_brand":[],"product_cat":[448,419],"product_tag":[],"marque":[],"class_list":{"0":"post-16978","1":"product","2":"type-product","3":"status-publish","4":"has-post-thumbnail","6":"product_cat-alto","7":"product_cat-o-que-ha-de-novo-es","8":"product_shipping_class-standard-es","10":"first","11":"instock","12":"taxable","13":"shipping-taxable","14":"purchasable","15":"product-type-variable"},"aioseo_notices":[],"_links":{"self":[{"href":"https:\/\/tmandoutdoor.com\/es\/wp-json\/wp\/v2\/product\/16978","targetHints":{"allow":["GET"]}}],"collection":[{"href":"https:\/\/tmandoutdoor.com\/es\/wp-json\/wp\/v2\/product"}],"about":[{"href":"https:\/\/tmandoutdoor.com\/es\/wp-json\/wp\/v2\/types\/product"}],"replies":[{"embeddable":true,"href":"https:\/\/tmandoutdoor.com\/es\/wp-json\/wp\/v2\/comments?post=16978"}],"wp:featuredmedia":[{"embeddable":true,"href":"https:\/\/tmandoutdoor.com\/es\/wp-json\/wp\/v2\/media\/13760"}],"wp:attachment":[{"href":"https:\/\/tmandoutdoor.com\/es\/wp-json\/wp\/v2\/media?parent=16978"}],"wp:term":[{"taxonomy":"product_brand","embeddable":true,"href":"https:\/\/tmandoutdoor.com\/es\/wp-json\/wp\/v2\/product_brand?post=16978"},{"taxonomy":"product_cat","embeddable":true,"href":"https:\/\/tmandoutdoor.com\/es\/wp-json\/wp\/v2\/product_cat?post=16978"},{"taxonomy":"product_tag","embeddable":true,"href":"https:\/\/tmandoutdoor.com\/es\/wp-json\/wp\/v2\/product_tag?post=16978"},{"taxonomy":"marque","embeddable":true,"href":"https:\/\/tmandoutdoor.com\/es\/wp-json\/wp\/v2\/marque?post=16978"}],"curies":[{"name":"wp","href":"https:\/\/api.w.org\/{rel}","templated":true}]}}