{"id":16970,"date":"2024-06-27T16:31:44","date_gmt":"2024-06-27T14:31:44","guid":{"rendered":"https:\/\/tmandoutdoor.com\/produit\/lana-clasica-royal-stewart-throw\/"},"modified":"2026-02-02T17:25:19","modified_gmt":"2026-02-02T16:25:19","slug":"lana-clasica-royal-stewart-throw","status":"publish","type":"product","link":"https:\/\/tmandoutdoor.com\/es\/producto\/lana-clasica-royal-stewart-throw\/","title":{"rendered":"Colcha de lana de tart\u00e1n Royal Stewart &#8211; Lana cl\u00e1sica"},"content":{"rendered":"<p>Descubre nuestro magn\u00edfico <strong>plaid<\/strong> Classic <strong>Wool\u00ae<\/strong> con su fino tejido y su tacto excepcionalmente suave. Este <strong>plaid tart\u00e1n<\/strong> combina una calidad excepcional con una comodidad atemporal. <\/p>\n<h2 id=\"le-tartan-royal-stewart-un-plaid-de-collection-ecossais-authentique\">Royal Stewart tartan: una aut\u00e9ntica colecci\u00f3n de cuadros tart\u00e1n<\/h2>\n<p>Este distintivo estampado de cuadros, o tart\u00e1n, es mundialmente conocido por su asociaci\u00f3n con la Casa Real de Stewart. El tart\u00e1n es famoso por ser el tart\u00e1n personal de la reina Isabel II, s\u00edmbolo de la elegancia y la artesan\u00eda brit\u00e1nicas. <\/p>\n<h2 id=\"polyvalence-et-protection-votre-plaid-en-laine-pour-toutes-les-saisons\">Versatilidad y protecci\u00f3n: tu manta de lana para todas las estaciones<\/h2>\n<p>Esta <strong>manta de lana reversible<\/strong> te mantendr\u00e1 caliente y acogedor por las noches. Prot\u00e9gete del fr\u00edo y la humedad en casa, en el coche o en un vivac al aire libre. Su textura de tejido ligero ofrece una suavidad notable para realzar tu decoraci\u00f3n interior o exterior.  <\/p>\n<h2 id=\"composition-et-qualite-laine-pure-et-materiaux-durables\">Composici\u00f3n y calidad: lana pura y materiales duraderos<\/h2>\n<p><strong>Composici\u00f3n de primera calidad :<\/strong><\/p>\n<ul>\n<li>80% lana merina virgen (suave y termorreguladora)<\/li>\n<li>20% de fibra reciclada (compromiso sostenible)<\/li>\n<\/ul>\n<p>Esta fina mezcla de lana garantiza una calidad excepcional y un toque de elegancia atemporal.<\/p>\n<h2 id=\"caracteristiques-et-dimensions-du-plaid-ecossais\">Caracter\u00edsticas y dimensiones de la tela escocesa tart\u00e1n<\/h2>\n<ul>\n<li><strong>Dimensiones:<\/strong> aprox. 150 \u00d7 220 cm (las dimensiones son indicativas y pueden variar unos cent\u00edmetros)<\/li>\n<li><strong>Peso:<\/strong> aprox. 1.700 g<\/li>\n<li><strong>Fabricaci\u00f3n:<\/strong> Tejido en la India con la mejor artesan\u00eda<\/li>\n<li><strong>Dise\u00f1o:<\/strong> tart\u00e1n Royal Stewart en tonos rojos y cl\u00e1sicos<\/li>\n<\/ul>\n<p><strong>Confeccionada con esmero<\/strong>, esta manta de lana de tart\u00e1n combina tradici\u00f3n y durabilidad. Perfecta para tus salidas al aire libre, tus momentos junto al fuego o tu decoraci\u00f3n con su magn\u00edfico estampado de cuadros. Invierte en una pieza atemporal de calidad.  <\/p>\n<p><\/p>\n","protected":false},"excerpt":{"rendered":"<p>Manta reversible de lana virgen de tart\u00e1n Royal Stewart. Tejido fino, suave y duradero. Prot\u00e9gete del fr\u00edo con este tart\u00e1n cl\u00e1sico inspirado en la realeza brit\u00e1nica.  <\/p>\n","protected":false},"featured_media":13430,"comment_status":"closed","ping_status":"closed","template":"","meta":[],"product_brand":[],"product_cat":[575,602],"product_tag":[],"marque":[],"class_list":{"0":"post-16970","1":"product","2":"type-product","3":"status-publish","4":"has-post-thumbnail","6":"product_cat-frazada-swiss-link","7":"product_cat-tartan-classic-wool","8":"product_shipping_class-standard-es","10":"first","11":"outofstock","12":"taxable","13":"shipping-taxable","14":"purchasable","15":"product-type-simple"},"aioseo_notices":[],"_links":{"self":[{"href":"https:\/\/tmandoutdoor.com\/es\/wp-json\/wp\/v2\/product\/16970","targetHints":{"allow":["GET"]}}],"collection":[{"href":"https:\/\/tmandoutdoor.com\/es\/wp-json\/wp\/v2\/product"}],"about":[{"href":"https:\/\/tmandoutdoor.com\/es\/wp-json\/wp\/v2\/types\/product"}],"replies":[{"embeddable":true,"href":"https:\/\/tmandoutdoor.com\/es\/wp-json\/wp\/v2\/comments?post=16970"}],"wp:featuredmedia":[{"embeddable":true,"href":"https:\/\/tmandoutdoor.com\/es\/wp-json\/wp\/v2\/media\/13430"}],"wp:attachment":[{"href":"https:\/\/tmandoutdoor.com\/es\/wp-json\/wp\/v2\/media?parent=16970"}],"wp:term":[{"taxonomy":"product_brand","embeddable":true,"href":"https:\/\/tmandoutdoor.com\/es\/wp-json\/wp\/v2\/product_brand?post=16970"},{"taxonomy":"product_cat","embeddable":true,"href":"https:\/\/tmandoutdoor.com\/es\/wp-json\/wp\/v2\/product_cat?post=16970"},{"taxonomy":"product_tag","embeddable":true,"href":"https:\/\/tmandoutdoor.com\/es\/wp-json\/wp\/v2\/product_tag?post=16970"},{"taxonomy":"marque","embeddable":true,"href":"https:\/\/tmandoutdoor.com\/es\/wp-json\/wp\/v2\/marque?post=16970"}],"curies":[{"name":"wp","href":"https:\/\/api.w.org\/{rel}","templated":true}]}}