{"id":16881,"date":"2024-10-19T20:31:29","date_gmt":"2024-10-19T18:31:29","guid":{"rendered":"https:\/\/tmandoutdoor.com\/produit\/proteccion-de-rodilla-101-inc\/"},"modified":"2024-10-19T20:31:29","modified_gmt":"2024-10-19T18:31:29","slug":"proteccion-de-rodilla-101-inc","status":"publish","type":"product","link":"https:\/\/tmandoutdoor.com\/es\/producto\/proteccion-de-rodilla-101-inc\/","title":{"rendered":"Protecci\u00f3n de rodilla 101 Inc."},"content":{"rendered":"<p>Composici\u00f3n: nailon y pl\u00e1stico.<\/p>\n","protected":false},"excerpt":{"rendered":"<p>Composici\u00f3n: nailon y pl\u00e1stico.<\/p>\n","protected":false},"featured_media":16341,"comment_status":"closed","ping_status":"closed","template":"","meta":[],"product_brand":[],"product_cat":[449],"product_tag":[],"marque":[735],"class_list":{"0":"post-16881","1":"product","2":"type-product","3":"status-publish","4":"has-post-thumbnail","6":"product_cat-accesorios-exterior","7":"marque-101-inc","9":"first","10":"instock","11":"taxable","12":"shipping-taxable","13":"purchasable","14":"product-type-variable"},"aioseo_notices":[],"_links":{"self":[{"href":"https:\/\/tmandoutdoor.com\/es\/wp-json\/wp\/v2\/product\/16881","targetHints":{"allow":["GET"]}}],"collection":[{"href":"https:\/\/tmandoutdoor.com\/es\/wp-json\/wp\/v2\/product"}],"about":[{"href":"https:\/\/tmandoutdoor.com\/es\/wp-json\/wp\/v2\/types\/product"}],"replies":[{"embeddable":true,"href":"https:\/\/tmandoutdoor.com\/es\/wp-json\/wp\/v2\/comments?post=16881"}],"wp:featuredmedia":[{"embeddable":true,"href":"https:\/\/tmandoutdoor.com\/es\/wp-json\/wp\/v2\/media\/16341"}],"wp:attachment":[{"href":"https:\/\/tmandoutdoor.com\/es\/wp-json\/wp\/v2\/media?parent=16881"}],"wp:term":[{"taxonomy":"product_brand","embeddable":true,"href":"https:\/\/tmandoutdoor.com\/es\/wp-json\/wp\/v2\/product_brand?post=16881"},{"taxonomy":"product_cat","embeddable":true,"href":"https:\/\/tmandoutdoor.com\/es\/wp-json\/wp\/v2\/product_cat?post=16881"},{"taxonomy":"product_tag","embeddable":true,"href":"https:\/\/tmandoutdoor.com\/es\/wp-json\/wp\/v2\/product_tag?post=16881"},{"taxonomy":"marque","embeddable":true,"href":"https:\/\/tmandoutdoor.com\/es\/wp-json\/wp\/v2\/marque?post=16881"}],"curies":[{"name":"wp","href":"https:\/\/api.w.org\/{rel}","templated":true}]}}