{"id":16851,"date":"2024-10-19T17:12:24","date_gmt":"2024-10-19T15:12:24","guid":{"rendered":"https:\/\/tmandoutdoor.com\/produit\/saco-de-dormir-x-pro-confort\/"},"modified":"2026-02-13T13:37:17","modified_gmt":"2026-02-13T12:37:17","slug":"saco-de-dormir-x-pro-confort","status":"publish","type":"product","link":"https:\/\/tmandoutdoor.com\/es\/producto\/saco-de-dormir-x-pro-confort\/","title":{"rendered":"Saco de dormir XXL X-PRO CONFORT &#8211; gran anchura"},"content":{"rendered":"<h2 id=\"un-sac-de-couchage-xxl-concu-pour-la-grande-taille\">Un saco de dormir XXL dise\u00f1ado para personas altas<\/h2>\n<p>\u00a1Extra ancho! Con una <strong>anchura de hombros de 85 cm<\/strong>, este saco de dormir XXL ayudar\u00e1 a las personas grandes a evitar el efecto &#8220;salchicha&#8221; de un saco de dormir tradicional. Este accesorio de dormir para adultos grandes ofrece la comodidad que buscas para acampar, hacer senderismo o vivaquear.  <\/p>\n<p>Complementa este saco de dormir con nuestro saco interior de micropolar de las mismas dimensiones para obtener 6 \u00b0C m\u00e1s de calor.<\/p>\n<h2 id=\"performance-de-couchage-en-milieu-tempere-a-froid\">Rendimiento de sue\u00f1o a bajas temperaturas<\/h2>\n<p>Este saco de dormir XXL proporciona un excelente aislamiento t\u00e9rmico en una amplia gama de temperaturas. Ideal para dormir c\u00f3modamente desde 10 \u00b0C en condiciones normales hasta -10 \u00b0C en condiciones extremas, puede adaptarse a las cuatro estaciones. El calor retenido por el relleno sint\u00e9tico de alto rendimiento garantiza un sue\u00f1o reparador incluso en las noches m\u00e1s fr\u00edas.  <\/p>\n<h2 id=\"materiaux-et-garnissage-synthetique-haute-performance\">Materiales de alto rendimiento y tapicer\u00eda sint\u00e9tica<\/h2>\n<p>Este saco de dormir se basa en una construcci\u00f3n robusta que combina varios tejidos especializados:<\/p>\n<ul>\n<li><strong>Tejido exterior (parte superior)<\/strong>: Poli\u00e9ster 210T Ripstop reforzado resistente a la abrasi\u00f3n<\/li>\n<li><strong>Tejido exterior (parte inferior)<\/strong>: Poli\u00e9ster oxford 210T impermeable para proteger de la humedad<\/li>\n<li><strong>Relleno<\/strong>: Fibra hueca de poli\u00e9ster de 350 g\/m\u00b2 para una calidez y ligereza duraderas<\/li>\n<li>Cierre de cremallera bidireccional con <strong>tira antipinzamiento<\/strong> para mayor seguridad<\/li>\n<li>Funda de compresi\u00f3n para facilitar el transporte y la compresi\u00f3n de la bolsa<\/li>\n<\/ul>\n<h2 id=\"caracteristiques-techniques-du-sac-de-couchage-xxl\">Caracter\u00edsticas t\u00e9cnicas del saco de dormir XXL<\/h2>\n<p>Aqu\u00ed tienes las especificaciones detalladas de este gran saco de dormir:<\/p>\n<ul>\n<li><strong>Tipo<\/strong>: Bolsa tipo sarc\u00f3fago optimizada para grandes anchuras<\/li>\n<li><strong>Longitud<\/strong>: 225 cm<\/li>\n<li><strong>Anchura<\/strong>: 85 cm hasta los hombros (XXL)<\/li>\n<li><strong>Peso<\/strong>: Aprox. 1,8 kg<\/li>\n<li><strong>Temperatura de confort<\/strong>: 10 \u00b0C<\/li>\n<li><strong>Temperatura extrema<\/strong>: -10 \u00b0C<\/li>\n<li><strong>Clasificaci\u00f3n<\/strong>: Saco de dormir de 3-4 estaciones para ambientes templados a fr\u00edos<\/li>\n<\/ul>\n<h3 id=\"pourquoi-choisir-ce-sac-de-couchage-de-grande-taille\">\u00bfPor qu\u00e9 elegir este saco de dormir grande?<\/h3>\n<p>La gente grande se merece un saco de dormir a su medida. Este modelo XXL tiene una <strong>amplia zona para los hombros<\/strong> que garantiza libertad de movimientos y comodidad durante tus noches al aire libre. A diferencia de un saco est\u00e1ndar, no sentir\u00e1s la opresi\u00f3n de dormir en un saco demasiado estrecho.  <\/p>\n<p>El relleno sint\u00e9tico y la impermeabilidad del saco garantizan un calor fiable en condiciones fr\u00edas o g\u00e9lidas. Tanto si vas de acampada como de trekking o vivac, este saco de dormir XXL para adultos grandes te acompa\u00f1ar\u00e1 en tus aventuras al aire libre con rendimiento y durabilidad. <\/p>\n<p><\/p>\n","protected":false},"excerpt":{"rendered":"<p>Saco de dormir XXL ultrac\u00f3modo con una anchura de hombros de 85 cm. Ideal para dormir con calor de -10\u00b0C a 10\u00b0C. Relleno sint\u00e9tico impermeable de alto rendimiento. Perfecto para acampadas, senderismo y vivac.   <\/p>\n","protected":false},"featured_media":16206,"comment_status":"closed","ping_status":"closed","template":"","meta":[],"product_brand":[],"product_cat":[449,918],"product_tag":[],"marque":[733],"class_list":{"0":"post-16851","1":"product","2":"type-product","3":"status-publish","4":"has-post-thumbnail","6":"product_cat-accesorios-exterior","7":"product_cat-black-friday-es","8":"marque-ares","10":"first","11":"instock","12":"sale","13":"taxable","14":"shipping-taxable","15":"purchasable","16":"product-type-simple"},"aioseo_notices":[],"_links":{"self":[{"href":"https:\/\/tmandoutdoor.com\/es\/wp-json\/wp\/v2\/product\/16851","targetHints":{"allow":["GET"]}}],"collection":[{"href":"https:\/\/tmandoutdoor.com\/es\/wp-json\/wp\/v2\/product"}],"about":[{"href":"https:\/\/tmandoutdoor.com\/es\/wp-json\/wp\/v2\/types\/product"}],"replies":[{"embeddable":true,"href":"https:\/\/tmandoutdoor.com\/es\/wp-json\/wp\/v2\/comments?post=16851"}],"wp:featuredmedia":[{"embeddable":true,"href":"https:\/\/tmandoutdoor.com\/es\/wp-json\/wp\/v2\/media\/16206"}],"wp:attachment":[{"href":"https:\/\/tmandoutdoor.com\/es\/wp-json\/wp\/v2\/media?parent=16851"}],"wp:term":[{"taxonomy":"product_brand","embeddable":true,"href":"https:\/\/tmandoutdoor.com\/es\/wp-json\/wp\/v2\/product_brand?post=16851"},{"taxonomy":"product_cat","embeddable":true,"href":"https:\/\/tmandoutdoor.com\/es\/wp-json\/wp\/v2\/product_cat?post=16851"},{"taxonomy":"product_tag","embeddable":true,"href":"https:\/\/tmandoutdoor.com\/es\/wp-json\/wp\/v2\/product_tag?post=16851"},{"taxonomy":"marque","embeddable":true,"href":"https:\/\/tmandoutdoor.com\/es\/wp-json\/wp\/v2\/marque?post=16851"}],"curies":[{"name":"wp","href":"https:\/\/api.w.org\/{rel}","templated":true}]}}