{"id":16756,"date":"2024-11-14T14:07:25","date_gmt":"2024-11-14T13:07:25","guid":{"rendered":"https:\/\/tmandoutdoor.com\/?post_type=product&#038;p=16756"},"modified":"2024-11-15T21:33:56","modified_gmt":"2024-11-15T20:33:56","slug":"jersey-bond-the-1945-de-woolly-pully-azul-marino-copie-copie","status":"publish","type":"product","link":"https:\/\/tmandoutdoor.com\/es\/producto\/jersey-bond-the-1945-de-woolly-pully-azul-marino-copie-copie\/","title":{"rendered":"Jersey Bond &#8220;The 1945&#8221; de Woolly Pully (negro)"},"content":{"rendered":"<ul style=\"margin: 0px 0px 9px 20px;padding: 0px 0px 0px 15px;border: 0px;line-height: inherit;font-family: 'source sans pro', Arial, Helvetica, sans-serif;font-size: 13px;vertical-align: baseline;color: #666666;background-color: #ffffff\">\n<li style=\"margin: 0px;padding: 0px;border: 0px;font-style: inherit;font-variant: inherit;font-weight: inherit;line-height: inherit;font-family: inherit;vertical-align: baseline\"><strong>100% lana brit\u00e1nica<\/strong><\/li>\n<\/ul>\n<ul style=\"margin: 0px 0px 9px 20px;padding: 0px 0px 0px 15px;border: 0px;line-height: inherit;font-family: 'source sans pro', Arial, Helvetica, sans-serif;font-size: 13px;vertical-align: baseline;color: #666666;background-color: #ffffff\">\n<li style=\"margin: 0px;padding: 0px;border: 0px;font-style: inherit;font-variant: inherit;font-weight: inherit;line-height: inherit;font-family: inherit;vertical-align: baseline\">Hombros y codos reforzados.<\/li>\n<li style=\"margin: 0px;padding: 0px;border: 0px;font-style: inherit;font-variant: inherit;font-weight: inherit;line-height: inherit;font-family: inherit;vertical-align: baseline\">Reforzado en los pu\u00f1os con tejido de algod\u00f3n en espiga<\/li>\n<li style=\"margin: 0px;padding: 0px;border: 0px;font-style: inherit;font-variant: inherit;font-weight: inherit;line-height: inherit;font-family: inherit;vertical-align: baseline\">Cord\u00f3n de ajuste en el cuello para mantener el calor.<\/li>\n<\/ul>\n<p><span style=\"font-family: Roboto, RobotoDraft, Helvetica, Arial, sans-serif;font-size: 18px;background-color: #ffffff\">Gu\u00eda de tallas m\u00e1s abajo:<\/span><\/p>\n<table width=\"785\">\n<tbody>\n<tr>\n<th style=\"text-align: left\">Cintura<\/th>\n<th style=\"text-align: left\">Pecho<\/th>\n<th>Anchura de los hombros<\/th>\n<th>Longitud del cuerpo<\/th>\n<th>Longitud de la manga<\/th>\n<\/tr>\n<tr>\n<td>XS<\/td>\n<td>\n<p>32-34 pulgadas 42-44 euros 82 -86cm<\/td>\n<td>39cm<\/td>\n<td>56 cm<\/td>\n<td>51cm<\/td>\n<\/tr>\n<tr>\n<td>S<\/td>\n<td>\n<p>36-38 pulgadas 46-48 euros 92 -96cm<\/td>\n<td>41cm<\/td>\n<td>62cm<\/td>\n<td>54cm<\/td>\n<\/tr>\n<tr>\n<td>M<\/td>\n<td>\n<p>40 -42 pulgadas 50-52 euros 102 &#8211; 106 cm<\/td>\n<td>43cm<\/td>\n<td>68cm<\/td>\n<td>58 cm<\/td>\n<\/tr>\n<tr>\n<td>L<\/td>\n<td>\n<p>44-46 pulgadas 54-56 euros 112 -116 cm<\/td>\n<td>45 cm<\/td>\n<td>70 cm<\/td>\n<td>60 cm<\/td>\n<\/tr>\n<tr>\n<td>XL<\/td>\n<td>\n<p>48-50 pulgadas 58 -60 euros 122- 127 cm<\/td>\n<td>52 cm<\/td>\n<td>74 cm<\/td>\n<td>63 cm<\/td>\n<\/tr>\n<tr>\n<td>XXL<\/td>\n<td>\n<p>52-54 pulgadas 62-64 euros 132 &#8211; 137 cm<\/td>\n<td>54 cm<\/td>\n<td>76 cm<\/td>\n<td>64 cm<\/td>\n<\/tr>\n<\/tbody>\n<\/table>\n","protected":false},"excerpt":{"rendered":"<p>Un jersey de calidad, 100% lana, de corte entallado. Inspirado en el jersey utilizado por el Ej\u00e9rcito Brit\u00e1nico durante la Segunda Guerra Mundial.<strong>Lo llevaba sobre todo James Bond, el Agente Secreto de Su Majestad<\/strong>.<span style=\"font-weight: bolder;font-family: 'Open Sans', sans-serif;font-size: 15px;background-color: #ffffff\">&#8220;Woolly Pully The 1945&#8221; <\/span><span style=\"font-family: 'Open Sans', sans-serif;font-size: 15px;background-color: #ffffff\">se fabrica tradicionalmente en Gran Breta\u00f1a desde hace m\u00e1s de 70 a\u00f1os<\/span>.<\/p>\n<p style=\"text-align: center\">\n","protected":false},"featured_media":16776,"comment_status":"closed","ping_status":"closed","template":"","meta":[],"product_brand":[],"product_cat":[448,918,419],"product_tag":[],"marque":[758],"class_list":{"0":"post-16756","1":"product","2":"type-product","3":"status-publish","4":"has-post-thumbnail","6":"product_cat-alto","7":"product_cat-black-friday-es","8":"product_cat-o-que-ha-de-novo-es","9":"product_shipping_class-standard-es","10":"marque-woolly-pully","12":"first","13":"instock","14":"taxable","15":"shipping-taxable","16":"purchasable","17":"product-type-variable"},"aioseo_notices":[],"_links":{"self":[{"href":"https:\/\/tmandoutdoor.com\/es\/wp-json\/wp\/v2\/product\/16756","targetHints":{"allow":["GET"]}}],"collection":[{"href":"https:\/\/tmandoutdoor.com\/es\/wp-json\/wp\/v2\/product"}],"about":[{"href":"https:\/\/tmandoutdoor.com\/es\/wp-json\/wp\/v2\/types\/product"}],"replies":[{"embeddable":true,"href":"https:\/\/tmandoutdoor.com\/es\/wp-json\/wp\/v2\/comments?post=16756"}],"wp:featuredmedia":[{"embeddable":true,"href":"https:\/\/tmandoutdoor.com\/es\/wp-json\/wp\/v2\/media\/16776"}],"wp:attachment":[{"href":"https:\/\/tmandoutdoor.com\/es\/wp-json\/wp\/v2\/media?parent=16756"}],"wp:term":[{"taxonomy":"product_brand","embeddable":true,"href":"https:\/\/tmandoutdoor.com\/es\/wp-json\/wp\/v2\/product_brand?post=16756"},{"taxonomy":"product_cat","embeddable":true,"href":"https:\/\/tmandoutdoor.com\/es\/wp-json\/wp\/v2\/product_cat?post=16756"},{"taxonomy":"product_tag","embeddable":true,"href":"https:\/\/tmandoutdoor.com\/es\/wp-json\/wp\/v2\/product_tag?post=16756"},{"taxonomy":"marque","embeddable":true,"href":"https:\/\/tmandoutdoor.com\/es\/wp-json\/wp\/v2\/marque?post=16756"}],"curies":[{"name":"wp","href":"https:\/\/api.w.org\/{rel}","templated":true}]}}