{"id":15581,"date":"2024-10-16T21:48:54","date_gmt":"2024-10-16T19:48:54","guid":{"rendered":"https:\/\/tmandoutdoor.com\/produit\/chaqueta-de-piloto-bombardero-ma-1-verde\/"},"modified":"2026-01-31T17:18:21","modified_gmt":"2026-01-31T16:18:21","slug":"chaqueta-de-piloto-bombardero-ma-1-verde","status":"publish","type":"product","link":"https:\/\/tmandoutdoor.com\/es\/producto\/chaqueta-de-piloto-bombardero-ma-1-verde\/","title":{"rendered":"Chaqueta de bombardero reversible MA-1 | Chaqueta de piloto militar"},"content":{"rendered":"<h2 id=\"caracteristiques-du-blouson-bomber-ma-1-reversible\">Caracter\u00edsticas de la cazadora reversible MA-1<\/h2>\n<p>La <strong>cazadora bomber MA-1<\/strong> es una pieza atemporal de moda y estilo militar. Es <strong>moderna, ligera y c\u00e1lida<\/strong>, y combina el aut\u00e9ntico <strong>dise\u00f1o de aviador<\/strong> con la comodidad moderna. Esta chaqueta combina la herencia de la aviaci\u00f3n militar con un aspecto informal perfecto para llevar al aire libre y a diario.  <\/p>\n<h3 id=\"design-et-style-militaire\">Dise\u00f1o y estilo militar<\/h3>\n<p>La <strong>chaqueta de vuelo MA-1<\/strong> se inspira en la historia de la aviaci\u00f3n militar estadounidense. Esta bomber cl\u00e1sica se reconoce por su caracter\u00edstico cuello redondo y su atemporal aspecto de aviador. La <strong>chaqueta<\/strong> captura la esencia de la chaqueta de piloto original sin dejar de ser moderna y accesible. Perfecta para los aficionados a los excedentes militares y al aut\u00e9ntico estilo outdoor.   <\/p>\n<h3 id=\"composition-et-materiaux\">Composici\u00f3n y materiales<\/h3>\n<p>Este producto est\u00e1 <strong>fabricado con nailon 100%<\/strong>, un material robusto y resistente a la intemperie. El nylon es a la vez ligero y duradero, y ofrece una excelente resistencia al fr\u00edo y una protecci\u00f3n eficaz contra el viento. El forro interior a\u00f1ade comodidad adicional y facilita su colocaci\u00f3n. El <strong>dise\u00f1o reversible<\/strong> permite llevar la chaqueta de dos formas distintas.   <\/p>\n<h3 id=\"details-et-fonctionnalites\">Detalles y funciones<\/h3>\n<p>Esta cazadora bomber tiene 2 pr\u00e1cticos bolsillos laterales para lo esencial, adem\u00e1s de un bolsillo adicional con cremallera en la manga para un acceso seguro. Los pu\u00f1os y el cuello el\u00e1sticos garantizan un ajuste ce\u00f1ido y c\u00f3modo. Los bolsillos exteriores ofrecen almacenamiento y funcionalidad, mientras que los detalles de calidad contribuyen a la durabilidad general del producto.  <\/p>\n<h3 id=\"coloris-disponibles\">Colores disponibles<\/h3>\n<p>La chaqueta est\u00e1 disponible en varias versiones, incluida la verde antes mencionada. Tambi\u00e9n encontrar\u00e1s variaciones en negro, azul marino, caqui y oliva, para que cada hombre encuentre el tono que se adapte a su estilo personal y a sus necesidades al aire libre. <\/p>\n<p><\/p>\n","protected":false},"excerpt":{"rendered":"<p>Chaqueta bomber reversible MA-1 para hombre: chaqueta cl\u00e1sica de piloto militar, ligera y resistente. Moderno dise\u00f1o de aviador vintage con forro interior. Entrega r\u00e1pida.  <\/p>\n","protected":false},"featured_media":15572,"comment_status":"closed","ping_status":"closed","template":"","meta":[],"product_brand":[],"product_cat":[448,918,419,423],"product_tag":[],"marque":[728],"class_list":{"0":"post-15581","1":"product","2":"type-product","3":"status-publish","4":"has-post-thumbnail","6":"product_cat-alto","7":"product_cat-black-friday-es","8":"product_cat-o-que-ha-de-novo-es","9":"product_cat-tendencias","10":"marque-fostex","12":"first","13":"instock","14":"taxable","15":"shipping-taxable","16":"purchasable","17":"product-type-variable","18":"has-default-attributes"},"aioseo_notices":[],"_links":{"self":[{"href":"https:\/\/tmandoutdoor.com\/es\/wp-json\/wp\/v2\/product\/15581","targetHints":{"allow":["GET"]}}],"collection":[{"href":"https:\/\/tmandoutdoor.com\/es\/wp-json\/wp\/v2\/product"}],"about":[{"href":"https:\/\/tmandoutdoor.com\/es\/wp-json\/wp\/v2\/types\/product"}],"replies":[{"embeddable":true,"href":"https:\/\/tmandoutdoor.com\/es\/wp-json\/wp\/v2\/comments?post=15581"}],"wp:featuredmedia":[{"embeddable":true,"href":"https:\/\/tmandoutdoor.com\/es\/wp-json\/wp\/v2\/media\/15572"}],"wp:attachment":[{"href":"https:\/\/tmandoutdoor.com\/es\/wp-json\/wp\/v2\/media?parent=15581"}],"wp:term":[{"taxonomy":"product_brand","embeddable":true,"href":"https:\/\/tmandoutdoor.com\/es\/wp-json\/wp\/v2\/product_brand?post=15581"},{"taxonomy":"product_cat","embeddable":true,"href":"https:\/\/tmandoutdoor.com\/es\/wp-json\/wp\/v2\/product_cat?post=15581"},{"taxonomy":"product_tag","embeddable":true,"href":"https:\/\/tmandoutdoor.com\/es\/wp-json\/wp\/v2\/product_tag?post=15581"},{"taxonomy":"marque","embeddable":true,"href":"https:\/\/tmandoutdoor.com\/es\/wp-json\/wp\/v2\/marque?post=15581"}],"curies":[{"name":"wp","href":"https:\/\/api.w.org\/{rel}","templated":true}]}}