{"id":14424,"date":"2024-07-24T13:39:28","date_gmt":"2024-07-24T11:39:28","guid":{"rendered":"https:\/\/tmandoutdoor.com\/?post_type=product&#038;p=14424"},"modified":"2025-07-16T22:57:14","modified_gmt":"2025-07-16T20:57:14","slug":"cinturon-mod-1945-marbot-compagnie-copie","status":"publish","type":"product","link":"https:\/\/tmandoutdoor.com\/es\/producto\/cinturon-mod-1945-marbot-compagnie-copie\/","title":{"rendered":"Cintur\u00f3n Mod.1945 MARBOT &amp; Compagnie"},"content":{"rendered":"<p>Fabricado con piel de vaca europea de 3,5\/4 mm respetuosa con el medio ambiente<strong> (curtido vegetal<\/strong>).<\/p>\n<p><strong>Cosido a mano en punto de silla<\/strong> con un solo hilo de lino blanqueado con cera de abeja, igual que el original.<\/p>\n<p>Hebilla aut\u00e9ntica de \u00e9poca.<\/p>\n<table id=\"table-combinations-list\" class=\"table configuration\">\n<tbody>\n<tr class=\"highlighted odd\">\n<td class=\"left\">Talla S\/38-40<\/td>\n<td class=\"left\"><\/td>\n<td class=\"left\"><\/td>\n<td class=\"left\"><\/td>\n<td class=\"left\"><\/td>\n<td class=\"left\"><\/td>\n<td class=\"text-right\">\n<div class=\"btn-group-action\">\n<div class=\"btn-group pull-right\"><\/div>\n<\/div>\n<\/td>\n<\/tr>\n<tr>\n<td class=\"left\">Talla M\/42-44<\/td>\n<td class=\"left\"><\/td>\n<td class=\"left\"><\/td>\n<td class=\"left\"><\/td>\n<td class=\"left\"><\/td>\n<td class=\"left\"><\/td>\n<td class=\"text-right\">\n<div class=\"btn-group-action\">\n<div class=\"btn-group pull-right\"><\/div>\n<\/div>\n<\/td>\n<\/tr>\n<tr class=\"odd\">\n<td class=\"left\">Talla L\/46-48<\/td>\n<td class=\"left\"><\/td>\n<td class=\"left\"><\/td>\n<td class=\"left\"><\/td>\n<td class=\"left\"><\/td>\n<td class=\"left\"><\/td>\n<td class=\"text-right\">\n<div class=\"btn-group-action\">\n<div class=\"btn-group pull-right\"><\/div>\n<\/div>\n<\/td>\n<\/tr>\n<tr>\n<td class=\"left\">Talla XL\/50-52<\/td>\n<td class=\"left\"><\/td>\n<td class=\"left\"><\/td>\n<td class=\"left\"><\/td>\n<td class=\"left\"><\/td>\n<td class=\"left\"><\/td>\n<td class=\"text-right\">\n<div class=\"btn-group-action\">\n<div class=\"btn-group pull-right\"><\/div>\n<\/div>\n<\/td>\n<\/tr>\n<tr class=\"odd\">\n<td class=\"left\">Talla XXL\/54-56<\/td>\n<\/tr>\n<\/tbody>\n<\/table>\n<p>&nbsp;<\/p>\n","protected":false},"excerpt":{"rendered":"<p>Reproducci\u00f3n de calidad del cintur\u00f3n de cuero del ej\u00e9rcito franc\u00e9s modelo 1945.<\/p>\n<p><strong>fabricaci\u00f3n europea<\/strong><\/p>\n","protected":false},"featured_media":14451,"comment_status":"closed","ping_status":"closed","template":"","meta":[],"product_brand":[],"product_cat":[290,239],"product_tag":[],"marque":[706],"class_list":{"0":"post-14424","1":"product","2":"type-product","3":"status-publish","4":"has-post-thumbnail","6":"product_cat-accesorios","7":"product_cat-promociones","8":"product_shipping_class-standard-es","9":"marque-marbot-compagnie","11":"first","12":"instock","13":"sale","14":"taxable","15":"shipping-taxable","16":"purchasable","17":"product-type-variable"},"aioseo_notices":[],"_links":{"self":[{"href":"https:\/\/tmandoutdoor.com\/es\/wp-json\/wp\/v2\/product\/14424","targetHints":{"allow":["GET"]}}],"collection":[{"href":"https:\/\/tmandoutdoor.com\/es\/wp-json\/wp\/v2\/product"}],"about":[{"href":"https:\/\/tmandoutdoor.com\/es\/wp-json\/wp\/v2\/types\/product"}],"replies":[{"embeddable":true,"href":"https:\/\/tmandoutdoor.com\/es\/wp-json\/wp\/v2\/comments?post=14424"}],"wp:featuredmedia":[{"embeddable":true,"href":"https:\/\/tmandoutdoor.com\/es\/wp-json\/wp\/v2\/media\/14451"}],"wp:attachment":[{"href":"https:\/\/tmandoutdoor.com\/es\/wp-json\/wp\/v2\/media?parent=14424"}],"wp:term":[{"taxonomy":"product_brand","embeddable":true,"href":"https:\/\/tmandoutdoor.com\/es\/wp-json\/wp\/v2\/product_brand?post=14424"},{"taxonomy":"product_cat","embeddable":true,"href":"https:\/\/tmandoutdoor.com\/es\/wp-json\/wp\/v2\/product_cat?post=14424"},{"taxonomy":"product_tag","embeddable":true,"href":"https:\/\/tmandoutdoor.com\/es\/wp-json\/wp\/v2\/product_tag?post=14424"},{"taxonomy":"marque","embeddable":true,"href":"https:\/\/tmandoutdoor.com\/es\/wp-json\/wp\/v2\/marque?post=14424"}],"curies":[{"name":"wp","href":"https:\/\/api.w.org\/{rel}","templated":true}]}}