{"id":13530,"date":"2024-06-27T17:09:26","date_gmt":"2024-06-27T15:09:26","guid":{"rendered":"https:\/\/tmandoutdoor.com\/?post_type=product&#038;p=13530"},"modified":"2026-01-24T13:45:05","modified_gmt":"2026-01-24T12:45:05","slug":"manta-us-navy-classic-wool-copie-2","status":"publish","type":"product","link":"https:\/\/tmandoutdoor.com\/es\/producto\/manta-us-navy-classic-wool-copie-2\/","title":{"rendered":"Manta U.S. Medical Classic Wool\u00ae: calidez y comodidad duraderas"},"content":{"rendered":"<h2 id=\"pourquoi-choisir-la-couverture-u-s-medical-classic\">\u00bfPor qu\u00e9 elegir la cobertura U.S. Medical Classic?<\/h2>\n<p>Inspirada en el equipamiento militar estadounidense, esta <strong>manta U.S. Medical Classic<\/strong> ofrece mucho m\u00e1s que una fuente de calor: garantiza una termorregulaci\u00f3n \u00f3ptima. Gracias a su composici\u00f3n rica en lana merina y <strong>fibras<\/strong> recicladas, es una pieza fiable para los vivacs invernales o la reserva de emergencia de un puesto de primeros auxilios. <\/p>\n<h3 id=\"benefices-therapeutiques-immediats\">Beneficios terap\u00e9uticos inmediatos<\/h3>\n<ul>\n<li>Alto aislamiento t\u00e9rmico: reduce el riesgo de hipotermia, incluso en ambientes h\u00famedos.<\/li>\n<li>Absorci\u00f3n de la humedad sin p\u00e9rdida de transpirabilidad: evita <strong>rozaduras<\/strong> e irritaciones.<\/li>\n<li>Fibras naturalmente antibacterianas de <strong>lana de oveja<\/strong><\/li>\n<\/ul>\n<h3 id=\"caracteristiques-techniques-detaillees\">Especificaciones t\u00e9cnicas detalladas<\/h3>\n<ol>\n<li>Composici\u00f3n: 80% lana natural, 20% fibras recicladas.<\/li>\n<li>Dimensiones: aprox. 150 \u00d7 210 cm, adecuado para camas est\u00e1ndar, camillas y sacos de dormir.<\/li>\n<li>Peso: aprox. 1,75 kg &#8211; lo suficientemente denso como para permanecer en su sitio sin pesarte.<\/li>\n<li>Fabricaci\u00f3n: producido en la India bajo control de calidad textil estadounidense.<\/li>\n<li>Aut\u00e9ntico color caqui, fiel a los modelos hist\u00f3ricos del ej\u00e9rcito estadounidense.<\/li>\n<\/ol>\n<h3 id=\"conseils-d-utilisation\">Instrucciones de uso<\/h3>\n<p>Cuando est\u00e9s al aire libre, desl\u00edzala en tu mochila t\u00e1ctica para reforzar un edred\u00f3n o util\u00edzala como esterilla aislante. Su textura <strong>similar a la piel de oveja<\/strong> reduce la condensaci\u00f3n en el interior de las tiendas de campa\u00f1a cuando hace fr\u00edo. &nbsp;<\/p>\n<p>Perfecto para recreaciones del Ej\u00e9rcito de EE.UU. de la Segunda Guerra Mundial<\/p>\n<h3 id=\"entretien-et-durabilite\">Mantenimiento y durabilidad<\/h3>\n<p>Para conservar las propiedades naturales de la fibra, basta con lavar la lana a 20\/30\u00b0C o airearla regularmente. Evita utilizar suavizante; s\u00e9cala en plano para conservar la ca\u00edda original. <\/p>\n<h2 id=\"adoptez-la-chaleur-americaine-partout-et-pour-longtemps\">Abraza el calor americano, en todas partes y durante mucho tiempo<\/h2>\n<p>Tanto si eres socorrista como un entusiasta de las actividades al aire libre o militares, la manta U.S. Medical Classic Wool\u00ae proporciona una protecci\u00f3n t\u00e9rmica fiable. Es una inversi\u00f3n duradera que constituye una gran alternativa a la cl\u00e1sica manta sint\u00e9tica. <\/p>\n<p><\/p>\n","protected":false},"excerpt":{"rendered":"<p>La manta Classic Wool\u00ae de U.S. Medical combina un 80% de lana natural con un 20% de fibras recicladas para proporcionar un aislamiento eficaz, manteniendo secos y calientes a todos los aventureros.<\/p>\n","protected":false},"featured_media":13538,"comment_status":"closed","ping_status":"closed","template":"","meta":[],"product_brand":[],"product_cat":[918,575,598,419],"product_tag":[],"marque":[],"class_list":{"0":"post-13530","1":"product","2":"type-product","3":"status-publish","4":"has-post-thumbnail","6":"product_cat-black-friday-es","7":"product_cat-frazada-swiss-link","8":"product_cat-military-classic-wool-es","9":"product_cat-o-que-ha-de-novo-es","10":"product_shipping_class-standard-es","12":"first","13":"instock","14":"taxable","15":"shipping-taxable","16":"purchasable","17":"product-type-simple"},"aioseo_notices":[],"_links":{"self":[{"href":"https:\/\/tmandoutdoor.com\/es\/wp-json\/wp\/v2\/product\/13530","targetHints":{"allow":["GET"]}}],"collection":[{"href":"https:\/\/tmandoutdoor.com\/es\/wp-json\/wp\/v2\/product"}],"about":[{"href":"https:\/\/tmandoutdoor.com\/es\/wp-json\/wp\/v2\/types\/product"}],"replies":[{"embeddable":true,"href":"https:\/\/tmandoutdoor.com\/es\/wp-json\/wp\/v2\/comments?post=13530"}],"wp:featuredmedia":[{"embeddable":true,"href":"https:\/\/tmandoutdoor.com\/es\/wp-json\/wp\/v2\/media\/13538"}],"wp:attachment":[{"href":"https:\/\/tmandoutdoor.com\/es\/wp-json\/wp\/v2\/media?parent=13530"}],"wp:term":[{"taxonomy":"product_brand","embeddable":true,"href":"https:\/\/tmandoutdoor.com\/es\/wp-json\/wp\/v2\/product_brand?post=13530"},{"taxonomy":"product_cat","embeddable":true,"href":"https:\/\/tmandoutdoor.com\/es\/wp-json\/wp\/v2\/product_cat?post=13530"},{"taxonomy":"product_tag","embeddable":true,"href":"https:\/\/tmandoutdoor.com\/es\/wp-json\/wp\/v2\/product_tag?post=13530"},{"taxonomy":"marque","embeddable":true,"href":"https:\/\/tmandoutdoor.com\/es\/wp-json\/wp\/v2\/marque?post=13530"}],"curies":[{"name":"wp","href":"https:\/\/api.w.org\/{rel}","templated":true}]}}