{"id":13512,"date":"2024-06-27T17:02:53","date_gmt":"2024-06-27T15:02:53","guid":{"rendered":"https:\/\/tmandoutdoor.com\/?post_type=product&#038;p=13512"},"modified":"2026-01-28T13:59:34","modified_gmt":"2026-01-28T12:59:34","slug":"manta-us-navy-classic-wool-copie-copie-copie-2","status":"publish","type":"product","link":"https:\/\/tmandoutdoor.com\/es\/producto\/manta-us-navy-classic-wool-copie-copie-copie-2\/","title":{"rendered":"Manta impermeable de lana cl\u00e1sica: calor ligero y protecci\u00f3n contra la humedad"},"content":{"rendered":"<h2 id=\"une-couverture-d-exterieur-pensee-pour-votre-protection-quotidienne\">Una funda de exterior dise\u00f1ada para tu protecci\u00f3n diaria<\/h2>\n<p>Nuestra <strong>manta impermeable de lana cl\u00e1sica<\/strong> se ha dise\u00f1ado para <strong>protegerte a diario<\/strong> del <strong>fr\u00edo<\/strong> y la <strong>humedad<\/strong>, tanto si est\u00e1s en un vivac como en un prado o un prado de pastoreo. Ligera pero <strong>resistente<\/strong>, se desliza f\u00e1cilmente en una bolsa para tus salidas a la naturaleza. <\/p>\n<h3 id=\"les-benefices-cles-de-la-couverture\">Las principales ventajas de la cobertura<\/h3>\n<ul>\n<li>80% de lana natural para <strong>un calor<\/strong> acogedor y un relleno de 300 g, equivalente a una manta cl\u00e1sica de exterior de 300 g.<\/li>\n<li>Exterior de nylon 600D con revestimiento impermeable que repele la suciedad: la funda permanece impermeable incluso tras un uso intensivo.<\/li>\n<li>La membrana transpirable evacua el sudor para un confort \u00f3ptimo.<\/li>\n<li>Tratamiento impermeable cl\u00e1sico y acabado impermeable cl\u00e1sico para mantener tu manta de exterior impermeable temporada tras temporada.<\/li>\n<\/ul>\n<h3 id=\"caracteristiques-techniques\">Especificaciones t\u00e9cnicas<\/h3>\n<ol>\n<li>Composici\u00f3n: 80% lana, 20% fibras recicladas.<\/li>\n<li>Dimensiones aproximadas: 150 \u00d7 210 cm.<\/li>\n<li>Peso: aprox. 1,7 kg, suficientemente ligero para llevar en la mochila.<\/li>\n<li>Color exterior cl\u00e1sico, forro impermeable.<\/li>\n<\/ol>\n<p><\/p>\n<h3 id=\"usages-conseilles\">Usos recomendados<\/h3>\n<p>Perfecta como alfombra de exterior para un picnic, una noche en la monta\u00f1a o el uso diario en el prado. Gracias a su tratamiento impermeable, te proteger\u00e1 del fr\u00edo y de los chaparrones repentinos. Su robusto exterior cl\u00e1sico soporta f\u00e1cilmente la abrasi\u00f3n del suelo o la vida diaria en el paddock.  <\/p>\n<h3 id=\"pourquoi-nous-l-aimons\">Por qu\u00e9 nos encanta<\/h3>\n<p>Porque combina elegancia, comodidad y rendimiento. Su cl\u00e1sico acabado de cubierta impermeable proporciona una barrera fiable contra los elementos, mientras que su cl\u00e1sico tejido impermeable de lana te mantiene caliente en todas las condiciones. Un aliado ideal para ir de excursi\u00f3n o relajarte al aire libre.  <\/p>\n<p><\/p>\n","protected":false},"excerpt":{"rendered":"<p>La Manta de Lana Cl\u00e1sica Impermeable ofrece protecci\u00f3n impermeable y transpirable para el uso diario: revestimiento repelente a la suciedad, c\u00e1lida lana de 300 g, exterior de nylon 600D resistente, ideal para vivacs o paddocks.<\/p>\n","protected":false},"featured_media":13520,"comment_status":"closed","ping_status":"closed","template":"","meta":[],"product_brand":[],"product_cat":[575,419,599],"product_tag":[],"marque":[],"class_list":{"0":"post-13512","1":"product","2":"type-product","3":"status-publish","4":"has-post-thumbnail","6":"product_cat-frazada-swiss-link","7":"product_cat-o-que-ha-de-novo-es","8":"product_cat-waterproof-classic-wool-es","9":"product_shipping_class-standard-es","11":"first","12":"instock","13":"taxable","14":"shipping-taxable","15":"purchasable","16":"product-type-simple"},"aioseo_notices":[],"_links":{"self":[{"href":"https:\/\/tmandoutdoor.com\/es\/wp-json\/wp\/v2\/product\/13512","targetHints":{"allow":["GET"]}}],"collection":[{"href":"https:\/\/tmandoutdoor.com\/es\/wp-json\/wp\/v2\/product"}],"about":[{"href":"https:\/\/tmandoutdoor.com\/es\/wp-json\/wp\/v2\/types\/product"}],"replies":[{"embeddable":true,"href":"https:\/\/tmandoutdoor.com\/es\/wp-json\/wp\/v2\/comments?post=13512"}],"wp:featuredmedia":[{"embeddable":true,"href":"https:\/\/tmandoutdoor.com\/es\/wp-json\/wp\/v2\/media\/13520"}],"wp:attachment":[{"href":"https:\/\/tmandoutdoor.com\/es\/wp-json\/wp\/v2\/media?parent=13512"}],"wp:term":[{"taxonomy":"product_brand","embeddable":true,"href":"https:\/\/tmandoutdoor.com\/es\/wp-json\/wp\/v2\/product_brand?post=13512"},{"taxonomy":"product_cat","embeddable":true,"href":"https:\/\/tmandoutdoor.com\/es\/wp-json\/wp\/v2\/product_cat?post=13512"},{"taxonomy":"product_tag","embeddable":true,"href":"https:\/\/tmandoutdoor.com\/es\/wp-json\/wp\/v2\/product_tag?post=13512"},{"taxonomy":"marque","embeddable":true,"href":"https:\/\/tmandoutdoor.com\/es\/wp-json\/wp\/v2\/marque?post=13512"}],"curies":[{"name":"wp","href":"https:\/\/api.w.org\/{rel}","templated":true}]}}