{"id":13434,"date":"2024-06-27T16:42:38","date_gmt":"2024-06-27T14:42:38","guid":{"rendered":"https:\/\/tmandoutdoor.com\/?post_type=product&#038;p=13434"},"modified":"2025-07-16T23:22:33","modified_gmt":"2025-07-16T21:22:33","slug":"manta-us-navy-classic-wool-copie","status":"publish","type":"product","link":"https:\/\/tmandoutdoor.com\/es\/producto\/manta-us-navy-classic-wool-copie\/","title":{"rendered":"Manta Classic Wool\u00ae Crimson Point"},"content":{"rendered":"<p>Composici\u00f3n: 80% lana \/ 20% fibras recicladas<\/p>\n<p>Dimensiones: aprox. 150*210 cm (las dimensiones son indicativas y pueden variar unos cent\u00edmetros)<\/p>\n<p>Peso: aprox. 1,700 kg<\/p>\n<p>Fabricado en la India<\/p>\n<p>&nbsp;<\/p>\n","protected":false},"excerpt":{"rendered":"<p>Esta manta de alta gama est\u00e1 fabricada con un 80% de lana y presenta colores retro y un dise\u00f1o atemporal.<\/p>\n<p>Una manta vers\u00e1til que te proteger\u00e1 del fr\u00edo y la humedad en casa, en tu veh\u00edculo o en un vivac.<\/p>\n","protected":false},"featured_media":13448,"comment_status":"closed","ping_status":"closed","template":"","meta":[],"product_brand":[],"product_cat":[918,576,575,419],"product_tag":[],"marque":[],"class_list":{"0":"post-13434","1":"product","2":"type-product","3":"status-publish","4":"has-post-thumbnail","6":"product_cat-black-friday-es","7":"product_cat-classic-wool-es","8":"product_cat-frazada-swiss-link","9":"product_cat-o-que-ha-de-novo-es","10":"product_shipping_class-standard-es","12":"first","13":"outofstock","14":"taxable","15":"shipping-taxable","16":"purchasable","17":"product-type-simple"},"aioseo_notices":[],"_links":{"self":[{"href":"https:\/\/tmandoutdoor.com\/es\/wp-json\/wp\/v2\/product\/13434","targetHints":{"allow":["GET"]}}],"collection":[{"href":"https:\/\/tmandoutdoor.com\/es\/wp-json\/wp\/v2\/product"}],"about":[{"href":"https:\/\/tmandoutdoor.com\/es\/wp-json\/wp\/v2\/types\/product"}],"replies":[{"embeddable":true,"href":"https:\/\/tmandoutdoor.com\/es\/wp-json\/wp\/v2\/comments?post=13434"}],"wp:featuredmedia":[{"embeddable":true,"href":"https:\/\/tmandoutdoor.com\/es\/wp-json\/wp\/v2\/media\/13448"}],"wp:attachment":[{"href":"https:\/\/tmandoutdoor.com\/es\/wp-json\/wp\/v2\/media?parent=13434"}],"wp:term":[{"taxonomy":"product_brand","embeddable":true,"href":"https:\/\/tmandoutdoor.com\/es\/wp-json\/wp\/v2\/product_brand?post=13434"},{"taxonomy":"product_cat","embeddable":true,"href":"https:\/\/tmandoutdoor.com\/es\/wp-json\/wp\/v2\/product_cat?post=13434"},{"taxonomy":"product_tag","embeddable":true,"href":"https:\/\/tmandoutdoor.com\/es\/wp-json\/wp\/v2\/product_tag?post=13434"},{"taxonomy":"marque","embeddable":true,"href":"https:\/\/tmandoutdoor.com\/es\/wp-json\/wp\/v2\/marque?post=13434"}],"curies":[{"name":"wp","href":"https:\/\/api.w.org\/{rel}","templated":true}]}}