{"id":24475,"date":"2023-11-20T18:56:04","date_gmt":"2023-11-20T17:56:04","guid":{"rendered":"https:\/\/tmandoutdoor.com\/produit\/jersey-de-botones-marinero-100-lana\/"},"modified":"2023-11-20T18:56:04","modified_gmt":"2023-11-20T17:56:04","slug":"jersey-de-botones-marinero-100-lana","status":"publish","type":"product","link":"https:\/\/tmandoutdoor.com\/en\/product\/jersey-de-botones-marinero-100-lana\/","title":{"rendered":"Jersey de botones marinero (100% lana)"},"content":{"rendered":"<h3><\/h3>\n<ul style=\"list-style-type: square;\">\n<li><span style=\"color: #000000;\">Cuello redondo<\/span><\/li>\n<li><span style=\"color: #000000;\">Material: 100% lana<\/span><\/li>\n<li><span style=\"color: #000000;\">Color: azul marino<\/span><\/li>\n<li><span style=\"color: #000000;\">M\u00e1quina washable in lana program<\/span><\/li>\n<li><span style=\"color: #000000;\">Resistente al agua de mar<\/span><\/li>\n<\/ul>\n<h3><\/h3>\n<p style=\"margin: 0px 0px 1em; padding: 0px; border: 0px; line-height: inherit; font-family: Arial, Helvetica, sans-serif; font-size: 13px; vertical-align: baseline; min-height: 1px;\"><span style=\"margin: 0px; padding: 0px; border: 0px; font-style: inherit; font-variant: inherit; font-weight: inherit; line-height: inherit; font-family: inherit; vertical-align: baseline; color: #000000;\">*El <strong style=\"margin: 0px; padding: 0px; border: 0px; font-style: inherit; font-variant: inherit; line-height: inherit; font-family: inherit; vertical-align: baseline;\"> certificado Oeko-Tex\u00ae<\/strong> garantiza que nuestros productos no contienen productos nocivos para la salud. La norma Oeko-Tex\u00ae Standard 100 es un sistema de certificaci\u00f3n internacional y la primera etiqueta que garantiza la salubridad de los productos textiles. La certificaci\u00f3n Oeko-Tex\u00ae indica que los productos han sido probados y no contienen sustancias qu\u00edmicas o productos presuntamente nocivos para la salud.  <\/span><\/p>\n<h3><\/h3>\n<h2><span style=\"color: #000000;\">\u00bfPor qu\u00e9 elegir un jersey de lana de calidad?  <\/span><\/h2>\n<ul style=\"color: #666666; font-family: Roboto, sans-serif, google; font-size: 15px; background-color: #f7f7f7;\">\n<li><span style=\"color: #000000;\"><span style=\"font-weight: 600;\">C\u00e1lida<\/span>: la lana retiene el calor corporal porque es un gran aislante, incluso cuando est\u00e1 mojada.<\/span><\/li>\n<li><span style=\"color: #000000;\">\u00datil <span style=\"font-weight: 600;\">todo el a\u00f1o<\/span>, tanto si hace fresco como si hace mucho fr\u00edo, y en teor\u00eda incluso en verano, porque la lana tambi\u00e9n a\u00edsla del calor. Es termorreguladora. <\/span><\/li>\n<li><span style=\"color: #000000;\"><span style=\"font-weight: 600;\">Ligereza<\/span>: la lana tiene una excelente relaci\u00f3n peso-calor.<\/span><\/li>\n<li><span style=\"color: #000000;\"><span style=\"font-weight: 600;\">M\u00e1quina washable in lana program.<\/span>  La suciedad se elimina f\u00e1cilmente.  <\/span><\/li>\n<li><span style=\"color: #000000;\">Es <span style=\"font-weight: 600;\">transpirable y absorbe la humedad<\/span>, manteni\u00e9ndote seco. El desarrollo de los \u00e1caros es limitado. <\/span><\/li>\n<li><span style=\"color: #000000;\"><span style=\"font-weight: 600;\">No huele a transpiraci\u00f3n<\/span>: la lana es antibacteriana por naturaleza.<\/span><\/li>\n<li><span style=\"color: #000000;\"><span style=\"font-weight: 600;\">Muy baja inflamabilidad<\/span>: no es necesario utilizar productos qu\u00edmicos para hacerla ign\u00edfuga.<\/span><\/li>\n<li><span style=\"color: #000000;\"><span style=\"font-weight: 600;\">Ecol\u00f3gica<\/span>: la lana es natural, biodegradable y renovable.<\/span><\/li>\n<\/ul>\n","protected":false},"excerpt":{"rendered":"<p><span style=\"color: #000000;\">Un elegante jersey azul marino de pura lana que podr\u00e1s llevar tanto en tus escapadas a la playa como a diario.<\/span><\/p>\n<p><span style=\"color: #000000;\">Resistente al agua de mar.<\/span><\/p>\n<h3><span style=\"color: #000000;\"><strong style=\"margin: 0px; padding: 0px; border: 0px; line-height: inherit; font-family: Arial, Helvetica, sans-serif; font-size: 13px; vertical-align: baseline; color: #484848;\">Certificaci\u00f3n Oeko-Tex\u00ae 100<\/strong><\/span><\/h3>\n<p><span style=\"color: #000000;\"><strong>Fabricado en B\u00e9lgica<\/strong><\/span><\/p>\n","protected":false},"featured_media":0,"comment_status":"closed","ping_status":"closed","template":"","meta":[],"product_brand":[],"product_cat":[224],"product_tag":[],"marque":[],"class_list":{"0":"post-24475","1":"product","2":"type-product","3":"status-publish","5":"product_cat-unclassified","6":"product_shipping_class-shipping-en","8":"first","9":"instock","10":"taxable","11":"shipping-taxable","12":"purchasable","13":"product-type-variable"},"aioseo_notices":[],"_links":{"self":[{"href":"https:\/\/tmandoutdoor.com\/en\/wp-json\/wp\/v2\/product\/24475","targetHints":{"allow":["GET"]}}],"collection":[{"href":"https:\/\/tmandoutdoor.com\/en\/wp-json\/wp\/v2\/product"}],"about":[{"href":"https:\/\/tmandoutdoor.com\/en\/wp-json\/wp\/v2\/types\/product"}],"replies":[{"embeddable":true,"href":"https:\/\/tmandoutdoor.com\/en\/wp-json\/wp\/v2\/comments?post=24475"}],"wp:attachment":[{"href":"https:\/\/tmandoutdoor.com\/en\/wp-json\/wp\/v2\/media?parent=24475"}],"wp:term":[{"taxonomy":"product_brand","embeddable":true,"href":"https:\/\/tmandoutdoor.com\/en\/wp-json\/wp\/v2\/product_brand?post=24475"},{"taxonomy":"product_cat","embeddable":true,"href":"https:\/\/tmandoutdoor.com\/en\/wp-json\/wp\/v2\/product_cat?post=24475"},{"taxonomy":"product_tag","embeddable":true,"href":"https:\/\/tmandoutdoor.com\/en\/wp-json\/wp\/v2\/product_tag?post=24475"},{"taxonomy":"marque","embeddable":true,"href":"https:\/\/tmandoutdoor.com\/en\/wp-json\/wp\/v2\/marque?post=24475"}],"curies":[{"name":"wp","href":"https:\/\/api.w.org\/{rel}","templated":true}]}}