{"id":1223,"date":"2023-11-17T16:37:42","date_gmt":"2023-11-17T15:37:42","guid":{"rendered":"https:\/\/tmandoutdoor.com\/?page_id=1223"},"modified":"2025-07-15T22:14:48","modified_gmt":"2025-07-15T20:14:48","slug":"contact-us","status":"publish","type":"page","link":"https:\/\/tmandoutdoor.com\/en\/contact-us\/","title":{"rendered":"Contact us"},"content":{"rendered":"\n<div class=\"wp-block-columns is-layout-flex wp-container-core-columns-is-layout-9d6595d7 wp-block-columns-is-layout-flex\">\n<div class=\"wp-block-column is-layout-flow wp-block-column-is-layout-flow\" style=\"flex-basis:30%\">\n<ul class=\"wp-block-list\">\n<li>TM &amp; Outdoor<br\/>16 rue de hollande 37100 Tours<br\/>France (metropolitan)<\/li>\n\n\n\n<li>Send us an e-mail:<br\/><a href=\"mailto:contact@tmandoutdoor.com\">contact@tmandoutdoor.com<\/a><\/li>\n<\/ul>\n<\/div>\n\n\n\n<div class=\"wp-block-column is-layout-flow wp-block-column-is-layout-flow\" style=\"flex-basis:70%\">\n<div class=\"wpcf7 no-js\" id=\"wpcf7-f109-o1\" lang=\"fr-FR\" dir=\"ltr\" data-wpcf7-id=\"109\">\n<div class=\"screen-reader-response\"><p role=\"status\" aria-live=\"polite\" aria-atomic=\"true\"><\/p> <ul><\/ul><\/div>\n<form action=\"\/en\/wp-json\/wp\/v2\/pages\/1223#wpcf7-f109-o1\" method=\"post\" class=\"wpcf7-form init\" aria-label=\"Formulaire de contact\" enctype=\"multipart\/form-data\" novalidate=\"novalidate\" data-status=\"init\">\n<fieldset class=\"hidden-fields-container\"><input type=\"hidden\" name=\"_wpcf7\" value=\"109\" \/><input type=\"hidden\" name=\"_wpcf7_version\" value=\"6.1.5\" \/><input type=\"hidden\" name=\"_wpcf7_locale\" value=\"fr_FR\" \/><input type=\"hidden\" name=\"_wpcf7_unit_tag\" value=\"wpcf7-f109-o1\" \/><input type=\"hidden\" name=\"_wpcf7_container_post\" value=\"0\" \/><input type=\"hidden\" name=\"_wpcf7_posted_data_hash\" value=\"\" \/>\n<\/fieldset>\n<p><label> Sujet<br \/>\n<span class=\"wpcf7-form-control-wrap\" data-name=\"menu-682\"><select class=\"wpcf7-form-control wpcf7-select wpcf7-validates-as-required\" aria-required=\"true\" aria-invalid=\"false\" name=\"menu-682\"><option value=\"Service client\">Service client<\/option><option value=\"Webmaster\">Webmaster<\/option><\/select><\/span> <\/label>\n<\/p>\n<p><label> E-mail<br \/>\n<span class=\"wpcf7-form-control-wrap\" data-name=\"your-email\"><input size=\"40\" maxlength=\"400\" class=\"wpcf7-form-control wpcf7-email wpcf7-validates-as-required wpcf7-text wpcf7-validates-as-email\" autocomplete=\"email\" aria-required=\"true\" aria-invalid=\"false\" value=\"\" type=\"email\" name=\"your-email\" \/><\/span> <\/label>\n<\/p>\n<p><label> Pi\u00e8ce jointe (optionnel)<br \/>\n<span class=\"wpcf7-form-control-wrap\" data-name=\"file-246\"><input size=\"40\" class=\"wpcf7-form-control wpcf7-file\" accept=\"audio\/*,video\/*,image\/*\" aria-invalid=\"false\" type=\"file\" name=\"file-246\" \/><\/span> <\/label>\n<\/p>\n<p><label> Message<br \/>\n<span class=\"wpcf7-form-control-wrap\" data-name=\"your-message\"><textarea cols=\"40\" rows=\"10\" maxlength=\"2000\" class=\"wpcf7-form-control wpcf7-textarea\" aria-invalid=\"false\" name=\"your-message\"><\/textarea><\/span> <\/label>\n<\/p>\n<p><span class=\"wpcf7-form-control-wrap\" data-name=\"acceptance-32\"><span class=\"wpcf7-form-control wpcf7-acceptance\"><span class=\"wpcf7-list-item\"><label><input type=\"checkbox\" name=\"acceptance-32\" value=\"1\" aria-invalid=\"false\" \/><span class=\"wpcf7-list-item-label\">J\u2019autorise ce site \u00e0 conserver mes donn\u00e9es transmises via ce formulaire. Aucune utilisation commerciale ne sera faite des donn\u00e9es r\u00e9colt\u00e9es. Voir nos <a href=\"\/mentions-legales\">mentions l\u00e9gales<\/a> pour plus d'informations.<\/span><\/label><\/span><\/span><\/span>\n<\/p>\n<p>\r\n  <div class=\"BDC_CaptchaDiv\" id=\"captcha_id_763_CaptchaDiv\" style=\"width:265px; height:50px;\"><!--\r\n --><div class=\"BDC_CaptchaImageDiv\" id=\"captcha_id_763_CaptchaImageDiv\" style=\"width:235px !important; height:50px !important;\"><!--\r\n   --><a href=\"\/\/captcha.org\/captcha.html?wordpress\" title=\"What is the WordPress CAPTCHA Plugin?\" ><img decoding=\"async\" class=\"BDC_CaptchaImage\" id=\"captcha_id_763_CaptchaImage\" src=\"https:\/\/tmandoutdoor.com\/en\/index.php?botdetect-request=1&amp;get=image&amp;c=captcha_id_763&amp;t=1a1e9cc1415359362b44f1ee748d92e8\" alt=\"Retype the CAPTCHA code from the image\" style=\"\" \/><\/a><!--\r\n --><\/div><!--\r\n --><div class=\"BDC_CaptchaIconsDiv\" id=\"captcha_id_763_CaptchaIconsDiv\" style=\"width: 24px !important;\"><!--\r\n   --><a class=\"BDC_ReloadLink\" id=\"captcha_id_763_ReloadLink\" href=\"#\" title=\"Change the CAPTCHA code\"><img decoding=\"async\" class=\"BDC_ReloadIcon\" id=\"captcha_id_763_ReloadIcon\" src=\"https:\/\/tmandoutdoor.com\/wp-content\/plugins\/botdetect-wp-captcha-free\/botdetect\/public\/bdc-reload-icon.gif\" alt=\"Change the CAPTCHA code\" \/><\/a><!--\r\n   --><a rel=\"nofollow\" class=\"BDC_SoundLink\" id=\"captcha_id_763_SoundLink\" href=\"https:\/\/tmandoutdoor.com\/en\/index.php?botdetect-request=1&amp;get=sound&amp;c=captcha_id_763&amp;t=1a1e9cc1415359362b44f1ee748d92e8\" title=\"Speak the CAPTCHA code\" target=\"_blank\"><img decoding=\"async\" class=\"BDC_SoundIcon\" id=\"captcha_id_763_SoundIcon\" src=\"https:\/\/tmandoutdoor.com\/wp-content\/plugins\/botdetect-wp-captcha-free\/botdetect\/public\/bdc-sound-icon.gif\" alt=\"Speak the CAPTCHA code\" \/><\/a><!--\r\n   --><div class=\"BDC_Placeholder\" id=\"captcha_id_763_AudioPlaceholder\">&nbsp;<\/div><!--\r\n --><\/div>\r\n   <script src=\"https:\/\/tmandoutdoor.com\/en\/index.php?botdetect-request=1&amp;get=script-include&amp;c=captcha_id_763&amp;t=1a1e9cc1415359362b44f1ee748d92e8\" type=\"text\/javascript\"><\/script>    <input type=\"hidden\" name=\"BDC_UserSpecifiedCaptchaId\" id=\"BDC_UserSpecifiedCaptchaId\" value=\"captcha_id_763\" \/>\r\n    <input type=\"hidden\" name=\"BDC_VCID_captcha_id_763\" id=\"BDC_VCID_captcha_id_763\" value=\"1a1e9cc1415359362b44f1ee748d92e8\" \/>\r\n    <input type=\"hidden\" name=\"BDC_BackWorkaround_captcha_id_763\" id=\"BDC_BackWorkaround_captcha_id_763\" value=\"0\" \/>\r\n    <input type=\"hidden\" name=\"BDC_Hs_captcha_id_763\" id=\"BDC_Hs_captcha_id_763\" value=\"3c61c25ae9f8aa4b5095f920b8b56a0084ce99db\" \/>\r\n    <input type=\"hidden\" name=\"BDC_SP_captcha_id_763\" id=\"BDC_SP_captcha_id_763\" value=\"1822339290\" \/>\r\n  <\/div>\r\n<span style=\"display: block; margin-bottom: 1.5rem\" class=\"wpcf7-form-control-wrap captcha-id-763\"><input name=\"captcha-id-763\" type=\"text\" id=\"captcha-id-763\" class=\"bdwp_user_input bot-detect wpcf7-form-control\"><input type=\"hidden\" id=\"bdwp_cf7_user_input_id\" value=\"captcha-id-763\"><\/span>\n<\/p>\n<p><input class=\"wpcf7-form-control wpcf7-submit has-spinner\" type=\"submit\" value=\"Envoyer\" \/>\n<\/p><div class=\"wpcf7-response-output\" aria-hidden=\"true\"><\/div>\n<\/form>\n<\/div>\n\n<\/div>\n<\/div>\n","protected":false},"excerpt":{"rendered":"","protected":false},"author":1,"featured_media":0,"parent":0,"menu_order":0,"comment_status":"closed","ping_status":"closed","template":"","meta":{"footnotes":""},"class_list":["post-1223","page","type-page","status-publish","hentry"],"aioseo_notices":[],"_links":{"self":[{"href":"https:\/\/tmandoutdoor.com\/en\/wp-json\/wp\/v2\/pages\/1223","targetHints":{"allow":["GET"]}}],"collection":[{"href":"https:\/\/tmandoutdoor.com\/en\/wp-json\/wp\/v2\/pages"}],"about":[{"href":"https:\/\/tmandoutdoor.com\/en\/wp-json\/wp\/v2\/types\/page"}],"author":[{"embeddable":true,"href":"https:\/\/tmandoutdoor.com\/en\/wp-json\/wp\/v2\/users\/1"}],"replies":[{"embeddable":true,"href":"https:\/\/tmandoutdoor.com\/en\/wp-json\/wp\/v2\/comments?post=1223"}],"version-history":[{"count":6,"href":"https:\/\/tmandoutdoor.com\/en\/wp-json\/wp\/v2\/pages\/1223\/revisions"}],"predecessor-version":[{"id":23726,"href":"https:\/\/tmandoutdoor.com\/en\/wp-json\/wp\/v2\/pages\/1223\/revisions\/23726"}],"wp:attachment":[{"href":"https:\/\/tmandoutdoor.com\/en\/wp-json\/wp\/v2\/media?parent=1223"}],"curies":[{"name":"wp","href":"https:\/\/api.w.org\/{rel}","templated":true}]}}