{"id":5364,"date":"2023-11-20T17:19:06","date_gmt":"2023-11-20T16:19:06","guid":{"rendered":"https:\/\/tmandoutdoor.com\/produit\/benzinkanister-5l\/"},"modified":"2025-07-15T22:17:51","modified_gmt":"2025-07-15T20:17:51","slug":"benzinkanister-5l","status":"publish","type":"product","link":"https:\/\/tmandoutdoor.com\/de\/produkt\/benzinkanister-5l\/","title":{"rendered":"Benzinkanister (5L)"},"content":{"rendered":"","protected":false},"excerpt":{"rendered":"<p class=\"MsoNormal\" style=\"line-height: normal\"><span style=\"font-size: 14pt;font-family: Arial, sans-serif;color: #000000\">Dieser Metallkanister mit einem Fassungsverm\u00f6gen von 5L ist ideal f\u00fcr den Transport von Treibstoff.  <\/span><\/p>\n<p class=\"MsoNormal\" style=\"margin-bottom: 0cm;line-height: normal;background: #FFFFFF\"><span style=\"color: #000000\"><b><span style=\"font-size: 14pt;font-family: Arial, sans-serif\">Unsere + Produkte :<\/span><\/b><b><\/b><\/span><\/p>\n<ul type=\"disc\">\n<li class=\"MsoNormal\" style=\"line-height: normal;background: #FFFFFF\"><span style=\"color: #000000\"><span style=\"font-size: 14pt;font-family: Arial, sans-serif\">Farbe: Olivgr\u00fcn (RAL6003)<\/span><\/span><\/li>\n<li class=\"MsoNormal\" style=\"line-height: normal;background: #FFFFFF\"><span style=\"color: #000000\"><span style=\"font-size: 14pt;font-family: Arial, sans-serif\">Bajonettverschluss mit Dichtung.<\/span><\/span><\/li>\n<li class=\"MsoNormal\" style=\"line-height: normal;background: #FFFFFF\"><span style=\"color: #000000\"><span style=\"font-size: 14pt;font-family: Arial, sans-serif\">Sichere Schlie\u00dfung<\/span><\/span><\/li>\n<li class=\"MsoNormal\" style=\"line-height: normal;background: #FFFFFF\"><span style=\"color: #000000\"><span style=\"font-size: 14pt;font-family: Arial, sans-serif\">Zugelassen f\u00fcr den Transport gef\u00e4hrlicher G\u00fcter (UN-Norm)<\/span><\/span><\/li>\n<li class=\"MsoNormal\" style=\"line-height: normal;background: #FFFFFF\"><span style=\"color: #000000\"><span style=\"font-size: 14pt;font-family: Arial, sans-serif\">Innenseite lackiert und rostschutzbehandelt<\/span><\/span><\/li>\n<li class=\"MsoNormal\" style=\"line-height: normal;background: #FFFFFF\"><span style=\"color: #000000\"><b><span style=\"font-size: 14pt;font-family: Arial, sans-serif\">Europ\u00e4ische Herstellung<\/span><\/b><\/span><\/li>\n<li class=\"MsoNormal\" style=\"line-height: normal;background: #FFFFFF\"><span style=\"color: #000000\"><b><span style=\"font-size: 14pt;font-family: Arial, sans-serif\">NATO-zertifiziert<\/span><\/b><\/span><\/li>\n<\/ul>\n<p style=\"margin: 0px 0px 10px;padding: 0px;border: 0px;line-height: 18px;font-family: Arial, Helvetica, sans-serif;font-size: 13px;vertical-align: baseline;color: #484848\">\n","protected":false},"featured_media":10749,"comment_status":"open","ping_status":"closed","template":"","meta":[],"product_brand":[],"product_cat":[245],"product_tag":[],"class_list":{"0":"post-5364","1":"product","2":"type-product","3":"status-publish","4":"has-post-thumbnail","6":"product_cat-werkzeuge","7":"product_shipping_class-shipping-de","9":"first","10":"instock","11":"taxable","12":"shipping-taxable","13":"purchasable","14":"product-type-simple"},"aioseo_notices":[],"_links":{"self":[{"href":"https:\/\/tmandoutdoor.com\/de\/wp-json\/wp\/v2\/product\/5364","targetHints":{"allow":["GET"]}}],"collection":[{"href":"https:\/\/tmandoutdoor.com\/de\/wp-json\/wp\/v2\/product"}],"about":[{"href":"https:\/\/tmandoutdoor.com\/de\/wp-json\/wp\/v2\/types\/product"}],"replies":[{"embeddable":true,"href":"https:\/\/tmandoutdoor.com\/de\/wp-json\/wp\/v2\/comments?post=5364"}],"wp:featuredmedia":[{"embeddable":true,"href":"https:\/\/tmandoutdoor.com\/de\/wp-json\/wp\/v2\/media\/10749"}],"wp:attachment":[{"href":"https:\/\/tmandoutdoor.com\/de\/wp-json\/wp\/v2\/media?parent=5364"}],"wp:term":[{"taxonomy":"product_brand","embeddable":true,"href":"https:\/\/tmandoutdoor.com\/de\/wp-json\/wp\/v2\/product_brand?post=5364"},{"taxonomy":"product_cat","embeddable":true,"href":"https:\/\/tmandoutdoor.com\/de\/wp-json\/wp\/v2\/product_cat?post=5364"},{"taxonomy":"product_tag","embeddable":true,"href":"https:\/\/tmandoutdoor.com\/de\/wp-json\/wp\/v2\/product_tag?post=5364"}],"curies":[{"name":"wp","href":"https:\/\/api.w.org\/{rel}","templated":true}]}}