{"id":5337,"date":"2023-11-20T17:19:08","date_gmt":"2023-11-20T16:19:08","guid":{"rendered":"https:\/\/tmandoutdoor.com\/produit\/higonokami-aogami-warikomi-messing-2\/"},"modified":"2025-07-16T22:14:08","modified_gmt":"2025-07-16T20:14:08","slug":"higonokami-aogami-warikomi-messing-2","status":"publish","type":"product","link":"https:\/\/tmandoutdoor.com\/de\/produkt\/higonokami-aogami-warikomi-messing-2\/","title":{"rendered":"Higonokami Aogami Warikomi (Messing)"},"content":{"rendered":"<p style=\"margin: 0px 0px 1em; padding: 0px; border: 0px; line-height: inherit; font-family: Arial, Helvetica, sans-serif; font-size: 13px; vertical-align: baseline; min-height: 1px;\">Dicke der Klinge: ca. 3,0 mm<\/p>\n<p style=\"margin: 0px 0px 1em; padding: 0px; border: 0px; line-height: inherit; font-family: Arial, Helvetica, sans-serif; font-size: 13px; vertical-align: baseline; min-height: 1px;\"><span style=\"margin: 0px; padding: 0px; border: 0px; font-style: inherit; font-variant: inherit; font-weight: inherit; line-height: inherit; font-family: inherit; vertical-align: baseline;\">Achtung, Karbonstahl erfordert eine besondere Pflege: Diese Klingen werden bei Gebrauch schwarz, diese Oxidation ist unvermeidlich und kann nicht verhindert werden. Das Messer muss nicht gewaschen werden, es gen\u00fcgt, die Klinge nach Gebrauch abzuwischen. Es ist gut, wenn du regelm\u00e4\u00dfig mit einem \u00f6lgetr\u00e4nkten Tuch dar\u00fcber wischst.  <\/span><\/p>\n<ul style=\"margin: 0px 0px 9px; padding: 0px 0px 0px 15px; border: 0px; line-height: inherit; font-family: Arial, Helvetica, sans-serif; font-size: 13px; vertical-align: baseline;\">\n<li style=\"margin: 0px; padding: 0px; border: 0px; font-style: inherit; font-variant: inherit; font-weight: inherit; line-height: inherit; font-family: inherit; vertical-align: baseline;\"><span class=\"VIiyi\" lang=\"fr\" style=\"margin: 0px; padding: 0px; border: 0px; font-style: inherit; font-variant: inherit; font-weight: inherit; line-height: inherit; font-family: inherit; vertical-align: baseline;\" xml:lang=\"fr\"><span class=\"JLqJ4b ChMk0b\" style=\"margin: 0px; padding: 0px; border: 0px; font-style: inherit; font-variant: inherit; font-weight: inherit; line-height: inherit; font-family: inherit; vertical-align: baseline;\">L\u00e4nge der Klinge:7,3 cm<\/span><\/span><\/li>\n<li style=\"margin: 0px; padding: 0px; border: 0px; font-style: inherit; font-variant: inherit; font-weight: inherit; line-height: inherit; font-family: inherit; vertical-align: baseline;\"><span class=\"VIiyi\" lang=\"fr\" style=\"margin: 0px; padding: 0px; border: 0px; font-style: inherit; font-variant: inherit; font-weight: inherit; line-height: inherit; font-family: inherit; vertical-align: baseline;\" xml:lang=\"fr\"><span class=\"JLqJ4b ChMk0b\" style=\"margin: 0px; padding: 0px; border: 0px; font-style: inherit; font-variant: inherit; font-weight: inherit; line-height: inherit; font-family: inherit; vertical-align: baseline;\">L\u00e4nge geschlossen: 9,7 cm<\/span><\/span><\/li>\n<li style=\"margin: 0px; padding: 0px; border: 0px; font-style: inherit; font-variant: inherit; font-weight: inherit; line-height: inherit; font-family: inherit; vertical-align: baseline;\"><span class=\"VIiyi\" lang=\"fr\" style=\"margin: 0px; padding: 0px; border: 0px; font-style: inherit; font-variant: inherit; font-weight: inherit; line-height: inherit; font-family: inherit; vertical-align: baseline;\" xml:lang=\"fr\">L\u00e4nge offen: 17 cm<\/span><\/li>\n<\/ul>\n<p style=\"margin: 0px 0px 1em; padding: 0px; border: 0px; line-height: inherit; font-family: Arial, Helvetica, sans-serif; font-size: 13px; vertical-align: baseline; min-height: 1px;\"><span class=\"VIiyi\" lang=\"fr\" style=\"margin: 0px; padding: 0px; border: 0px; font-style: inherit; font-variant: inherit; font-weight: inherit; line-height: inherit; font-family: inherit; vertical-align: baseline;\" xml:lang=\"fr\"><span class=\"JLqJ4b\" style=\"margin: 0px; padding: 0px; border: 0px; font-style: inherit; font-variant: inherit; font-weight: inherit; line-height: inherit; font-family: inherit; vertical-align: baseline;\"><span class=\"JLqJ4b ChMk0b\" style=\"margin: 0px; padding: 0px; border: 0px; font-style: inherit; font-variant: inherit; font-weight: inherit; line-height: inherit; font-family: inherit; vertical-align: baseline;\">Wenn das Messer neu ist, kann die Klinge etwas gespannt sein, wird sich aber mit der Zeit lockern.<\/span> <span class=\"JLqJ4b ChMk0b\" style=\"margin: 0px; padding: 0px; border: 0px; font-style: inherit; font-variant: inherit; font-weight: inherit; line-height: inherit; font-family: inherit; vertical-align: baseline;\">Wenn er zu locker wird, kann er durch H\u00e4mmern auf den Zapfen gestrafft werden &#8211; ein gro\u00dfes Merkmal des Higonokami-Messers.<\/span><\/span><\/span><\/p>\n","protected":false},"excerpt":{"rendered":"<p style=\"margin: 0px 0px 1em; padding: 0px; border: 0px; line-height: 18px; font-family: Arial, Helvetica, sans-serif; font-size: 13px; vertical-align: baseline; min-height: 1px; color: #484848;\"><span class=\"JLqJ4b ChMk0b\" style=\"margin: 0px; padding: 0px; border: 0px; font-style: inherit; font-variant: inherit; font-weight: inherit; line-height: inherit; font-family: inherit; vertical-align: baseline;\">Die Klinge des Aogami Warikomi Messers besteht aus blauem Aogami-Stahl, der sich in dem Messinggriff verbirgt.<\/span><span style=\"margin: 0px; padding: 0px; border: 0px; font-style: inherit; font-variant: inherit; font-weight: inherit; line-height: inherit; font-family: inherit; vertical-align: baseline;\"> <\/span><span class=\"JLqJ4b ChMk0b\" style=\"margin: 0px; padding: 0px; border: 0px; font-style: inherit; font-variant: inherit; font-weight: inherit; line-height: inherit; font-family: inherit; vertical-align: baseline;\">Die V-f\u00f6rmige Klinge erm\u00f6glicht es Ihnen, das Messer mit jeder Hand zu benutzen.<\/span><span class=\"JLqJ4b\" style=\"margin: 0px; padding: 0px; border: 0px; font-style: inherit; font-variant: inherit; font-weight: inherit; line-height: inherit; font-family: inherit; vertical-align: baseline;\"> <\/span><span class=\"JLqJ4b ChMk0b\" style=\"margin: 0px; padding: 0px; border: 0px; font-style: inherit; font-variant: inherit; font-weight: inherit; line-height: inherit; font-family: inherit; vertical-align: baseline;\">Die Klinge wird \u00fcber den Chikiri-Hebel ge\u00f6ffnet und bleibt mit Reibung offen, ohne einen separaten Verriegelungsmechanismus.<\/span><\/p>\n<p style=\"margin: 0px 0px 1em; padding: 0px; border: 0px; line-height: 18px; font-family: Arial, Helvetica, sans-serif; font-size: 13px; vertical-align: baseline; min-height: 1px; color: #484848;\"><strong style=\"margin: 0px; padding: 0px; border: 0px; font-style: inherit; font-variant: inherit; line-height: inherit; font-family: inherit; vertical-align: baseline;\">In Japan in Handarbeit hergestellt.<\/strong><\/p>\n","protected":false},"featured_media":10227,"comment_status":"open","ping_status":"closed","template":"","meta":[],"product_brand":[],"product_cat":[244],"product_tag":[],"marque":[],"class_list":{"0":"post-5337","1":"product","2":"type-product","3":"status-publish","4":"has-post-thumbnail","6":"product_cat-messer","7":"product_shipping_class-shipping-de","9":"first","10":"instock","11":"taxable","12":"shipping-taxable","13":"purchasable","14":"product-type-simple"},"aioseo_notices":[],"_links":{"self":[{"href":"https:\/\/tmandoutdoor.com\/de\/wp-json\/wp\/v2\/product\/5337","targetHints":{"allow":["GET"]}}],"collection":[{"href":"https:\/\/tmandoutdoor.com\/de\/wp-json\/wp\/v2\/product"}],"about":[{"href":"https:\/\/tmandoutdoor.com\/de\/wp-json\/wp\/v2\/types\/product"}],"replies":[{"embeddable":true,"href":"https:\/\/tmandoutdoor.com\/de\/wp-json\/wp\/v2\/comments?post=5337"}],"wp:featuredmedia":[{"embeddable":true,"href":"https:\/\/tmandoutdoor.com\/de\/wp-json\/wp\/v2\/media\/10227"}],"wp:attachment":[{"href":"https:\/\/tmandoutdoor.com\/de\/wp-json\/wp\/v2\/media?parent=5337"}],"wp:term":[{"taxonomy":"product_brand","embeddable":true,"href":"https:\/\/tmandoutdoor.com\/de\/wp-json\/wp\/v2\/product_brand?post=5337"},{"taxonomy":"product_cat","embeddable":true,"href":"https:\/\/tmandoutdoor.com\/de\/wp-json\/wp\/v2\/product_cat?post=5337"},{"taxonomy":"product_tag","embeddable":true,"href":"https:\/\/tmandoutdoor.com\/de\/wp-json\/wp\/v2\/product_tag?post=5337"},{"taxonomy":"marque","embeddable":true,"href":"https:\/\/tmandoutdoor.com\/de\/wp-json\/wp\/v2\/marque?post=5337"}],"curies":[{"name":"wp","href":"https:\/\/api.w.org\/{rel}","templated":true}]}}