{"id":5335,"date":"2023-11-20T17:19:08","date_gmt":"2023-11-20T16:19:08","guid":{"rendered":"https:\/\/tmandoutdoor.com\/produit\/higonokami-vg-10-persimmonholz\/"},"modified":"2025-07-16T22:14:37","modified_gmt":"2025-07-16T20:14:37","slug":"higonokami-vg-10-persimmonholz","status":"publish","type":"product","link":"https:\/\/tmandoutdoor.com\/de\/produkt\/higonokami-vg-10-persimmonholz\/","title":{"rendered":"Higonokami VG-10 (Persimmonholz)"},"content":{"rendered":"<ul style=\"margin: 0px 0px 9px; padding: 0px 0px 0px 15px; border: 0px; line-height: inherit; font-family: Arial, Helvetica, sans-serif; font-size: 13px; vertical-align: baseline;\">\n<li style=\"margin: 0px; padding: 0px; border: 0px; font-style: inherit; font-variant: inherit; font-weight: inherit; line-height: inherit; font-family: inherit; vertical-align: baseline;\">Dicke der Klinge: ca. 2,8 mm<\/li>\n<li style=\"margin: 0px; padding: 0px; border: 0px; font-style: inherit; font-variant: inherit; font-weight: inherit; line-height: inherit; font-family: inherit; vertical-align: baseline;\">L\u00e4nge der Klinge: 7,3 cm<\/li>\n<li style=\"margin: 0px; padding: 0px; border: 0px; font-style: inherit; font-variant: inherit; font-weight: inherit; line-height: inherit; font-family: inherit; vertical-align: baseline;\">L\u00e4nge geschlossen: 9,7 cm<\/li>\n<li style=\"margin: 0px; padding: 0px; border: 0px; font-style: inherit; font-variant: inherit; font-weight: inherit; line-height: inherit; font-family: inherit; vertical-align: baseline;\">L\u00e4nge offen: 17 cm<\/li>\n<li style=\"margin: 0px; padding: 0px; border: 0px; font-style: inherit; font-variant: inherit; font-weight: inherit; line-height: inherit; font-family: inherit; vertical-align: baseline;\">Griff: persimmon wood<\/li>\n<li style=\"margin: 0px; padding: 0px; border: 0px; font-style: inherit; font-variant: inherit; font-weight: inherit; line-height: inherit; font-family: inherit; vertical-align: baseline;\">Stahlklinge: VG-10<\/li>\n<li style=\"margin: 0px; padding: 0px; border: 0px; font-style: inherit; font-variant: inherit; font-weight: inherit; line-height: inherit; font-family: inherit; vertical-align: baseline;\">Gewicht: 30 g<\/li>\n<\/ul>\n","protected":false},"excerpt":{"rendered":"<p style=\"margin: 0px 0px 1em; padding: 0px; border: 0px; line-height: 18px; font-family: Arial, Helvetica, sans-serif; font-size: 13px; vertical-align: baseline; min-height: 1px; color: #484848;\"><span class=\"VIiyi\" lang=\"fr\" style=\"margin: 0px; padding: 0px; border: 0px; font-style: inherit; font-variant: inherit; font-weight: inherit; line-height: inherit; font-family: inherit; vertical-align: baseline;\" xml:lang=\"fr\"><span class=\"JLqJ4b ChMk0b\" style=\"margin: 0px; padding: 0px; border: 0px; font-style: inherit; font-variant: inherit; font-weight: inherit; line-height: inherit; font-family: inherit; vertical-align: baseline;\"><span style=\"margin: 0px; padding: 0px; border: 0px; font-style: inherit; font-variant: inherit; font-weight: inherit; line-height: inherit; font-family: inherit; vertical-align: baseline;\">Das echte Nagao Higonokami Warikomi-Messer aus japanischer Herstellung.<\/span><\/span> <span class=\"JLqJ4b ChMk0b\" style=\"margin: 0px; padding: 0px; border: 0px; font-style: inherit; font-variant: inherit; font-weight: inherit; line-height: inherit; font-family: inherit; vertical-align: baseline;\"><span style=\"margin: 0px; padding: 0px; border: 0px; font-style: inherit; font-variant: inherit; font-weight: inherit; line-height: inherit; font-family: inherit; vertical-align: baseline;\">Die Klinge ist aus hochwertigem VG-10-Stahl gefertigt.<\/span><\/span> <span class=\"JLqJ4b ChMk0b\" style=\"margin: 0px; padding: 0px; border: 0px; font-style: inherit; font-variant: inherit; font-weight: inherit; line-height: inherit; font-family: inherit; vertical-align: baseline;\"><span style=\"margin: 0px; padding: 0px; border: 0px; font-style: inherit; font-variant: inherit; font-weight: inherit; line-height: inherit; font-family: inherit; vertical-align: baseline;\">Die Klinge ist V-f\u00f6rmig und zweischneidig, sodass Sie sie auf beiden Seiten verwenden k\u00f6nnen, unabh\u00e4ngig davon, welche Hand Sie dominieren.<\/span><\/span> <span class=\"JLqJ4b ChMk0b\" style=\"margin: 0px; padding: 0px; border: 0px; font-style: inherit; font-variant: inherit; font-weight: inherit; line-height: inherit; font-family: inherit; vertical-align: baseline;\"><span style=\"margin: 0px; padding: 0px; border: 0px; font-style: inherit; font-variant: inherit; font-weight: inherit; line-height: inherit; font-family: inherit; vertical-align: baseline;\">Die Klinge verbirgt sich in einem Griff aus rostfreiem Stahl und l\u00e4sst sich an seinem &#8220;Chikiri&#8221;-Griff leicht mit dem Daumen \u00f6ffnen.<\/span><\/span><\/span><\/p>\n<p style=\"margin: 0px 0px 1em; padding: 0px; border: 0px; line-height: 18px; font-family: Arial, Helvetica, sans-serif; font-size: 13px; vertical-align: baseline; min-height: 1px; color: #484848;\"><strong style=\"margin: 0px; padding: 0px; border: 0px; font-style: inherit; font-variant: inherit; line-height: inherit; font-family: inherit; vertical-align: baseline;\">In Japan handwerklich hergestellt<\/strong><\/p>\n","protected":false},"featured_media":12672,"comment_status":"open","ping_status":"closed","template":"","meta":[],"product_brand":[],"product_cat":[244],"product_tag":[],"marque":[],"class_list":{"0":"post-5335","1":"product","2":"type-product","3":"status-publish","4":"has-post-thumbnail","6":"product_cat-messer","7":"product_shipping_class-shipping-de","9":"first","10":"outofstock","11":"taxable","12":"shipping-taxable","13":"purchasable","14":"product-type-simple"},"aioseo_notices":[],"_links":{"self":[{"href":"https:\/\/tmandoutdoor.com\/de\/wp-json\/wp\/v2\/product\/5335","targetHints":{"allow":["GET"]}}],"collection":[{"href":"https:\/\/tmandoutdoor.com\/de\/wp-json\/wp\/v2\/product"}],"about":[{"href":"https:\/\/tmandoutdoor.com\/de\/wp-json\/wp\/v2\/types\/product"}],"replies":[{"embeddable":true,"href":"https:\/\/tmandoutdoor.com\/de\/wp-json\/wp\/v2\/comments?post=5335"}],"wp:featuredmedia":[{"embeddable":true,"href":"https:\/\/tmandoutdoor.com\/de\/wp-json\/wp\/v2\/media\/12672"}],"wp:attachment":[{"href":"https:\/\/tmandoutdoor.com\/de\/wp-json\/wp\/v2\/media?parent=5335"}],"wp:term":[{"taxonomy":"product_brand","embeddable":true,"href":"https:\/\/tmandoutdoor.com\/de\/wp-json\/wp\/v2\/product_brand?post=5335"},{"taxonomy":"product_cat","embeddable":true,"href":"https:\/\/tmandoutdoor.com\/de\/wp-json\/wp\/v2\/product_cat?post=5335"},{"taxonomy":"product_tag","embeddable":true,"href":"https:\/\/tmandoutdoor.com\/de\/wp-json\/wp\/v2\/product_tag?post=5335"},{"taxonomy":"marque","embeddable":true,"href":"https:\/\/tmandoutdoor.com\/de\/wp-json\/wp\/v2\/marque?post=5335"}],"curies":[{"name":"wp","href":"https:\/\/api.w.org\/{rel}","templated":true}]}}