{"id":5273,"date":"2023-11-20T17:19:12","date_gmt":"2023-11-20T16:19:12","guid":{"rendered":"https:\/\/tmandoutdoor.com\/produit\/einsatz-ranger-dodge-usa\/"},"modified":"2025-07-27T16:14:59","modified_gmt":"2025-07-27T14:14:59","slug":"einsatz-ranger-dodge-usa","status":"publish","type":"product","link":"https:\/\/tmandoutdoor.com\/de\/produkt\/einsatz-ranger-dodge-usa\/","title":{"rendered":"Rangers Dodge USA"},"content":{"rendered":"<p><strong>Die Goodyear-Welted-Konstruktion<\/strong> erh\u00e4lt ihre St\u00e4rke, Haltbarkeit und Reparatureigenschaften, indem das Oberleder, das Futterleder und die Trepointe (ein speziell vorbereitetes St\u00fcck Leder) an den Rippenrand gen\u00e4ht werden, der bereits an die Einlegesohle geklebt wurde. Anschlie\u00dfend wird die Trepune an die Leder- oder Gummisohle gen\u00e4ht. Es ist dieser letzte Punkt, der die Sohle an Ort und Stelle h\u00e4lt, den wir abschneiden k\u00f6nnen, um ein vollst\u00e4ndiges Entfernen der Sohle zu erm\u00f6glichen, ohne den Schaft zu besch\u00e4digen.<\/p>\n<p>Der Bau von Goodyear Welted ist teuer, zeitaufwendig und erfordert hochqualifiziertes Know-how. Sie wurde vor Hunderten von Jahren erfunden und gilt auch heute noch als eine der besten Methoden zum Bau von Schuhen.<\/p>\n","protected":false},"excerpt":{"rendered":"<p>Dodge USA Einsatz-Rangers aus Vollnarbenleder.<\/p>\n<p>Cambrella-Futter: strapazierf\u00e4hig und atmungsaktiv<\/p>\n<p>Gen\u00e4hte Vibram-Sohle Goodyear<\/p>\n<p>Europ\u00e4ische Herstellung<\/p>\n","protected":false},"featured_media":9861,"comment_status":"open","ping_status":"closed","template":"","meta":[],"product_brand":[],"product_cat":[195,248],"product_tag":[],"marque":[],"class_list":{"0":"post-5273","1":"product","2":"type-product","3":"status-publish","4":"has-post-thumbnail","6":"product_cat-schuhe-marbot-compagnie","7":"product_cat-werbeaktionen","8":"product_shipping_class-shipping-de","10":"first","11":"instock","12":"sale","13":"taxable","14":"shipping-taxable","15":"purchasable","16":"product-type-variable"},"aioseo_notices":[],"_links":{"self":[{"href":"https:\/\/tmandoutdoor.com\/de\/wp-json\/wp\/v2\/product\/5273","targetHints":{"allow":["GET"]}}],"collection":[{"href":"https:\/\/tmandoutdoor.com\/de\/wp-json\/wp\/v2\/product"}],"about":[{"href":"https:\/\/tmandoutdoor.com\/de\/wp-json\/wp\/v2\/types\/product"}],"replies":[{"embeddable":true,"href":"https:\/\/tmandoutdoor.com\/de\/wp-json\/wp\/v2\/comments?post=5273"}],"wp:featuredmedia":[{"embeddable":true,"href":"https:\/\/tmandoutdoor.com\/de\/wp-json\/wp\/v2\/media\/9861"}],"wp:attachment":[{"href":"https:\/\/tmandoutdoor.com\/de\/wp-json\/wp\/v2\/media?parent=5273"}],"wp:term":[{"taxonomy":"product_brand","embeddable":true,"href":"https:\/\/tmandoutdoor.com\/de\/wp-json\/wp\/v2\/product_brand?post=5273"},{"taxonomy":"product_cat","embeddable":true,"href":"https:\/\/tmandoutdoor.com\/de\/wp-json\/wp\/v2\/product_cat?post=5273"},{"taxonomy":"product_tag","embeddable":true,"href":"https:\/\/tmandoutdoor.com\/de\/wp-json\/wp\/v2\/product_tag?post=5273"},{"taxonomy":"marque","embeddable":true,"href":"https:\/\/tmandoutdoor.com\/de\/wp-json\/wp\/v2\/marque?post=5273"}],"curies":[{"name":"wp","href":"https:\/\/api.w.org\/{rel}","templated":true}]}}