{"id":5124,"date":"2023-11-20T17:19:13","date_gmt":"2023-11-20T16:19:13","guid":{"rendered":"https:\/\/tmandoutdoor.com\/produit\/hemd-mit-reissverschlusskragen-100-baumwolle\/"},"modified":"2026-01-27T13:16:25","modified_gmt":"2026-01-27T12:16:25","slug":"hemd-mit-reissverschlusskragen-100-baumwolle","status":"publish","type":"product","link":"https:\/\/tmandoutdoor.com\/de\/produkt\/hemd-mit-reissverschlusskragen-100-baumwolle\/","title":{"rendered":"Khakifarbenes Baumwollhemd mit Rei\u00dfverschlusskragen, ideal f\u00fcr Feld und Biwak."},"content":{"rendered":"<h2 id=\"chemise-reglementaire-inspiree-de-l-armee-francaise\">Regul\u00e4res Hemd, inspiriert von der franz\u00f6sischen Armee<\/h2>\n<p>Unser <strong>originelles<\/strong> F1 Hemd, das direkt von der franz\u00f6sischen Armee inspiriert wurde, \u00fcbernimmt die Codes der regul\u00e4ren Kleidung: khakigr\u00fcne Farbe, Rei\u00dfverschlusskragen und 100% Baumwolle. Dieses Milit\u00e4rhemd begleitet die Soldaten im Feld und ist ideal f\u00fcr Outdoor-Fans, die ein zuverl\u00e4ssiges und angenehm zu tragendes Kleidungsst\u00fcck suchen. <\/p>\n<h2 id=\"les-benefices-cles-de-la-chemise\">Die wichtigsten Vorteile des Hemdes<\/h2>\n<ul>\n<li>W\u00e4rme und Komfort dank des dicken, w\u00e4rmespeichernden Strickgewebes.<\/li>\n<li>Taktischer Schnitt mit langen \u00c4rmeln und Stehkragen mit Rei\u00dfverschluss: optimaler Schutz vor Wind.<\/li>\n<li>Robuste Verarbeitung, um Abrieb in anspruchsvollem Gel\u00e4nde und beim Biwakieren zu widerstehen.<\/li>\n<li>Vielseitiger Stil: perfekt f\u00fcr Ihre t\u00e4gliche Kleidung, Missionsausr\u00fcstung oder ein Kampfhemd.<\/li>\n<\/ul>\n<h3 id=\"details-techniques-et-tailles-disponibles\">Technische Details und verf\u00fcgbare Gr\u00f6\u00dfen<\/h3>\n<p>Dieses Kampfhemd zeichnet sich durch einen Stehkragen mit einem robusten Rei\u00dfverschluss aus. Das gek\u00e4mmte Baumwollgewebe bietet eine atmungsaktive Qualit\u00e4t und h\u00e4lt an k\u00fchlen Tagen warm. Die verf\u00fcgbaren Gr\u00f6\u00dfen decken einen gro\u00dfen Bereich des Brustumfangs ab, um die richtige Gr\u00f6\u00dfe f\u00fcr jeden Benutzer zu gew\u00e4hrleisten.  <\/p>\n<h3 id=\"pourquoi-choisir-cette-chemise-pour-vos-activites-tactiques\">Warum sollten Sie dieses Hemd f\u00fcr Ihre taktischen Aktivit\u00e4ten w\u00e4hlen?<\/h3>\n<ol>\n<li>Khakifarbe und schwarze Option, um sich in die Umgebung einzuf\u00fcgen.<\/li>\n<li>Authentischer milit\u00e4rischer Look, der den Ausstattungen der franz\u00f6sischen Armee entspricht.<\/li>\n<li>Dichtes Gewebe und Premium-N\u00e4hqualit\u00e4t f\u00fcr eine lange Lebensdauer.<\/li>\n<\/ol>\n<p>Ob Sie in taktisches Gel\u00e4nde, auf eine Mission oder einfach nur auf eine Wanderung gehen, dieses Hemd ist ein unverzichtbares Kleidungsst\u00fcck, das sowohl funktionell als auch angenehm zu tragen ist.<\/p>\n","protected":false},"excerpt":{"rendered":"<p>Khakifarbenes Milit\u00e4rhemd aus 100 % Baumwolle mit Rei\u00dfverschlusskragen, warm und robust, inspiriert von der franz\u00f6sischen Armee: Komfort, Qualit\u00e4t und taktischer Stil f\u00fcr Ihre Outdoor- und Alltagskleidung.<\/p>\n","protected":false},"featured_media":9855,"comment_status":"open","ping_status":"closed","template":"","meta":[],"product_brand":[],"product_cat":[446,282],"product_tag":[],"marque":[],"class_list":{"0":"post-5124","1":"product","2":"type-product","3":"status-publish","4":"has-post-thumbnail","6":"product_cat-hoch","7":"product_cat-mann","8":"product_shipping_class-shipping-de","10":"first","11":"instock","12":"taxable","13":"shipping-taxable","14":"purchasable","15":"product-type-variable"},"aioseo_notices":[],"_links":{"self":[{"href":"https:\/\/tmandoutdoor.com\/de\/wp-json\/wp\/v2\/product\/5124","targetHints":{"allow":["GET"]}}],"collection":[{"href":"https:\/\/tmandoutdoor.com\/de\/wp-json\/wp\/v2\/product"}],"about":[{"href":"https:\/\/tmandoutdoor.com\/de\/wp-json\/wp\/v2\/types\/product"}],"replies":[{"embeddable":true,"href":"https:\/\/tmandoutdoor.com\/de\/wp-json\/wp\/v2\/comments?post=5124"}],"wp:featuredmedia":[{"embeddable":true,"href":"https:\/\/tmandoutdoor.com\/de\/wp-json\/wp\/v2\/media\/9855"}],"wp:attachment":[{"href":"https:\/\/tmandoutdoor.com\/de\/wp-json\/wp\/v2\/media?parent=5124"}],"wp:term":[{"taxonomy":"product_brand","embeddable":true,"href":"https:\/\/tmandoutdoor.com\/de\/wp-json\/wp\/v2\/product_brand?post=5124"},{"taxonomy":"product_cat","embeddable":true,"href":"https:\/\/tmandoutdoor.com\/de\/wp-json\/wp\/v2\/product_cat?post=5124"},{"taxonomy":"product_tag","embeddable":true,"href":"https:\/\/tmandoutdoor.com\/de\/wp-json\/wp\/v2\/product_tag?post=5124"},{"taxonomy":"marque","embeddable":true,"href":"https:\/\/tmandoutdoor.com\/de\/wp-json\/wp\/v2\/marque?post=5124"}],"curies":[{"name":"wp","href":"https:\/\/api.w.org\/{rel}","templated":true}]}}