{"id":4825,"date":"2023-11-20T17:20:33","date_gmt":"2023-11-20T16:20:33","guid":{"rendered":"https:\/\/tmandoutdoor.com\/produit\/buschhut-sand\/"},"modified":"2025-07-16T22:11:25","modified_gmt":"2025-07-16T20:11:25","slug":"buschhut-sand","status":"publish","type":"product","link":"https:\/\/tmandoutdoor.com\/de\/produkt\/buschhut-sand\/","title":{"rendered":"Buschhut (Sand)"},"content":{"rendered":"<p style=\"margin: 0px 0px 1em;padding: 0px;border: 0px;line-height: inherit;font-family: Arial, Helvetica, sans-serif;font-size: 13px;vertical-align: baseline;min-height: 1px\"><span style=\"margin: 0px;padding: 0px;border: 0px;font-style: inherit;font-variant: inherit;font-weight: inherit;line-height: inherit;font-family: inherit;vertical-align: baseline\">Die Kappe besteht aus vier Teilen, die mit halbkreisf\u00f6rmigen N\u00e4hten zusammengef\u00fcgt sind, die f\u00fcr eine gewisse Steifigkeit sorgen. Der Boden und die Krempe des Hutes sind mit einem Streifen aus Baumwollk\u00f6per bedeckt.<\/span><br \/>\n<span style=\"margin: 0px;padding: 0px;border: 0px;font-style: inherit;font-variant: inherit;font-weight: inherit;line-height: inherit;font-family: inherit;vertical-align: baseline\">Die Kappe hat 4 Bel\u00fcftungs\u00f6sen und einen Druckknopf auf der rechten Seite. Der Kinnriemen besteht aus Baumwoll-Twill.<\/span><\/p>\n<p style=\"margin: 0px 0px 1em;padding: 0px;border: 0px;line-height: inherit;font-family: Arial, Helvetica, sans-serif;font-size: 13px;vertical-align: baseline;min-height: 1px\"><span style=\"margin: 0px;padding: 0px;border: 0px;font-style: inherit;font-variant: inherit;font-weight: inherit;line-height: inherit;font-family: inherit;vertical-align: baseline\">100% satinierte Baumwolle, der Satinlook verschwindet bereits nach der ersten W\u00e4sche.<\/span><\/p>\n","protected":false},"excerpt":{"rendered":"<p>Urspr\u00fcnglich f\u00fcr die franz\u00f6sische Armee entwickelt, sch\u00fctzt Sie dieser Qualit\u00e4tshut wirksam vor der Sonne.<\/p>\n<p>Fotos nicht vertraglich bindend<\/p>\n","protected":false},"featured_media":11849,"comment_status":"open","ping_status":"closed","template":"","meta":[],"product_brand":[],"product_cat":[280],"product_tag":[],"marque":[],"class_list":{"0":"post-4825","1":"product","2":"type-product","3":"status-publish","4":"has-post-thumbnail","6":"product_cat-zubehoer","7":"product_shipping_class-shipping-de","9":"first","10":"instock","11":"taxable","12":"shipping-taxable","13":"purchasable","14":"product-type-variable"},"aioseo_notices":[],"_links":{"self":[{"href":"https:\/\/tmandoutdoor.com\/de\/wp-json\/wp\/v2\/product\/4825","targetHints":{"allow":["GET"]}}],"collection":[{"href":"https:\/\/tmandoutdoor.com\/de\/wp-json\/wp\/v2\/product"}],"about":[{"href":"https:\/\/tmandoutdoor.com\/de\/wp-json\/wp\/v2\/types\/product"}],"replies":[{"embeddable":true,"href":"https:\/\/tmandoutdoor.com\/de\/wp-json\/wp\/v2\/comments?post=4825"}],"wp:featuredmedia":[{"embeddable":true,"href":"https:\/\/tmandoutdoor.com\/de\/wp-json\/wp\/v2\/media\/11849"}],"wp:attachment":[{"href":"https:\/\/tmandoutdoor.com\/de\/wp-json\/wp\/v2\/media?parent=4825"}],"wp:term":[{"taxonomy":"product_brand","embeddable":true,"href":"https:\/\/tmandoutdoor.com\/de\/wp-json\/wp\/v2\/product_brand?post=4825"},{"taxonomy":"product_cat","embeddable":true,"href":"https:\/\/tmandoutdoor.com\/de\/wp-json\/wp\/v2\/product_cat?post=4825"},{"taxonomy":"product_tag","embeddable":true,"href":"https:\/\/tmandoutdoor.com\/de\/wp-json\/wp\/v2\/product_tag?post=4825"},{"taxonomy":"marque","embeddable":true,"href":"https:\/\/tmandoutdoor.com\/de\/wp-json\/wp\/v2\/marque?post=4825"}],"curies":[{"name":"wp","href":"https:\/\/api.w.org\/{rel}","templated":true}]}}