{"id":4823,"date":"2023-11-20T17:20:56","date_gmt":"2023-11-20T16:20:56","guid":{"rendered":"https:\/\/tmandoutdoor.com\/produit\/higonokami-warikomi-sk-verchromt\/"},"modified":"2025-07-24T10:47:54","modified_gmt":"2025-07-24T08:47:54","slug":"higonokami-warikomi-sk-verchromt","status":"publish","type":"product","link":"https:\/\/tmandoutdoor.com\/de\/produkt\/higonokami-warikomi-sk-verchromt\/","title":{"rendered":"Higonokami Warikomi SK (verchromt)"},"content":{"rendered":"<ul>\n<li>Dicke der Klinge: ca. 2,2 ~ 2,8 mm<\/li>\n<li><span class=\"VIiyi\" lang=\"fr\" xml:lang=\"fr\"><span class=\"JLqJ4b ChMk0b\">Griff: verchromtes Eisen<\/span><\/span><\/li>\n<li><span class=\"VIiyi\" lang=\"fr\" xml:lang=\"fr\"><span class=\"JLqJ4b ChMk0b\">Klingenstahl: SK High Carbon<\/span><span class=\"JLqJ4b\"> <\/span><\/span><\/li>\n<\/ul>\n<p><span class=\"VIiyi\" lang=\"fr\" xml:lang=\"fr\">Achtung, Karbonstahl erfordert eine besondere Pflege: Diese Klingen werden bei Gebrauch schwarz, diese Oxidation ist unvermeidlich und kann nicht verhindert werden. Das Messer muss nicht gewaschen werden, es gen\u00fcgt, die Klinge nach Gebrauch abzuwischen. Es ist gut, wenn du regelm\u00e4\u00dfig mit einem \u00f6lgetr\u00e4nkten Tuch dar\u00fcber wischst.  <\/span><\/p>\n<p><strong>Abmessungen Small :  <\/strong><\/p>\n<ul>\n<li><span class=\"VIiyi\" lang=\"fr\" xml:lang=\"fr\"><span class=\"JLqJ4b ChMk0b\">L\u00e4nge der Klinge:6.5 cm<\/span><\/span><\/li>\n<li><span class=\"VIiyi\" lang=\"fr\" xml:lang=\"fr\"><span class=\"JLqJ4b ChMk0b\">Geschlossene L\u00e4nge: 9 cm<\/span><\/span><\/li>\n<li><span class=\"VIiyi\" lang=\"fr\" xml:lang=\"fr\">Offene L\u00e4nge: 15 cm<\/span><\/li>\n<\/ul>\n<p><strong>Abmessungen Medium :  <\/strong><\/p>\n<ul>\n<li><span class=\"VIiyi\" lang=\"fr\" xml:lang=\"fr\"><span class=\"JLqJ4b ChMk0b\">L\u00e4nge der Klinge: 7 cm<\/span><\/span><\/li>\n<li><span class=\"VIiyi\" lang=\"fr\" xml:lang=\"fr\"><span class=\"JLqJ4b ChMk0b\">Geschlossene L\u00e4nge: 9,2 cm<\/span><\/span><\/li>\n<li><span class=\"VIiyi\" lang=\"fr\" xml:lang=\"fr\">Offene L\u00e4nge: 16 cm<\/span><\/li>\n<\/ul>\n<p><strong>Abmessungen Large :  <\/strong><\/p>\n<ul>\n<li><span class=\"VIiyi\" lang=\"fr\" xml:lang=\"fr\"><span class=\"JLqJ4b ChMk0b\">L\u00e4nge der Klinge: 9 cm<\/span><\/span><\/li>\n<li><span class=\"VIiyi\" lang=\"fr\" xml:lang=\"fr\"><span class=\"JLqJ4b ChMk0b\">Geschlossene L\u00e4nge: 12 cm<\/span><\/span><\/li>\n<li><span class=\"VIiyi\" lang=\"fr\" xml:lang=\"fr\">L\u00e4nge offen: 21 cm<\/span><\/li>\n<\/ul>\n<p><span class=\"VIiyi\" lang=\"fr\" xml:lang=\"fr\"><span class=\"JLqJ4b\"><span class=\"JLqJ4b ChMk0b\">Wenn das Messer neu ist, kann die Klinge etwas gespannt sein, wird sich aber mit der Zeit lockern.<\/span> <span class=\"JLqJ4b ChMk0b\">Wenn er zu locker wird, kann er durch H\u00e4mmern auf den Zapfen gestrafft werden &#8211; ein gro\u00dfes Merkmal des Higonokami-Messers.<\/span><\/span><\/span><\/p>\n","protected":false},"excerpt":{"rendered":"<p><span class=\"VIiyi\" lang=\"fr\" xml:lang=\"fr\">Die Klinge des Warikomi-Messers besteht aus SK-Stahl mit hohem Kohlenstoffgehalt, der sich im Griff aus vernickeltem Eisen verbirgt.<\/span><\/p>\n<p><span class=\"VIiyi\" lang=\"fr\" xml:lang=\"fr\"><span class=\"JLqJ4b ChMk0b\">Die V-f\u00f6rmige Klinge erm\u00f6glicht es Ihnen, das Messer mit jeder Hand zu benutzen.<\/span><\/span><\/p>\n<p><span class=\"VIiyi\" lang=\"fr\" xml:lang=\"fr\">Die Klinge wird \u00fcber den Chikiri-Hebel ge\u00f6ffnet und bleibt mit Reibung offen, ohne einen separaten Verriegelungsmechanismus.<\/span><\/p>\n<p><strong>In Japan handwerklich hergestellt<\/strong><\/p>\n","protected":false},"featured_media":9021,"comment_status":"open","ping_status":"closed","template":"","meta":[],"product_brand":[],"product_cat":[244],"product_tag":[],"marque":[],"class_list":{"0":"post-4823","1":"product","2":"type-product","3":"status-publish","4":"has-post-thumbnail","6":"product_cat-messer","7":"product_shipping_class-shipping-de","9":"first","10":"instock","11":"taxable","12":"shipping-taxable","13":"purchasable","14":"product-type-variable"},"aioseo_notices":[],"_links":{"self":[{"href":"https:\/\/tmandoutdoor.com\/de\/wp-json\/wp\/v2\/product\/4823","targetHints":{"allow":["GET"]}}],"collection":[{"href":"https:\/\/tmandoutdoor.com\/de\/wp-json\/wp\/v2\/product"}],"about":[{"href":"https:\/\/tmandoutdoor.com\/de\/wp-json\/wp\/v2\/types\/product"}],"replies":[{"embeddable":true,"href":"https:\/\/tmandoutdoor.com\/de\/wp-json\/wp\/v2\/comments?post=4823"}],"wp:featuredmedia":[{"embeddable":true,"href":"https:\/\/tmandoutdoor.com\/de\/wp-json\/wp\/v2\/media\/9021"}],"wp:attachment":[{"href":"https:\/\/tmandoutdoor.com\/de\/wp-json\/wp\/v2\/media?parent=4823"}],"wp:term":[{"taxonomy":"product_brand","embeddable":true,"href":"https:\/\/tmandoutdoor.com\/de\/wp-json\/wp\/v2\/product_brand?post=4823"},{"taxonomy":"product_cat","embeddable":true,"href":"https:\/\/tmandoutdoor.com\/de\/wp-json\/wp\/v2\/product_cat?post=4823"},{"taxonomy":"product_tag","embeddable":true,"href":"https:\/\/tmandoutdoor.com\/de\/wp-json\/wp\/v2\/product_tag?post=4823"},{"taxonomy":"marque","embeddable":true,"href":"https:\/\/tmandoutdoor.com\/de\/wp-json\/wp\/v2\/marque?post=4823"}],"curies":[{"name":"wp","href":"https:\/\/api.w.org\/{rel}","templated":true}]}}