{"id":4732,"date":"2023-11-20T17:20:57","date_gmt":"2023-11-20T16:20:57","guid":{"rendered":"https:\/\/tmandoutdoor.com\/produit\/frontale-lampe-lago-diablo-getarntes-stirnband\/"},"modified":"2023-11-20T17:20:57","modified_gmt":"2023-11-20T16:20:57","slug":"frontale-lampe-lago-diablo-getarntes-stirnband","status":"publish","type":"product","link":"https:\/\/tmandoutdoor.com\/de\/produkt\/frontale-lampe-lago-diablo-getarntes-stirnband\/","title":{"rendered":"FRONTALE LAMPE LAGO DIABLO (getarntes Stirnband)"},"content":{"rendered":"<div id=\"MarketplaceProductDescription-c796bc48ce0427bde8f1f9690ae2565e18ef92a0\" class=\"floor container-small floor--expanded container svelte-10ibidi\" style=\"max-width:61.6rem;margin:4.8rem auto 7.2rem;padding:3.2rem 0px;color:#1a2a34;font-family:Roboto, Helvetica, 'Helvetica Neue', Arial, sans-serif;font-size:14px;background-color:#ffffff;border:0px solid #d0d5da;\">\n<div class=\"floor-content svelte-10ibidi\" style=\"border:0px solid;padding:0px 1.6rem;\">\n<div class=\"svelte-1uw9j0x\" style=\"border:0px solid;\">\n<p style=\"border:0px solid;margin:0px 0px 1em;\">Ein speziell f\u00fcr schnelles Gehen entwickelter Lichtkegel, konstante Beleuchtung in wei\u00df oder rot mit einer oder zwei Batterien.<\/p>\n<p style=\"border:0px solid;margin:0px 0px 1em;\">Zu beachten:<\/p>\n<ul style=\"border:0px solid;margin:0px 0px 1em;padding:0px 0px 0px 2em;list-style-type:disc;\">\n<li style=\"color:#1a2a34;font-family:Roboto, Helvetica, 'Helvetica Neue', Arial, sans-serif;font-size:14px;\">Seitlicher Wahlschalter f\u00fcr den Beleuchtungsmodus, Morsecode und Dauerlicht,<\/li>\n<li style=\"border:0px solid;list-style:inherit;\">\n<p style=\"border:0px solid;margin:0px 0px 1em;\">2 Lichtstrahlen :<\/p>\n<ul style=\"border:0px solid;margin:0px 0px 1em;padding:0px 0px 0px 2em;\">\n<li style=\"border:0px solid;list-style:inherit;\">wei\u00df medium verbreitert designt f\u00fcr schnelles Gehen<\/li>\n<li style=\"border:0px solid;list-style:inherit;\">rot, um sich zu beleuchten und dabei die Nachtsicht zu erhalten,<\/li>\n<\/ul>\n<\/li>\n<li style=\"border:0px solid;list-style:inherit;\">\n<p style=\"border:0px solid;margin:0px 0px 1em;\">Konstante Lichtleistung w\u00e4hrend der gesamten Entladungsdauer mit 1 oder 2 Batterien,<\/p>\n<\/li>\n<li style=\"border:0px solid;list-style:inherit;\">\n<p style=\"border:0px solid;margin:0px 0px 1em;\">Ein patentiertes Frontst\u00fctzsystem f\u00fcr hohen Komfort.<\/p>\n<\/li>\n<li style=\"border:0px solid;list-style:inherit;\">\n<p style=\"border:0px solid;margin:0px 0px 1em;\">41 Lumen und einem Lichtstrahl, der bis zu 27 Meter weit reicht (gemessen nach ANSI FL1 Standard),<\/p>\n<\/li>\n<li style=\"border:0px solid;list-style:inherit;\">\n<p style=\"border:0px solid;margin:0px 0px 1em;\">Konstante Beleuchtung unabh\u00e4ngig von der Batterieladung; gleiche Leistung mit 1 oder 2 Batterien.<\/p>\n<\/li>\n<li style=\"border:0px solid;list-style:inherit;\">\n<p style=\"border:0px solid;margin:0px 0px 1em;\">Speziell entwickelte Optik f\u00fcr schnelles Gehen in unebenem Gel\u00e4nde (wei\u00dfe Beleuchtung):<\/p>\n<ul style=\"border:0px solid;margin:0px 0px 1em;padding:0px 0px 0px 2em;\">\n<li style=\"border:0px solid;list-style:inherit;\">Erweiterte Beleuchtung am Boden und in der Horizontalen,<\/li>\n<li style=\"border:0px solid;list-style:inherit;\">Beleuchtung in der Verl\u00e4ngerung des Blicks f\u00fcr schnelles Auffinden des richtigen Weges.<\/li>\n<\/ul>\n<\/li>\n<li style=\"border:0px solid;list-style:inherit;\">\n<p style=\"border:0px solid;margin:0px 0px 1em;\">2 LR6 \/ AA-Batterien im Lieferumfang enthalten (funktioniert auch mit wiederaufladbaren RC6-Batterien),<\/p>\n<\/li>\n<li style=\"border:0px solid;list-style:inherit;\">\n<p style=\"border:0px solid;margin:0px 0px 1em;\">Leuchtdauer von 20 Stunden mit 2 Batterien bei wei\u00dfer Beleuchtung,<\/p>\n<\/li>\n<li style=\"border:0px solid;list-style:inherit;\">\n<p style=\"border:0px solid;margin:0px 0px 1em;\">Leuchtdauer von 62 Stunden mit 2 Batterien bei roter Beleuchtung.<\/p>\n<\/li>\n<li style=\"border:0px solid;list-style:inherit;\">\n<p style=\"border:0px solid;margin:0px 0px 1em;\">Leichtgewicht von 110 Gramm, mit 2 Batterien, inklusive Stirnband (86 Gramm mit nur einer Batterie),<\/p>\n<\/li>\n<li style=\"border:0px solid;list-style:inherit;\">\n<p style=\"border:0px solid;margin:0px 0px 1em;\">Anti-Z\u00fcndungs-System mit Ein\/Aus-Sperre und Aus-Position des Wahlschalters,<\/p>\n<\/li>\n<li style=\"border:0px solid;list-style:inherit;\">\n<p style=\"border:0px solid;margin:0px 0px 1em;\">Photobiologisches Risiko: Gruppe 1, geringes Risiko; kein Risiko bei einem Abstand von 0,5 Metern (Messungen gem\u00e4\u00df IEC 62471),<\/p>\n<\/li>\n<li style=\"border:0px solid;list-style:inherit;\">\n<p style=\"border:0px solid;margin:0px 0px 1em;\">Verstellbares, elastisches Stirnband, hypoallergen und waschbar bei 30\u00b0C,<\/p>\n<\/li>\n<li style=\"border:0px solid;list-style:inherit;\">\n<p style=\"border:0px solid;margin:0px 0px 1em;\">L\u00e4sst sich an jede Halterung mit SHROUD-System anklipsen (mitgeliefertes Zubeh\u00f6r),<\/p>\n<\/li>\n<li style=\"border:0px solid;list-style:inherit;\">\n<p style=\"border:0px solid;margin:0px 0px 1em;\">Wird an das MOLLE-System angeklipst (mit mitgeliefertem Zubeh\u00f6r).<\/p>\n<\/li>\n<li style=\"border:0px solid;list-style:inherit;\"><span style=\"color:#1a2a34;font-family:Roboto, Helvetica, 'Helvetica Neue', Arial, sans-serif;\"><span style=\"font-size:14px;\">Getarntes Stirnband<\/span><\/span><\/li>\n<\/ul>\n<p style=\"border:0px solid;margin:0px 0px 1em;\"><span style=\"color:#000000;\">Die DIABLO-Stirnlampe wurde in Zusammenarbeit mit der franz\u00f6sischen Armee entwickelt und ist perfekt f\u00fcr Biwaks und Au\u00dfeneins\u00e4tze geeignet.<\/span><\/p>\n<p style=\"border:0px solid;margin:0px 0px 1em;\"><span style=\"color:#000000;\">Die DIABLO-Stirnlampe wird vollst\u00e4ndig in Frankreich entworfen und hergestellt (au\u00dfer Batterien und elektronischen Bauteilen).<\/span><\/p>\n<p style=\"border:0px solid;margin:0px 0px 1em;\">\n<\/div>\n<\/div>\n<\/div>\n<div id=\"MarketplaceProductTechnicalInformations-b9d6c3f2704ed593d4a04534ed003cfa32bde3f0\" class=\"floor container-small floor--expanded container svelte-10ibidi\" style=\"max-width:61.6rem;margin:4.8rem auto 7.2rem;padding:3.2rem 0px;color:#1a2a34;font-family:Roboto, Helvetica, 'Helvetica Neue', Arial, sans-serif;font-size:14px;background-color:#ffffff;border:0px solid #d0d5da;\">\n<div class=\"floor-content svelte-10ibidi\" style=\"border:0px solid;padding:0px 1.6rem;\">\n<div style=\"border:0px solid;\">\n<ul class=\"svelte-1aqgxy0\" style=\"border:0px solid;margin:0px;padding:0px;\">\n<li class=\"vtmn-flex vtmn-flex-wrap vtmn-justify-between vtmn-items-baseline vtmn-p-2 vtmn-border-b vtmn-border-solid vtmn-border-grey-light-2 svelte-1aqgxy0\" style=\"border-width:.1rem 0px 1px;border-style:solid;border-top-color:#d0d5da;list-style:none;margin-top:-.1rem;\"><span class=\"vtmn-mr-2\" style=\"border:0px solid;\">Art der Stromversorgung : <\/span><span class=\"vtmn-font-bold vtmn-full-h\" style=\"border:0px solid;font-weight:bold;\">Batterien<\/span><\/li>\n<li class=\"vtmn-flex vtmn-flex-wrap vtmn-justify-between vtmn-items-baseline vtmn-p-2 vtmn-border-b vtmn-border-solid vtmn-border-grey-light-2 svelte-1aqgxy0\" style=\"border-width:.1rem 0px 1px;border-style:solid;border-top-color:#d0d5da;list-style:none;margin-top:-.1rem;background-color:transparent;\"><span class=\"vtmn-mr-2\" style=\"border:0px solid;\">Art der Beleuchtung : <\/span><span class=\"vtmn-font-bold vtmn-full-h\" style=\"border:0px solid;font-weight:bold;\">Rot-Modus<\/span><\/li>\n<li class=\"vtmn-flex vtmn-flex-wrap vtmn-justify-between vtmn-items-baseline vtmn-p-2 vtmn-border-b vtmn-border-solid vtmn-border-grey-light-2 svelte-1aqgxy0\" style=\"border-width:.1rem 0px 1px;border-style:solid;border-top-color:#d0d5da;list-style:none;margin-top:-.1rem;\"><span class=\"vtmn-mr-2\" style=\"border:0px solid;\">neigbar : <\/span><span class=\"vtmn-font-bold vtmn-full-h\" style=\"border:0px solid;font-weight:bold;\">mit Neigung<\/span><\/li>\n<li class=\"vtmn-flex vtmn-flex-wrap vtmn-justify-between vtmn-items-baseline vtmn-p-2 vtmn-border-b vtmn-border-solid vtmn-border-grey-light-2 svelte-1aqgxy0\" style=\"border-width:.1rem 0px 1px;border-style:solid;border-top-color:#d0d5da;list-style:none;margin-top:-.1rem;background-color:transparent;\"><span class=\"vtmn-mr-2\" style=\"border:0px solid;\">Breite (in cm) : <\/span><span class=\"vtmn-font-bold vtmn-full-h\" style=\"border:0px solid;font-weight:bold;\">4,8 cm<\/span><\/li>\n<li class=\"vtmn-flex vtmn-flex-wrap vtmn-justify-between vtmn-items-baseline vtmn-p-2 vtmn-border-b vtmn-border-solid vtmn-border-grey-light-2 svelte-1aqgxy0\" style=\"border-width:.1rem 0px 1px;border-style:solid;border-top-color:#d0d5da;list-style:none;margin-top:-.1rem;\"><span class=\"vtmn-mr-2\" style=\"border:0px solid;\">Technologie der Beleuchtung : <\/span><span class=\"vtmn-font-bold vtmn-full-h\" style=\"border:0px solid;font-weight:bold;\">konstante LED-Beleuchtung<\/span><\/li>\n<li class=\"vtmn-flex vtmn-flex-wrap vtmn-justify-between vtmn-items-baseline vtmn-p-2 vtmn-border-b vtmn-border-solid vtmn-border-grey-light-2 svelte-1aqgxy0 second-half\" style=\"border-width:.1rem 0px 1px;border-style:solid;border-top-color:#d0d5da;list-style:none;margin-top:-.1rem;background-color:transparent;\"><span class=\"vtmn-mr-2\" style=\"border:0px solid;\">Art des Strahls : <\/span><span class=\"vtmn-font-bold vtmn-full-h\" style=\"border:0px solid;font-weight:bold;\">gemischter Strahl<\/span><\/li>\n<li class=\"vtmn-flex vtmn-flex-wrap vtmn-justify-between vtmn-items-baseline vtmn-p-2 vtmn-border-b vtmn-border-solid vtmn-border-grey-light-2 svelte-1aqgxy0 second-half\" style=\"border-width:.1rem 0px 1px;border-style:solid;border-top-color:#d0d5da;list-style:none;margin-top:-.1rem;\"><span class=\"vtmn-mr-2\" style=\"border:0px solid;\">H\u00f6he (in cm) : <\/span><span class=\"vtmn-font-bold vtmn-full-h\" style=\"border:0px solid;font-weight:bold;\">3,5 cm<\/span><\/li>\n<li class=\"vtmn-flex vtmn-flex-wrap vtmn-justify-between vtmn-items-baseline vtmn-p-2 vtmn-border-b vtmn-border-solid vtmn-border-grey-light-2 svelte-1aqgxy0 second-half\" style=\"border-width:.1rem 0px 1px;border-style:solid;border-top-color:#d0d5da;list-style:none;margin-top:-.1rem;background-color:transparent;\"><span class=\"vtmn-mr-2\" style=\"border:0px solid;\">L\u00e4nge (in cm) : <\/span><span class=\"vtmn-font-bold vtmn-full-h\" style=\"border:0px solid;font-weight:bold;\">7,2 cm<\/span><\/li>\n<li class=\"vtmn-flex vtmn-flex-wrap vtmn-justify-between vtmn-items-baseline vtmn-p-2 vtmn-border-b vtmn-border-solid vtmn-border-grey-light-2 svelte-1aqgxy0 second-half\" style=\"border-width:.1rem 0px 1px;border-style:solid;border-top-color:#d0d5da;list-style:none;margin-top:-.1rem;\"><span class=\"vtmn-mr-2\" style=\"border:0px solid;\">maximale Leistung (in Lumen) : <\/span><span class=\"vtmn-font-bold vtmn-full-h\" style=\"border:0px solid;font-weight:bold;\">von 10 bis 50 Lumen<\/span><\/li>\n<\/ul>\n<\/div>\n<\/div>\n<\/div>\n","protected":false},"excerpt":{"rendered":"<p style=\"border:0px solid;margin:0px 0px 1em;\"><span style=\"color:#000000;\">Die DIABLO-Stirnlampe wurde in Zusammenarbeit mit der franz\u00f6sischen Armee entwickelt und ist perfekt f\u00fcr Biwaks und Au\u00dfeneins\u00e4tze geeignet.<\/span><\/p>\n<p style=\"border:0px solid;margin:0px 0px 1em;\"><span style=\"color:#000000;\">Die DIABLO-Stirnlampe wird vollst\u00e4ndig in Frankreich entworfen und hergestellt.<\/span><\/p>\n<p style=\"border:0px solid;margin:0px 0px 1em;\"><span style=\"color:#000000;\"><img decoding=\"async\" src=\"https:\/\/www.auvieuxcampeur.fr\/media\/pictos\/made-in-france-1636716009.jpg\" alt=\"Franz\u00f6sische Herstellung\"><\/span><\/p>\n","protected":false},"featured_media":8961,"comment_status":"open","ping_status":"closed","template":"","meta":[],"product_brand":[],"product_cat":[280],"product_tag":[],"marque":[],"class_list":{"0":"post-4732","1":"product","2":"type-product","3":"status-publish","4":"has-post-thumbnail","6":"product_cat-zubehoer","8":"first","9":"instock","10":"taxable","11":"shipping-taxable","12":"purchasable","13":"product-type-simple"},"aioseo_notices":[],"_links":{"self":[{"href":"https:\/\/tmandoutdoor.com\/de\/wp-json\/wp\/v2\/product\/4732","targetHints":{"allow":["GET"]}}],"collection":[{"href":"https:\/\/tmandoutdoor.com\/de\/wp-json\/wp\/v2\/product"}],"about":[{"href":"https:\/\/tmandoutdoor.com\/de\/wp-json\/wp\/v2\/types\/product"}],"replies":[{"embeddable":true,"href":"https:\/\/tmandoutdoor.com\/de\/wp-json\/wp\/v2\/comments?post=4732"}],"wp:featuredmedia":[{"embeddable":true,"href":"https:\/\/tmandoutdoor.com\/de\/wp-json\/wp\/v2\/media\/8961"}],"wp:attachment":[{"href":"https:\/\/tmandoutdoor.com\/de\/wp-json\/wp\/v2\/media?parent=4732"}],"wp:term":[{"taxonomy":"product_brand","embeddable":true,"href":"https:\/\/tmandoutdoor.com\/de\/wp-json\/wp\/v2\/product_brand?post=4732"},{"taxonomy":"product_cat","embeddable":true,"href":"https:\/\/tmandoutdoor.com\/de\/wp-json\/wp\/v2\/product_cat?post=4732"},{"taxonomy":"product_tag","embeddable":true,"href":"https:\/\/tmandoutdoor.com\/de\/wp-json\/wp\/v2\/product_tag?post=4732"},{"taxonomy":"marque","embeddable":true,"href":"https:\/\/tmandoutdoor.com\/de\/wp-json\/wp\/v2\/marque?post=4732"}],"curies":[{"name":"wp","href":"https:\/\/api.w.org\/{rel}","templated":true}]}}