{"id":4729,"date":"2023-11-20T17:20:57","date_gmt":"2023-11-20T16:20:57","guid":{"rendered":"https:\/\/tmandoutdoor.com\/produit\/stirnlampe-lago-brx3-0\/"},"modified":"2025-07-15T22:41:13","modified_gmt":"2025-07-15T20:41:13","slug":"stirnlampe-lago-brx3-0","status":"publish","type":"product","link":"https:\/\/tmandoutdoor.com\/de\/produkt\/stirnlampe-lago-brx3-0\/","title":{"rendered":"Stirnlampe LAGO BRX3.0"},"content":{"rendered":"<h2 style=\"margin: 0px 0px 1em;padding: 0px 0px 5px;clear: both;font-family: 'Titillium Web', sans-serif\">St\u00e4rken<\/h2>\n<ul style=\"margin: 1em 0px;padding: 0px 0px 0px 40px;line-height: 1.6\">\n<li style=\"margin: .4em 0px;padding: 0px 0px 0px 1em\">3 starke Lichtkegel, bis zu 250 Lumen:<br style=\"margin: 0px;padding: 0px\">&#8211; breit f\u00fcr Arbeiten im Nahbereich,<br style=\"margin: 0px;padding: 0px\">&#8211; fokussiert f\u00fcr Inspektionen,<br style=\"margin: 0px;padding: 0px\">&#8211; doppelt f\u00fcr die richtige Beleuchtung f\u00fcr die Bewegung (Gehen und Laufen).<\/li>\n<li style=\"margin: .4em 0px;padding: 0px 0px 0px 1em\">VARIO-Modus, zur Feineinstellung der Beleuchtungsst\u00e4rke,<\/li>\n<li style=\"margin: .4em 0px;padding: 0px 0px 0px 1em\">Ein modifiziertes Stirnst\u00fctzensystem f\u00fcr mehr Komfort,<\/li>\n<li style=\"margin: .4em 0px;padding: 0px 0px 0px 1em\">Batterietestmodus, um jederzeit die verbleibende Akkuleistung zu beurteilen,<\/li>\n<li style=\"margin: .4em 0px;padding: 0px 0px 0px 1em\">Wird an ausgestattete Helme oder mit der <a style=\"margin: 0px;padding: 0px;background-color: transparent;font-weight: bold;color: #f5aa44\" href=\"https:\/\/lagolight.com\/produit\/platine-clicas-pour-fixation-sur-casque\/\" target=\"_blank\" rel=\"noreferrer noopener\">CLICAS-Platine<\/a> angeklipst.<\/li>\n<\/ul>\n<table style=\"margin: 2em 0px;padding: 0px;border-collapse: collapse;width: 1080px;background: #f4f4f4;border: 2px solid #2f2f2f\">\n<tbody style=\"margin: 0px;padding: 0px\">\n<tr style=\"margin: 0px;padding: 0px;background-color: #f0f0f0\">\n<td style=\"margin: 0px;padding: 10px 20px;border-top: none transparent;border-right-color: transparent;border-bottom-color: transparent;border-left-color: transparent\"><\/td>\n<td style=\"margin: 0px;padding: 10px 20px;border-top: none transparent;border-right-color: transparent;border-bottom-color: transparent;border-left-color: transparent\">2 Osram High-Power LEDs.<br style=\"margin: 0px;padding: 0px\">Progressiver Dimmer VARIO f\u00fcr alle 3 Modi, mit Speicherung der letzten Einstellung.<br style=\"margin: 0px;padding: 0px\"><br style=\"margin: 0px;padding: 0px\">Doppelter Lichtkegel, um sich unter ausgezeichneten Bedingungen fortzubewegen (Laufen und schnelles Gehen):<br style=\"margin: 0px;padding: 0px\">&#8211; 251 Lumen (6 Lumen in VARIO mini), *<br style=\"margin: 0px;padding: 0px\">&#8211; Leuchtweite: 75 Meter (9 Meter in VARIO mini), *<br style=\"margin: 0px;padding: 0px\">&#8211; Die Kombination des breiten Lichtkegels f\u00fcr eine gute Wahrnehmung der n\u00e4heren Umgebung (insbesondere auf Bodenh\u00f6he) und des fokussierten Lichtkegels f\u00fcr eine gro\u00dfe Leuchtweite und um den Weg zu finden.<br style=\"margin: 0px;padding: 0px\"><br style=\"margin: 0px;padding: 0px\">Feiner Lichtkegel f\u00fcr die Inspektion aus der Ferne:<br style=\"margin: 0px;padding: 0px\">&#8211; 228 Lumen (6 Lumen in VARIO mini), *<br style=\"margin: 0px;padding: 0px\">&#8211; Leuchtweite: 100 Meter (15 Meter in VARIO mini). *<br style=\"margin: 0px;padding: 0px\"><br style=\"margin: 0px;padding: 0px\">Breiter und gleichm\u00e4\u00dfiger Lichtkegel f\u00fcr eine komfortable Beleuchtung des Arbeitsbereichs und der H\u00e4nde:<br style=\"margin: 0px;padding: 0px\">&#8211; 215 Lumen (6 Lumen in VARIO mini), *<br style=\"margin: 0px;padding: 0px\">&#8211; Leuchtweite: 44 Meter, *<br style=\"margin: 0px;padding: 0px\">&#8211; Beleuchtungsst\u00e4rke \u00fcber einen breiten Bereich von mehr als 1000 Lux auf H\u00f6he der H\u00e4nde (bei 50 cm).<br style=\"margin: 0px;padding: 0px\"><br style=\"margin: 0px;padding: 0px\">Lichtstrahl um 180\u00b0 schwenkbar (90\u00b0 nach oben und 90\u00b0 nach unten).<\/td>\n<\/tr>\n<tr style=\"margin: 0px;padding: 0px;background: #ffffff\">\n<td style=\"margin: 0px;padding: 10px 20px;border-top: none transparent;border-right-color: transparent;border-bottom-color: transparent;border-left-color: transparent\">Energie &#8211; Betriebsdauer<\/td>\n<td style=\"margin: 0px;padding: 10px 20px;border-top: none transparent;border-right-color: transparent;border-bottom-color: transparent;border-left-color: transparent\">3 LR03\/AAA Alkaline 1,5V Batterien im Lieferumfang enthalten.<br style=\"margin: 0px;padding: 0px\">Betriebsdauer: 275 Stunden (7 h50 in VARIO max.). *<br style=\"margin: 0px;padding: 0px\">Batterietestmodus: Anzeige der verbleibenden Kapazit\u00e4t der Batterien (4 Stufen).<br style=\"margin: 0px;padding: 0px\">Kompatibel mit wiederaufladbaren RC03\/AAA 1,2V Akkus (nicht im Lieferumfang enthalten).<\/td>\n<\/tr>\n<tr style=\"margin: 0px;padding: 0px;background-color: #f0f0f0\">\n<td style=\"margin: 0px;padding: 10px 20px;border-top: none transparent;border-right-color: transparent;border-bottom-color: transparent;border-left-color: transparent\">Verwendung<\/td>\n<td style=\"margin: 0px;padding: 10px 20px;border-top: none transparent;border-right-color: transparent;border-bottom-color: transparent;border-left-color: transparent\">Eisenbahnnetze &#8211; Stromnetze &#8211; Telekommunikation &#8211; Industrielle Instandhaltung &#8211; Hoch- und Tiefbau &#8211; Handwerker (Klempner, Elektriker &#8230;) &#8230;<br style=\"margin: 0px;padding: 0px\"><br style=\"margin: 0px;padding: 0px\">Wird mit Hilfe des elastischen Kopfbandes als &#8220;klassisches&#8221; Stirnband auf dem Kopf getragen.<br style=\"margin: 0px;padding: 0px\">Wird an jeden Helm mit einem 20x3mm-Stirnschlitz geklippt.<br style=\"margin: 0px;padding: 0px\">F\u00fcr andere Helme verwenden Sie die <a style=\"margin: 0px;padding: 0px;font-weight: bold;color: #f5aa44;background: none;border: none\" href=\"https:\/\/lagolight.com\/produit\/platine-clicas-pour-fixation-sur-casque\/\" target=\"_blank\" rel=\"noreferrer noopener\">CLICAS-Platine<\/a> von LAGO.<br style=\"margin: 0px;padding: 0px\">Wird an eine Tasche oder einen G\u00fcrtel geklippt.<br style=\"margin: 0px;padding: 0px\">Wird auf eine ebene Fl\u00e4che gelegt, wobei der Strahl um 180\u00b0 gedreht wird.<br style=\"margin: 0px;padding: 0px\">Wird wie eine Taschenlampe in der Hand gehalten.<br style=\"margin: 0px;padding: 0px\">Betriebstemperatur: -25\u00b0C \/ +50\u00b0C.<\/td>\n<\/tr>\n<tr style=\"margin: 0px;padding: 0px;background: #ffffff\">\n<td style=\"margin: 0px;padding: 10px 20px;border-top: none transparent;border-right-color: transparent;border-bottom-color: transparent;border-left-color: transparent\">Schutz &#8211; Sicherheit<\/td>\n<td style=\"margin: 0px;padding: 10px 20px;border-top: none transparent;border-right-color: transparent;border-bottom-color: transparent;border-left-color: transparent\">IP54: Wetterfest (Regen, Schnee &#8230;) und staubdicht.<br style=\"margin: 0px;padding: 0px\">Hohe Sto\u00df- und Quetschfestigkeit.<br style=\"margin: 0px;padding: 0px\">Anti-Fehlz\u00fcndungs-System mit Ein\/Aus-Sperre.<br style=\"margin: 0px;padding: 0px\">Elektronischer Schutz der LEDs (bei Verwechslung der Polarit\u00e4t).<br style=\"margin: 0px;padding: 0px\">Unverlierbarer Batteriedeckel f\u00fcr einen einfachen und schnellen Batteriewechsel.<br style=\"margin: 0px;padding: 0px\">Photobiologisches Risiko: Gruppe 2 \/ m\u00e4\u00dfiges Risiko bei fokussiertem Strahl mit maximaler Leistung; kein Risiko bei einem Abstand von 2 Metern; Gruppe 1 \/ geringes Risiko in anderen Modi &#8211; Norm NF EN 62471 (CSTB-Messungen).<\/td>\n<\/tr>\n<tr style=\"margin: 0px;padding: 0px;background-color: #f0f0f0\">\n<td style=\"margin: 0px;padding: 10px 20px;border-top: none transparent;border-right-color: transparent;border-bottom-color: transparent;border-left-color: transparent\">Materialien<\/td>\n<td style=\"margin: 0px;padding: 10px 20px;border-top: none transparent;border-right-color: transparent;border-bottom-color: transparent;border-left-color: transparent\">Geh\u00e4use aus Polyamid, best\u00e4ndig gegen Spritzer von Kohlenwasserstoffen, \u00d6len und korrosiven Fl\u00fcssigkeiten.<br style=\"margin: 0px;padding: 0px\">Glasscheibe aus Polycarbonat mit hoher optischer Qualit\u00e4t und Schutzbeschichtung aus Polyurethangummi.<br style=\"margin: 0px;padding: 0px\">Kontakte aus rostfreiem Stahl. Reinigung der Lampe durch Absp\u00fclen mit klarem Wasser und Trocknen.<br style=\"margin: 0px;padding: 0px\">Verstellbares, hypoallergenes Kopfband, waschbar bei 30\u00b0C. <\/td>\n<\/tr>\n<tr style=\"margin: 0px;padding: 0px;background: #ffffff\">\n<td style=\"margin: 0px;padding: 10px 20px;border-top: none transparent;border-right-color: transparent;border-bottom-color: transparent;border-left-color: transparent\">Eigenschaften &#8211; Abmessungen<\/td>\n<td style=\"margin: 0px;padding: 10px 20px;border-top: none transparent;border-right-color: transparent;border-bottom-color: transparent;border-left-color: transparent\">Extrem geringes Gewicht: 94 Gramm, einschlie\u00dflich Batterien und Kopfband.<br style=\"margin: 0px;padding: 0px\">Abmessungen: 62x35x48mm.<br style=\"margin: 0px;padding: 0px\">Geh\u00e4usefarbe: grau.<br style=\"margin: 0px;padding: 0px\">Auf Wunsch individuell gestaltbar (Markierung, Farbe, Kopfband &#8230;).<\/td>\n<\/tr>\n<tr style=\"margin: 0px;padding: 0px;background-color: #f0f0f0\">\n<td style=\"margin: 0px;padding: 10px 20px;border-top: none transparent;border-right-color: transparent;border-bottom-color: transparent;border-left-color: transparent\">Optionales Zubeh\u00f6r<\/td>\n<td style=\"margin: 0px;padding: 10px 20px;border-top: none transparent;border-right-color: transparent;border-bottom-color: transparent;border-left-color: transparent\">Set mit 4 Haken zur Befestigung am Helm (Ref. <a style=\"margin: 0px;padding: 0px;font-weight: bold;color: #f5aa44;background: none;border: none\" href=\"https:\/\/lagolight.com\/produit\/crochets-crobase-pour-fixation-sur-casque\/\" target=\"_blank\" rel=\"noreferrer noopener\">CROBASE<\/a>).<br style=\"margin: 0px;padding: 0px\">Platine zur Befestigung am Helm (Ref. <a style=\"margin: 0px;padding: 0px;font-weight: bold;color: #f5aa44;background: none;border: none\" href=\"https:\/\/lagolight.com\/produit\/platine-clicas-pour-fixation-sur-casque\/\" target=\"_blank\" rel=\"noreferrer noopener\">CLICAS<\/a>); Platine mit l\u00f6sungsmittelfreiem Klebstoff, kompatibel mit allen Helmtypen.<\/td>\n<\/tr>\n<tr style=\"margin: 0px;padding: 0px;background: #ffffff\">\n<td style=\"margin: 0px;padding: 10px 20px;border-top: none transparent;border-right-color: transparent;border-bottom-color: transparent;border-left-color: transparent\">Garantie<\/td>\n<td style=\"margin: 0px;padding: 10px 20px;border-top: none transparent;border-right-color: transparent;border-bottom-color: transparent;border-left-color: transparent\">Garantie: 5 Jahre.<br style=\"margin: 0px;padding: 0px\">Das Produkt wurde in der Produktion und vor der Verpackung einzeln getestet.<\/td>\n<\/tr>\n<\/tbody>\n<\/table>\n<p style=\"margin: 0px 0px 1.4em;padding: 0px;line-height: 1.6;color: #2f2f2f;font-family: muli, sans-serif;font-size: 18px;background-color: #ffffff\">* Messungen nach ANSI FL1 Standard<\/p>\n","protected":false},"excerpt":{"rendered":"<p><span style=\"color: #000000;font-family: Roboto, Helvetica, 'Helvetica Neue', Arial, sans-serif;font-size: 14px;background-color: #ffffff\">Ein komfortables Stirnst\u00fctzensystem und eine hohe Lichtleistung &#8211; die Stirnlampe BXR3.0 f\u00fcr den intensiven Gebrauch.  <\/span><\/p>\n<p><span style=\"color: #000000;font-family: Roboto, Helvetica, 'Helvetica Neue', Arial, sans-serif;font-size: 14px;background-color: #ffffff\">Vollst\u00e4ndig in FRANKREICH entworfen und hergestellt.<\/span><\/p>\n<p><img decoding=\"async\" src=\"https:\/\/www.auvieuxcampeur.fr\/media\/pictos\/made-in-france-1636716009.jpg\" alt=\"Franz\u00f6sische Herstellung\"><\/p>\n","protected":false},"featured_media":8991,"comment_status":"open","ping_status":"closed","template":"","meta":[],"product_brand":[],"product_cat":[447],"product_tag":[],"marque":[],"class_list":{"0":"post-4729","1":"product","2":"type-product","3":"status-publish","4":"has-post-thumbnail","6":"product_cat-zubehor-draussen","7":"product_shipping_class-shipping-de","9":"first","10":"instock","11":"taxable","12":"shipping-taxable","13":"purchasable","14":"product-type-simple"},"aioseo_notices":[],"_links":{"self":[{"href":"https:\/\/tmandoutdoor.com\/de\/wp-json\/wp\/v2\/product\/4729","targetHints":{"allow":["GET"]}}],"collection":[{"href":"https:\/\/tmandoutdoor.com\/de\/wp-json\/wp\/v2\/product"}],"about":[{"href":"https:\/\/tmandoutdoor.com\/de\/wp-json\/wp\/v2\/types\/product"}],"replies":[{"embeddable":true,"href":"https:\/\/tmandoutdoor.com\/de\/wp-json\/wp\/v2\/comments?post=4729"}],"wp:featuredmedia":[{"embeddable":true,"href":"https:\/\/tmandoutdoor.com\/de\/wp-json\/wp\/v2\/media\/8991"}],"wp:attachment":[{"href":"https:\/\/tmandoutdoor.com\/de\/wp-json\/wp\/v2\/media?parent=4729"}],"wp:term":[{"taxonomy":"product_brand","embeddable":true,"href":"https:\/\/tmandoutdoor.com\/de\/wp-json\/wp\/v2\/product_brand?post=4729"},{"taxonomy":"product_cat","embeddable":true,"href":"https:\/\/tmandoutdoor.com\/de\/wp-json\/wp\/v2\/product_cat?post=4729"},{"taxonomy":"product_tag","embeddable":true,"href":"https:\/\/tmandoutdoor.com\/de\/wp-json\/wp\/v2\/product_tag?post=4729"},{"taxonomy":"marque","embeddable":true,"href":"https:\/\/tmandoutdoor.com\/de\/wp-json\/wp\/v2\/marque?post=4729"}],"curies":[{"name":"wp","href":"https:\/\/api.w.org\/{rel}","templated":true}]}}