{"id":4613,"date":"2023-11-20T17:21:22","date_gmt":"2023-11-20T16:21:22","guid":{"rendered":"https:\/\/tmandoutdoor.com\/produit\/rucksack-first-division-25l-camouflage\/"},"modified":"2023-11-20T17:21:22","modified_gmt":"2023-11-20T16:21:22","slug":"rucksack-first-division-25l-camouflage","status":"publish","type":"product","link":"https:\/\/tmandoutdoor.com\/de\/produkt\/rucksack-first-division-25l-camouflage\/","title":{"rendered":"Rucksack First Division 25L (Camouflage)"},"content":{"rendered":"<ul style=\"margin:0px 0px 9px 20px;padding:0px 0px 0px 15px;border:0px;font-family:Arial, Helvetica, sans-serif;line-height:inherit;font-size:13px;vertical-align:baseline;color:#484848;\">\n<li style=\"margin:0px;padding:0px;border:0px;font-family:inherit;font-style:inherit;line-height:inherit;vertical-align:baseline;\">  2 Haupttaschen<\/li>\n<li style=\"margin:0px;padding:0px;border:0px;font-family:inherit;font-style:inherit;line-height:inherit;vertical-align:baseline;\">  2 Taschen mit MOLLE-System<\/li>\n<li style=\"margin:0px;padding:0px;border:0px;font-family:inherit;font-style:inherit;line-height:inherit;vertical-align:baseline;\">  Tasche f\u00fcr Trinksystem<\/li>\n<li style=\"margin:0px;padding:0px;border:0px;font-family:inherit;font-style:inherit;line-height:inherit;vertical-align:baseline;\">  Bel\u00fcftungssystem im R\u00fcckenbereich<\/li>\n<li style=\"margin:0px;padding:0px;border:0px;font-family:inherit;font-style:inherit;line-height:inherit;vertical-align:baseline;\">  Verst\u00e4rkte Griffe<\/li>\n<li style=\"margin:0px;padding:0px;border:0px;font-family:inherit;font-style:inherit;line-height:inherit;vertical-align:baseline;\">  Gepolsterte Tr\u00e4ger<\/li>\n<li style=\"margin:0px;padding:0px;border:0px;font-family:inherit;font-style:inherit;line-height:inherit;vertical-align:baseline;\">  Bauchgurt<\/li>\n<li style=\"margin:0px;padding:0px;border:0px;font-family:inherit;font-style:inherit;line-height:inherit;vertical-align:baseline;\">  R\u00fcckholgurt f\u00fcr die Last<\/li>\n<li style=\"margin:0px;padding:0px;border:0px;font-family:inherit;font-style:inherit;line-height:inherit;vertical-align:baseline;\">  Kompressionsriemen<\/li>\n<li style=\"margin:0px;padding:0px;border:0px;font-family:inherit;font-style:inherit;line-height:inherit;vertical-align:baseline;\">  Aufbewahrungstaschen in jedem Fach<\/li>\n<li style=\"margin:0px;padding:0px;border:0px;font-family:inherit;font-style:inherit;line-height:inherit;vertical-align:baseline;\">  Klettstreifen<\/li>\n<\/ul>\n","protected":false},"excerpt":{"rendered":"<p>Vielseitiger 25-Liter-Rucksack mit mehreren Taschen.  <\/p>\n<p>Ideal f\u00fcr eine 24-st\u00fcndige Wanderung in der Natur oder als Tragetasche f\u00fcr den Alltag.<\/p>\n","protected":false},"featured_media":8691,"comment_status":"open","ping_status":"closed","template":"","meta":[],"product_brand":[],"product_cat":[427,278],"product_tag":[],"marque":[],"class_list":{"0":"post-4613","1":"product","2":"type-product","3":"status-publish","4":"has-post-thumbnail","6":"product_cat-rucksack","7":"product_cat-taschen","8":"product_shipping_class-shipping-de","10":"first","11":"instock","12":"taxable","13":"shipping-taxable","14":"purchasable","15":"product-type-simple"},"aioseo_notices":[],"_links":{"self":[{"href":"https:\/\/tmandoutdoor.com\/de\/wp-json\/wp\/v2\/product\/4613","targetHints":{"allow":["GET"]}}],"collection":[{"href":"https:\/\/tmandoutdoor.com\/de\/wp-json\/wp\/v2\/product"}],"about":[{"href":"https:\/\/tmandoutdoor.com\/de\/wp-json\/wp\/v2\/types\/product"}],"replies":[{"embeddable":true,"href":"https:\/\/tmandoutdoor.com\/de\/wp-json\/wp\/v2\/comments?post=4613"}],"wp:featuredmedia":[{"embeddable":true,"href":"https:\/\/tmandoutdoor.com\/de\/wp-json\/wp\/v2\/media\/8691"}],"wp:attachment":[{"href":"https:\/\/tmandoutdoor.com\/de\/wp-json\/wp\/v2\/media?parent=4613"}],"wp:term":[{"taxonomy":"product_brand","embeddable":true,"href":"https:\/\/tmandoutdoor.com\/de\/wp-json\/wp\/v2\/product_brand?post=4613"},{"taxonomy":"product_cat","embeddable":true,"href":"https:\/\/tmandoutdoor.com\/de\/wp-json\/wp\/v2\/product_cat?post=4613"},{"taxonomy":"product_tag","embeddable":true,"href":"https:\/\/tmandoutdoor.com\/de\/wp-json\/wp\/v2\/product_tag?post=4613"},{"taxonomy":"marque","embeddable":true,"href":"https:\/\/tmandoutdoor.com\/de\/wp-json\/wp\/v2\/marque?post=4613"}],"curies":[{"name":"wp","href":"https:\/\/api.w.org\/{rel}","templated":true}]}}