{"id":4261,"date":"2023-11-20T17:21:54","date_gmt":"2023-11-20T16:21:54","guid":{"rendered":"https:\/\/tmandoutdoor.com\/produit\/jersey-pullover-offizier-national-marine-merinowolle\/"},"modified":"2023-11-20T17:21:54","modified_gmt":"2023-11-20T16:21:54","slug":"jersey-pullover-offizier-national-marine-merinowolle","status":"publish","type":"product","link":"https:\/\/tmandoutdoor.com\/de\/produkt\/jersey-pullover-offizier-national-marine-merinowolle\/","title":{"rendered":"Jersey-Pullover Offizier National Marine (Merinowolle)"},"content":{"rendered":"<div class=\"wpb_single_image wpb_content_element vc_align_left\">\n<div class=\"vc_single_image-wrapper vc_box_border_grey\">\n<p>Verst\u00e4rkungen an den Schultern, Eins\u00e4tze an den Ellbogen und eine Stifttasche am Arm.<\/p>\n<p>Zusammensetzung: 50% Merinowolle \/ 50% Dralon\u00ae-Acryl<\/p>\n<\/div>\n<div class=\"vc_single_image-wrapper vc_box_border_grey\"><\/div>\n<div class=\"vc_single_image-wrapper vc_box_border_grey\"><strong>Zu 100% in Europa hergestellt :<\/strong> <\/div>\n<div class=\"vc_single_image-wrapper vc_box_border_grey\"><\/div>\n<div class=\"vc_single_image-wrapper vc_box_border_grey\">Gestaltung (Frankreich)<\/div>\n<div class=\"vc_single_image-wrapper vc_box_border_grey\">Merinowolle (Italien)<\/div>\n<div class=\"vc_single_image-wrapper vc_box_border_grey\">Dralon\u00ae-Acryl (Deutschland)<\/div>\n<div class=\"vc_single_image-wrapper vc_box_border_grey\">Herstellung (Portugal)<\/div>\n<div class=\"vc_single_image-wrapper vc_box_border_grey\"><\/div>\n<div class=\"vc_single_image-wrapper vc_box_border_grey\"><\/div>\n<div class=\"vc_single_image-wrapper vc_box_border_grey\"><img decoding=\"async\" class=\"vc_single_image-img\" src=\"http:\/\/www.filivivi.it\/wp-content\/uploads\/2017\/06\/dralon-220x100.jpg\" width=\"220\" height=\"100\" alt=\"dralon\" title=\"dralon\"><\/div>\n<\/div>\n<div class=\"wpb_text_column wpb_content_element\">\n<div class=\"wpb_wrapper\">\n<p>Dralon\u00ae ist der Name der Acrylfaser, die 1954 in Deutschland von Bayer im Werk Domagen entwickelt wurde und seit 1983 ebenfalls in Lingen hergestellt wird. 2001 wurde die Marke in ein eigenes Unternehmen umgewandelt: Die Dralon GmbH entstand, ein weltweit f\u00fchrender Anbieter von Acrylfasern f\u00fcr Strickwaren: <strong>Synonyme f\u00fcr Formbest\u00e4ndigkeit, Zuverl\u00e4ssigkeit und hohe Leistung<\/strong>.<\/p>\n<\/div>\n<\/div>\n","protected":false},"excerpt":{"rendered":"<p>Jersey-Pullover Typ Offizier National Navy<\/p>\n<p>Die Kombination aus Merinowolle und Dralon\u00ae-Acryl sorgt f\u00fcr: Weichheit und Robustheit, Zartheit und Haltbarkeit.<\/p>\n<p><strong>Oeko-Tex\u00ae 100-Zertifizierung*.<\/strong><\/p>\n<p><strong>100% europ\u00e4ische Herstellung*.<\/strong><\/p>\n","protected":false},"featured_media":8109,"comment_status":"open","ping_status":"closed","template":"","meta":[],"product_brand":[],"product_cat":[915,446,282,248],"product_tag":[],"marque":[],"class_list":{"0":"post-4261","1":"product","2":"type-product","3":"status-publish","4":"has-post-thumbnail","6":"product_cat-black-friday-de","7":"product_cat-hoch","8":"product_cat-mann","9":"product_cat-werbeaktionen","10":"product_shipping_class-shipping-de","12":"first","13":"instock","14":"sale","15":"taxable","16":"shipping-taxable","17":"purchasable","18":"product-type-variable"},"aioseo_notices":[],"_links":{"self":[{"href":"https:\/\/tmandoutdoor.com\/de\/wp-json\/wp\/v2\/product\/4261","targetHints":{"allow":["GET"]}}],"collection":[{"href":"https:\/\/tmandoutdoor.com\/de\/wp-json\/wp\/v2\/product"}],"about":[{"href":"https:\/\/tmandoutdoor.com\/de\/wp-json\/wp\/v2\/types\/product"}],"replies":[{"embeddable":true,"href":"https:\/\/tmandoutdoor.com\/de\/wp-json\/wp\/v2\/comments?post=4261"}],"wp:featuredmedia":[{"embeddable":true,"href":"https:\/\/tmandoutdoor.com\/de\/wp-json\/wp\/v2\/media\/8109"}],"wp:attachment":[{"href":"https:\/\/tmandoutdoor.com\/de\/wp-json\/wp\/v2\/media?parent=4261"}],"wp:term":[{"taxonomy":"product_brand","embeddable":true,"href":"https:\/\/tmandoutdoor.com\/de\/wp-json\/wp\/v2\/product_brand?post=4261"},{"taxonomy":"product_cat","embeddable":true,"href":"https:\/\/tmandoutdoor.com\/de\/wp-json\/wp\/v2\/product_cat?post=4261"},{"taxonomy":"product_tag","embeddable":true,"href":"https:\/\/tmandoutdoor.com\/de\/wp-json\/wp\/v2\/product_tag?post=4261"},{"taxonomy":"marque","embeddable":true,"href":"https:\/\/tmandoutdoor.com\/de\/wp-json\/wp\/v2\/marque?post=4261"}],"curies":[{"name":"wp","href":"https:\/\/api.w.org\/{rel}","templated":true}]}}