{"id":41537,"date":"2026-04-13T16:19:44","date_gmt":"2026-04-13T14:19:44","guid":{"rendered":"https:\/\/tmandoutdoor.com\/produit\/rucksack-35l-duty-khaki\/"},"modified":"2026-04-13T16:19:44","modified_gmt":"2026-04-13T14:19:44","slug":"rucksack-35l-duty-khaki","status":"publish","type":"product","link":"https:\/\/tmandoutdoor.com\/de\/produkt\/rucksack-35l-duty-khaki\/","title":{"rendered":"RUCKSACK 35L DUTY (khaki)"},"content":{"rendered":"<p>Rucksack f\u00fcr Outdoor-, Sport- und Alltagsaktivit\u00e4ten.<br \/>\nHauptfach mit Tablet-Unterfach.<br \/>\nZahlreiche Front- und Seitentaschen f\u00fcr Kleinmaterial.<br \/>\nSeitliche Kompressionsriemen<br \/>\nErgonomische Schultergurte und atmungsaktiver Mesh-R\u00fccken.<br \/>\nTragegriff.<\/p>\n","protected":false},"excerpt":{"rendered":"<p>Rucksack f\u00fcr Outdoor-, Sport- und Alltagsaktivit\u00e4ten. Hauptfach mit Tablet-Unterfach. Zahlreiche Front- und Seitentaschen f\u00fcr Kleinmaterial. Seitliche Kompressionsriemen Ergonomische Schultergurte und atmungsaktiver Mesh-R\u00fccken. Tragegriff.<\/p>\n","protected":false},"featured_media":41525,"comment_status":"closed","ping_status":"closed","template":"","meta":[],"product_brand":[],"product_cat":[427,418],"product_tag":[],"marque":[],"class_list":{"0":"post-41537","1":"product","2":"type-product","3":"status-publish","4":"has-post-thumbnail","6":"product_cat-rucksack","7":"product_cat-was-ist-neu","8":"product_shipping_class-shipping-de","10":"first","11":"instock","12":"taxable","13":"shipping-taxable","14":"purchasable","15":"product-type-simple"},"aioseo_notices":[],"_links":{"self":[{"href":"https:\/\/tmandoutdoor.com\/de\/wp-json\/wp\/v2\/product\/41537","targetHints":{"allow":["GET"]}}],"collection":[{"href":"https:\/\/tmandoutdoor.com\/de\/wp-json\/wp\/v2\/product"}],"about":[{"href":"https:\/\/tmandoutdoor.com\/de\/wp-json\/wp\/v2\/types\/product"}],"replies":[{"embeddable":true,"href":"https:\/\/tmandoutdoor.com\/de\/wp-json\/wp\/v2\/comments?post=41537"}],"wp:featuredmedia":[{"embeddable":true,"href":"https:\/\/tmandoutdoor.com\/de\/wp-json\/wp\/v2\/media\/41525"}],"wp:attachment":[{"href":"https:\/\/tmandoutdoor.com\/de\/wp-json\/wp\/v2\/media?parent=41537"}],"wp:term":[{"taxonomy":"product_brand","embeddable":true,"href":"https:\/\/tmandoutdoor.com\/de\/wp-json\/wp\/v2\/product_brand?post=41537"},{"taxonomy":"product_cat","embeddable":true,"href":"https:\/\/tmandoutdoor.com\/de\/wp-json\/wp\/v2\/product_cat?post=41537"},{"taxonomy":"product_tag","embeddable":true,"href":"https:\/\/tmandoutdoor.com\/de\/wp-json\/wp\/v2\/product_tag?post=41537"},{"taxonomy":"marque","embeddable":true,"href":"https:\/\/tmandoutdoor.com\/de\/wp-json\/wp\/v2\/marque?post=41537"}],"curies":[{"name":"wp","href":"https:\/\/api.w.org\/{rel}","templated":true}]}}