{"id":4107,"date":"2023-11-20T17:22:47","date_gmt":"2023-11-20T16:22:47","guid":{"rendered":"https:\/\/tmandoutdoor.com\/produit\/army-cap-navy\/"},"modified":"2025-07-15T22:32:47","modified_gmt":"2025-07-15T20:32:47","slug":"army-cap-navy","status":"publish","type":"product","link":"https:\/\/tmandoutdoor.com\/de\/produkt\/army-cap-navy\/","title":{"rendered":"Army Cap (navy)"},"content":{"rendered":"<ul style=\"list-style-type: none; margin-top: 0px; margin-bottom: 7px; padding-left: 0px; color: #4d4d4d; font-family: arial; font-size: 14px; background-color: #ffffff;\">\n<li style=\"list-style: none; padding: 8px; font-size: 12px; background-color: #f2f2f2;\">Baumwolle rip-stop<\/li>\n<li style=\"list-style: none; padding: 8px; font-size: 12px;\">Milit\u00e4rischer Schnitt<\/li>\n<li style=\"list-style: none; padding: 8px; font-size: 12px; background-color: #f2f2f2;\">Klettverschluss<\/li>\n<li style=\"list-style: none; padding: 8px; font-size: 12px;\">Stirnband aus Baumwolle<\/li>\n<li style=\"list-style: none; padding: 8px; font-size: 12px; background-color: #f2f2f2;\">Verwaschener Look<\/li>\n<li style=\"list-style: none; padding: 8px; font-size: 12px;\">Destrukturierte Frontplatte mit Metall\u00f6sen<\/li>\n<li style=\"list-style: none; padding: 8px; font-size: 12px; background-color: #f2f2f2;\">Vorgekr\u00fcmmtes Visier<\/li>\n<li style=\"list-style: none; padding: 8px; font-size: 12px;\">4 N\u00e4hte auf dem Visier<\/li>\n<li style=\"list-style: none; padding: 8px; font-size: 12px; background-color: #f2f2f2;\">Rand am Visier<\/li>\n<li style=\"list-style: none; padding: 8px; font-size: 12px;\">Innenfutter<\/li>\n<li style=\"list-style: none; padding: 8px; font-size: 12px;\">\n<table class=\"attributes table table-striped table-hover\" style=\"border-collapse: collapse; border-spacing: 0px; width: 604.328px; max-width: 100%; margin-bottom: 14px;\">\n<tbody>\n<tr>\n<th style=\"padding: 8px; text-align: left; line-height: 1.2em; vertical-align: top; border-top: 0px;\">Materialien<\/th>\n<td style=\"padding: 8px; line-height: 1.2em; vertical-align: top; border-top: 0px;\">Ripstop<\/td>\n<\/tr>\n<tr style=\"background-color: #f9f9f9;\">\n<th style=\"padding: 8px; text-align: left; line-height: 1.2em; vertical-align: top; border-top: 0px;\">Zusammensetzung<\/th>\n<td style=\"padding: 8px; line-height: 1.2em; vertical-align: top; border-top: 0px;\">100% Baumwolle<\/td>\n<\/tr>\n<tr>\n<th style=\"padding: 8px; text-align: left; line-height: 1.2em; vertical-align: top; border-top: 0px;\"><\/th>\n<td style=\"padding: 8px; line-height: 1.2em; vertical-align: top; border-top: 0px;\"><\/td>\n<\/tr>\n<tr style=\"background-color: #f9f9f9;\">\n<th style=\"padding: 8px; text-align: left; line-height: 1.2em; vertical-align: top; border-top: 0px;\">Waschanleitung<\/th>\n<td style=\"padding: 8px; line-height: 1.2em; vertical-align: top; border-top: 0px;\">Handwaschbar<\/td>\n<\/tr>\n<tr>\n<th style=\"padding: 8px; text-align: left; line-height: 1.2em; vertical-align: top; border-top: 0px;\">Kappen (Eigenschaften)<\/th>\n<td style=\"padding: 8px; line-height: 1.2em; vertical-align: top; border-top: 0px;\">Kunststoffschild<br \/>\nGebogenes Schild<\/td>\n<\/tr>\n<tr style=\"background-color: #f9f9f9;\">\n<th style=\"padding: 8px; text-align: left; line-height: 1.2em; vertical-align: top; border-top: 0px;\"><\/th>\n<td style=\"padding: 8px; line-height: 1.2em; vertical-align: top; border-top: 0px;\"><\/td>\n<\/tr>\n<tr>\n<th style=\"padding: 8px; text-align: left; line-height: 1.2em; vertical-align: top; border-top: 0px;\">M\u00fctzen (Verschluss)<\/th>\n<td style=\"padding: 8px; line-height: 1.2em; vertical-align: top; border-top: 0px;\">Klettverschluss<\/td>\n<\/tr>\n<\/tbody>\n<\/table>\n<\/li>\n<\/ul>\n","protected":false},"excerpt":{"rendered":"<p>Diese l\u00e4ssige Kappe im Milit\u00e4rstil eignet sich perfekt f\u00fcr den Einsatz in der Stadt und bei Outdoor-Aktivit\u00e4ten.<\/p>\n<p>Einheitsgr\u00f6\u00dfe verstellbar<\/p>\n","protected":false},"featured_media":7719,"comment_status":"open","ping_status":"closed","template":"","meta":[],"product_brand":[],"product_cat":[280],"product_tag":[],"marque":[],"class_list":{"0":"post-4107","1":"product","2":"type-product","3":"status-publish","4":"has-post-thumbnail","6":"product_cat-zubehoer","7":"product_shipping_class-shipping-de","9":"first","10":"instock","11":"taxable","12":"shipping-taxable","13":"purchasable","14":"product-type-simple"},"aioseo_notices":[],"_links":{"self":[{"href":"https:\/\/tmandoutdoor.com\/de\/wp-json\/wp\/v2\/product\/4107","targetHints":{"allow":["GET"]}}],"collection":[{"href":"https:\/\/tmandoutdoor.com\/de\/wp-json\/wp\/v2\/product"}],"about":[{"href":"https:\/\/tmandoutdoor.com\/de\/wp-json\/wp\/v2\/types\/product"}],"replies":[{"embeddable":true,"href":"https:\/\/tmandoutdoor.com\/de\/wp-json\/wp\/v2\/comments?post=4107"}],"wp:featuredmedia":[{"embeddable":true,"href":"https:\/\/tmandoutdoor.com\/de\/wp-json\/wp\/v2\/media\/7719"}],"wp:attachment":[{"href":"https:\/\/tmandoutdoor.com\/de\/wp-json\/wp\/v2\/media?parent=4107"}],"wp:term":[{"taxonomy":"product_brand","embeddable":true,"href":"https:\/\/tmandoutdoor.com\/de\/wp-json\/wp\/v2\/product_brand?post=4107"},{"taxonomy":"product_cat","embeddable":true,"href":"https:\/\/tmandoutdoor.com\/de\/wp-json\/wp\/v2\/product_cat?post=4107"},{"taxonomy":"product_tag","embeddable":true,"href":"https:\/\/tmandoutdoor.com\/de\/wp-json\/wp\/v2\/product_tag?post=4107"},{"taxonomy":"marque","embeddable":true,"href":"https:\/\/tmandoutdoor.com\/de\/wp-json\/wp\/v2\/marque?post=4107"}],"curies":[{"name":"wp","href":"https:\/\/api.w.org\/{rel}","templated":true}]}}