{"id":40994,"date":"2026-04-03T17:00:46","date_gmt":"2026-04-03T15:00:46","guid":{"rendered":"https:\/\/tmandoutdoor.com\/produit\/trex-rucksack-60l-khaki\/"},"modified":"2026-04-03T17:00:46","modified_gmt":"2026-04-03T15:00:46","slug":"trex-rucksack-60l-khaki","status":"publish","type":"product","link":"https:\/\/tmandoutdoor.com\/de\/produkt\/trex-rucksack-60l-khaki\/","title":{"rendered":"TREX RUCKSACK 60L (khaki)"},"content":{"rendered":"<p>Entwickelt f\u00fcr Trekking.<br \/>\nDas gro\u00dfe, vollst\u00e4ndig zu \u00f6ffnende Hauptfach verf\u00fcgt \u00fcber mehrere Innenf\u00e4cher.<br \/>\nDie kompakten Seitentaschen mit Balg bieten ein gro\u00dfes Fassungsverm\u00f6gen, w\u00e4hrend sie gleichzeitig das Packma\u00df des Rucksacks begrenzen. So kommen Sie schlank und bequem \u00fcberall hin.<br \/>\n1 Gro\u00dfe Fronttasche mit Innenf\u00e4chern<br \/>\n1 Kleine, leicht zug\u00e4ngliche Tasche auf der Vorderseite<br \/>\n1 gepolsterte Tasche oben f\u00fcr empfindliche oder zerbrechliche Gegenst\u00e4nde<br \/>\nRinge f\u00fcr Karabinerhaken<br \/>\n2 Eispickelhalter<br \/>\nSeitliche Kompressionsriemen<br \/>\nBel\u00fcfteter R\u00fccken<br \/>\nErgonomische Schultergurte<br \/>\nWasserablauf\u00f6sen<br \/>\nIdentifikations-Patchhalter<br \/>\nLEERGEWICHT: 1.4KG<br \/>\nPOLYESTER 600D mit PVC-Beschichtung<br \/>\nHauptfach: 58x36x26cm<br \/>\nZusammensetzung: Polyester 600D mit PVC-Beschichtung.<br \/>\nAbmessungen: Hauptfach 58x36x26cm.<br \/>\nGewicht: 1.4kg<\/p>\n","protected":false},"excerpt":{"rendered":"<p>Entwickelt f\u00fcr Trekking. Das gro\u00dfe, vollst\u00e4ndig zu \u00f6ffnende Hauptfach verf\u00fcgt \u00fcber mehrere Innenf\u00e4cher. Die kompakten Seitentaschen mit Balg bieten ein gro\u00dfes Fassungsverm\u00f6gen, w\u00e4hrend sie gleichzeitig das Packma\u00df des Rucksacks begrenzen. So kommen Sie schlank und bequem \u00fcberall hin. 1 Gro\u00dfe Fronttasche mit Innenf\u00e4chern 1 Kleine, leicht zug\u00e4ngliche Tasche auf der Vorderseite 1 gepolsterte Tasche oben&hellip;<\/p>\n","protected":false},"featured_media":40969,"comment_status":"open","ping_status":"closed","template":"","meta":[],"product_brand":[],"product_cat":[427,418],"product_tag":[2087],"marque":[2082],"class_list":{"0":"post-40994","1":"product","2":"type-product","3":"status-publish","4":"has-post-thumbnail","6":"product_cat-rucksack","7":"product_cat-was-ist-neu","8":"product_tag-ares","9":"product_shipping_class-shipping-de","10":"marque-ares-god-of-war","12":"first","13":"instock","14":"taxable","15":"shipping-taxable","16":"purchasable","17":"product-type-simple"},"aioseo_notices":[],"_links":{"self":[{"href":"https:\/\/tmandoutdoor.com\/de\/wp-json\/wp\/v2\/product\/40994","targetHints":{"allow":["GET"]}}],"collection":[{"href":"https:\/\/tmandoutdoor.com\/de\/wp-json\/wp\/v2\/product"}],"about":[{"href":"https:\/\/tmandoutdoor.com\/de\/wp-json\/wp\/v2\/types\/product"}],"replies":[{"embeddable":true,"href":"https:\/\/tmandoutdoor.com\/de\/wp-json\/wp\/v2\/comments?post=40994"}],"wp:featuredmedia":[{"embeddable":true,"href":"https:\/\/tmandoutdoor.com\/de\/wp-json\/wp\/v2\/media\/40969"}],"wp:attachment":[{"href":"https:\/\/tmandoutdoor.com\/de\/wp-json\/wp\/v2\/media?parent=40994"}],"wp:term":[{"taxonomy":"product_brand","embeddable":true,"href":"https:\/\/tmandoutdoor.com\/de\/wp-json\/wp\/v2\/product_brand?post=40994"},{"taxonomy":"product_cat","embeddable":true,"href":"https:\/\/tmandoutdoor.com\/de\/wp-json\/wp\/v2\/product_cat?post=40994"},{"taxonomy":"product_tag","embeddable":true,"href":"https:\/\/tmandoutdoor.com\/de\/wp-json\/wp\/v2\/product_tag?post=40994"},{"taxonomy":"marque","embeddable":true,"href":"https:\/\/tmandoutdoor.com\/de\/wp-json\/wp\/v2\/marque?post=40994"}],"curies":[{"name":"wp","href":"https:\/\/api.w.org\/{rel}","templated":true}]}}