{"id":40856,"date":"2026-04-03T14:57:01","date_gmt":"2026-04-03T12:57:01","guid":{"rendered":"https:\/\/tmandoutdoor.com\/produit\/rucksack-40l-baroud-boxnavy\/"},"modified":"2026-04-03T14:57:01","modified_gmt":"2026-04-03T12:57:01","slug":"rucksack-40l-baroud-boxnavy","status":"publish","type":"product","link":"https:\/\/tmandoutdoor.com\/de\/produkt\/rucksack-40l-baroud-boxnavy\/","title":{"rendered":"RUCKSACK 40L BAROUD BOX(navy)"},"content":{"rendered":"<p>Baroud-Rucksack, ideal f\u00fcr Outdoor-Aktivit\u00e4ten, bei denen ein robuster und praktischer Rucksack ben\u00f6tigt wird.<br \/>\nZwei gro\u00dfe Hauptf\u00e4cher mit Laptop-Unterfach<br \/>\nZwei Frontf\u00e4cher, eines mit Molle Lasercut-System, das andere mit Hartschale zum Schutz von empfindlichen Kleinteilen (Telefon, GPS, Brille, &#8230;)<br \/>\nVerst\u00e4rkte Griffe auf der oberen Ebene.<br \/>\nHalbstarre R\u00fcckentasche f\u00fcr weiche Trinkflasche oder Tablet mit Schnellzugriff.<br \/>\nSeitliche Kompressionsriemen.<br \/>\nBauchgurt<br \/>\nMaterial: Polyester 600D mit PVC-Beschichtung.<br \/>\nAbmessungen: Hauptfach 47X29X30cm.<br \/>\nGewicht: 1.2kg<\/p>\n","protected":false},"excerpt":{"rendered":"<p>Baroud-Rucksack, ideal f\u00fcr Outdoor-Aktivit\u00e4ten, bei denen ein robuster und praktischer Rucksack ben\u00f6tigt wird. Zwei gro\u00dfe Hauptf\u00e4cher mit Laptop-Unterfach Zwei Frontf\u00e4cher, eines mit Molle Lasercut-System, das andere mit Hartschale zum Schutz von empfindlichen Kleinteilen (Telefon, GPS, Brille, &#8230;) Verst\u00e4rkte Griffe auf der oberen Ebene. Halbstarre R\u00fcckentasche f\u00fcr weiche Trinkflasche oder Tablet mit Schnellzugriff. Seitliche Kompressionsriemen. Bauchgurt&hellip;<\/p>\n","protected":false},"featured_media":40800,"comment_status":"closed","ping_status":"closed","template":"","meta":[],"product_brand":[],"product_cat":[427,418],"product_tag":[],"marque":[2082],"class_list":{"0":"post-40856","1":"product","2":"type-product","3":"status-publish","4":"has-post-thumbnail","6":"product_cat-rucksack","7":"product_cat-was-ist-neu","8":"product_shipping_class-shipping-de","9":"marque-ares-god-of-war","11":"first","12":"instock","13":"taxable","14":"shipping-taxable","15":"purchasable","16":"product-type-simple"},"aioseo_notices":[],"_links":{"self":[{"href":"https:\/\/tmandoutdoor.com\/de\/wp-json\/wp\/v2\/product\/40856","targetHints":{"allow":["GET"]}}],"collection":[{"href":"https:\/\/tmandoutdoor.com\/de\/wp-json\/wp\/v2\/product"}],"about":[{"href":"https:\/\/tmandoutdoor.com\/de\/wp-json\/wp\/v2\/types\/product"}],"replies":[{"embeddable":true,"href":"https:\/\/tmandoutdoor.com\/de\/wp-json\/wp\/v2\/comments?post=40856"}],"wp:featuredmedia":[{"embeddable":true,"href":"https:\/\/tmandoutdoor.com\/de\/wp-json\/wp\/v2\/media\/40800"}],"wp:attachment":[{"href":"https:\/\/tmandoutdoor.com\/de\/wp-json\/wp\/v2\/media?parent=40856"}],"wp:term":[{"taxonomy":"product_brand","embeddable":true,"href":"https:\/\/tmandoutdoor.com\/de\/wp-json\/wp\/v2\/product_brand?post=40856"},{"taxonomy":"product_cat","embeddable":true,"href":"https:\/\/tmandoutdoor.com\/de\/wp-json\/wp\/v2\/product_cat?post=40856"},{"taxonomy":"product_tag","embeddable":true,"href":"https:\/\/tmandoutdoor.com\/de\/wp-json\/wp\/v2\/product_tag?post=40856"},{"taxonomy":"marque","embeddable":true,"href":"https:\/\/tmandoutdoor.com\/de\/wp-json\/wp\/v2\/marque?post=40856"}],"curies":[{"name":"wp","href":"https:\/\/api.w.org\/{rel}","templated":true}]}}